{"id":13139,"date":"2025-11-07T20:16:06","date_gmt":"2025-11-01T21:39:38","guid":{"rendered":"https:\/\/modesthanim.com\/product\/hakim-yaka-tunik\/"},"modified":"2026-04-02T22:03:35","modified_gmt":"2026-04-02T22:03:35","slug":"hakim-yaka-tunik","status":"publish","type":"product","link":"https:\/\/mod.wisdar.net\/tr\/urun\/hakim-yaka-tunik\/","title":{"rendered":"Hakim Yaka Tunik"},"content":{"rendered":"<p>G\u00fcnl\u00fck kombinlerden \u00f6zel davetlere kadar her an\u0131n\u0131za uyum sa\u011flayacak, \u015f\u0131k ve fonksiyonel bir par\u00e7a. Manken \u00fczerindeki beden: Small. \u00dcr\u00fcn \u00f6l\u00e7\u00fcleri: Sezon: Sonbahar &amp; K\u0131\u015f, Tarz: G\u00fcnl\u00fck Giyim, Kal\u0131p: Regular, Astar: Astars\u0131z, Kuma\u015f \u00d6zelli\u011fi: Dokuma, Kuma\u015f Deseni: D\u00fcz, Yaka: Hakim Yaka, Tunik Boy: 77cm.<\/p>\n","protected":false},"excerpt":{"rendered":"<p>G\u00fcnl\u00fck kombinlerden \u00f6zel davetlere kadar her an\u0131n\u0131za uyum sa\u011flayacak, \u015f\u0131k ve fonksiyonel bir par\u00e7a. Manken \u00fczerindeki beden: Small. \u00dcr\u00fcn \u00f6l\u00e7\u00fcleri: Sezon: Sonbahar &amp; K\u0131\u015f, Tarz: G\u00fcnl\u00fck Giyim, Kal\u0131p: Regular, Astar: Astars\u0131z, Kuma\u015f \u00d6zelli\u011fi: Dokuma, Kuma\u015f Deseni: D\u00fcz, Yaka: Hakim Yaka, Tunik Boy: 77cm.<\/p>\n","protected":false},"featured_media":0,"comment_status":"open","ping_status":"closed","template":"","meta":[],"product_brand":[],"product_cat":[1909],"product_tag":[3473,3476,3475,3474],"class_list":{"0":"post-13139","1":"product","2":"type-product","3":"status-publish","5":"product_cat-bluzlar-ve-gomlekler","6":"product_tag-gunluk-tunik-kadin","7":"product_tag-modern-tesettur-tunik","8":"product_tag-rahat-tunik-kadin","9":"product_tag-sik-tunik-modelleri","10":"pa_brand-setre-konfeksiyon-tekstil-kuyumculuk-saglik-urunleri-san-ve-tic-a-s","11":"pa_color-vizon","12":"pa_size-l","13":"pa_size-m","14":"pa_size-s","15":"pa_size-xl","17":"first","18":"outofstock","19":"shipping-taxable","20":"product-type-variable"},"_links":{"self":[{"href":"https:\/\/mod.wisdar.net\/tr\/wp-json\/wp\/v2\/product\/13139","targetHints":{"allow":["GET"]}}],"collection":[{"href":"https:\/\/mod.wisdar.net\/tr\/wp-json\/wp\/v2\/product"}],"about":[{"href":"https:\/\/mod.wisdar.net\/tr\/wp-json\/wp\/v2\/types\/product"}],"replies":[{"embeddable":true,"href":"https:\/\/mod.wisdar.net\/tr\/wp-json\/wp\/v2\/comments?post=13139"}],"wp:attachment":[{"href":"https:\/\/mod.wisdar.net\/tr\/wp-json\/wp\/v2\/media?parent=13139"}],"wp:term":[{"taxonomy":"product_brand","embeddable":true,"href":"https:\/\/mod.wisdar.net\/tr\/wp-json\/wp\/v2\/product_brand?post=13139"},{"taxonomy":"product_cat","embeddable":true,"href":"https:\/\/mod.wisdar.net\/tr\/wp-json\/wp\/v2\/product_cat?post=13139"},{"taxonomy":"product_tag","embeddable":true,"href":"https:\/\/mod.wisdar.net\/tr\/wp-json\/wp\/v2\/product_tag?post=13139"}],"curies":[{"name":"wp","href":"https:\/\/api.w.org\/{rel}","templated":true}]}}