{"id":131402,"date":"2026-02-20T07:31:15","date_gmt":"2026-02-20T07:31:15","guid":{"rendered":"https:\/\/modesthanim.com\/product\/armine-canta-noktali-25yd7361-kahverengi\/"},"modified":"2026-04-02T21:56:46","modified_gmt":"2026-04-02T21:56:46","slug":"armine-canta-noktali-25yd7361-kahverengi","status":"publish","type":"product","link":"https:\/\/mod.wisdar.net\/tr\/urun\/armine-canta-noktali-25yd7361-kahverengi\/","title":{"rendered":"Armine \u00c7anta Noktal\u0131 25YD7361 Kahverengi"},"content":{"rendered":"<p>BOY EN GEN\u0130\u015eL\u0130K 19,5 22,5 12,5<\/p>\n","protected":false},"excerpt":{"rendered":"<p>BOY EN GEN\u0130\u015eL\u0130K 19,5 22,5 12,5<\/p>\n","protected":false},"featured_media":131398,"comment_status":"open","ping_status":"closed","template":"","meta":[],"product_brand":[],"product_cat":[6960,6957],"product_tag":[],"class_list":{"0":"post-131402","1":"product","2":"type-product","3":"status-publish","4":"has-post-thumbnail","6":"product_cat-cantalar","7":"product_cat-cantalar-el-cantalari","8":"pa_brand-armine","9":"pa_color-kahverengi","11":"first","12":"outofstock","13":"shipping-taxable","14":"product-type-variable"},"_links":{"self":[{"href":"https:\/\/mod.wisdar.net\/tr\/wp-json\/wp\/v2\/product\/131402","targetHints":{"allow":["GET"]}}],"collection":[{"href":"https:\/\/mod.wisdar.net\/tr\/wp-json\/wp\/v2\/product"}],"about":[{"href":"https:\/\/mod.wisdar.net\/tr\/wp-json\/wp\/v2\/types\/product"}],"replies":[{"embeddable":true,"href":"https:\/\/mod.wisdar.net\/tr\/wp-json\/wp\/v2\/comments?post=131402"}],"wp:featuredmedia":[{"embeddable":true,"href":"https:\/\/mod.wisdar.net\/tr\/wp-json\/wp\/v2\/media\/131398"}],"wp:attachment":[{"href":"https:\/\/mod.wisdar.net\/tr\/wp-json\/wp\/v2\/media?parent=131402"}],"wp:term":[{"taxonomy":"product_brand","embeddable":true,"href":"https:\/\/mod.wisdar.net\/tr\/wp-json\/wp\/v2\/product_brand?post=131402"},{"taxonomy":"product_cat","embeddable":true,"href":"https:\/\/mod.wisdar.net\/tr\/wp-json\/wp\/v2\/product_cat?post=131402"},{"taxonomy":"product_tag","embeddable":true,"href":"https:\/\/mod.wisdar.net\/tr\/wp-json\/wp\/v2\/product_tag?post=131402"}],"curies":[{"name":"wp","href":"https:\/\/api.w.org\/{rel}","templated":true}]}}