{"id":131440,"date":"2026-02-20T07:33:04","date_gmt":"2026-02-20T07:33:04","guid":{"rendered":"https:\/\/modesthanim.com\/product\/armine-canta-25yd7361-vizon\/"},"modified":"2026-04-02T21:57:03","modified_gmt":"2026-04-02T21:57:03","slug":"armine-canta-25yd7361-vizon","status":"publish","type":"product","link":"https:\/\/mod.wisdar.net\/tr\/urun\/armine-canta-25yd7361-vizon\/","title":{"rendered":"Armine \u00c7anta 25YD7361 Vizon"},"content":{"rendered":"<p>BOY EN GEN\u0130\u015eL\u0130K 19,5 22,5 12,5<\/p>\n","protected":false},"excerpt":{"rendered":"<p>BOY EN GEN\u0130\u015eL\u0130K 19,5 22,5 12,5<\/p>\n","protected":false},"featured_media":131436,"comment_status":"open","ping_status":"closed","template":"","meta":[],"product_brand":[],"product_cat":[6960,6957],"product_tag":[7285,7037,7016,6995],"class_list":{"0":"post-131440","1":"product","2":"type-product","3":"status-publish","4":"has-post-thumbnail","6":"product_cat-cantalar","7":"product_cat-cantalar-el-cantalari","8":"product_tag-deri-canta","9":"product_tag-el-cantasi","10":"product_tag-kadin-cantasi","11":"product_tag-moda-aksesuari","12":"pa_brand-armine","13":"pa_color-vizon","15":"first","16":"outofstock","17":"shipping-taxable","18":"product-type-variable"},"_links":{"self":[{"href":"https:\/\/mod.wisdar.net\/tr\/wp-json\/wp\/v2\/product\/131440","targetHints":{"allow":["GET"]}}],"collection":[{"href":"https:\/\/mod.wisdar.net\/tr\/wp-json\/wp\/v2\/product"}],"about":[{"href":"https:\/\/mod.wisdar.net\/tr\/wp-json\/wp\/v2\/types\/product"}],"replies":[{"embeddable":true,"href":"https:\/\/mod.wisdar.net\/tr\/wp-json\/wp\/v2\/comments?post=131440"}],"wp:featuredmedia":[{"embeddable":true,"href":"https:\/\/mod.wisdar.net\/tr\/wp-json\/wp\/v2\/media\/131436"}],"wp:attachment":[{"href":"https:\/\/mod.wisdar.net\/tr\/wp-json\/wp\/v2\/media?parent=131440"}],"wp:term":[{"taxonomy":"product_brand","embeddable":true,"href":"https:\/\/mod.wisdar.net\/tr\/wp-json\/wp\/v2\/product_brand?post=131440"},{"taxonomy":"product_cat","embeddable":true,"href":"https:\/\/mod.wisdar.net\/tr\/wp-json\/wp\/v2\/product_cat?post=131440"},{"taxonomy":"product_tag","embeddable":true,"href":"https:\/\/mod.wisdar.net\/tr\/wp-json\/wp\/v2\/product_tag?post=131440"}],"curies":[{"name":"wp","href":"https:\/\/api.w.org\/{rel}","templated":true}]}}