{"id":131472,"date":"2026-02-20T07:34:43","date_gmt":"2026-02-20T07:34:43","guid":{"rendered":"https:\/\/modesthanim.com\/product\/armine-canta-orgu-25yd7409-krem\/"},"modified":"2026-04-03T23:32:07","modified_gmt":"2026-04-03T23:32:07","slug":"armine-canta-orgu-25yd7409-krem","status":"publish","type":"product","link":"https:\/\/mod.wisdar.net\/tr\/urun\/armine-canta-orgu-25yd7409-krem\/","title":{"rendered":"Armine \u00c7anta \u00d6rg\u00fc 25YD7409 Krem"},"content":{"rendered":"","protected":false},"excerpt":{"rendered":"","protected":false},"featured_media":131465,"comment_status":"open","ping_status":"closed","template":"","meta":[],"product_brand":[],"product_cat":[6960,6957],"product_tag":[7019,7145,7035],"class_list":{"0":"post-131472","1":"product","2":"type-product","3":"status-publish","4":"has-post-thumbnail","6":"product_cat-cantalar","7":"product_cat-cantalar-el-cantalari","8":"product_tag-gunluk-kullanim","9":"product_tag-kadin-aksesuari","10":"product_tag-moda-canta","11":"pa_brand-armine","12":"pa_color-krem","14":"first","15":"outofstock","16":"shipping-taxable","17":"product-type-variable"},"_links":{"self":[{"href":"https:\/\/mod.wisdar.net\/tr\/wp-json\/wp\/v2\/product\/131472","targetHints":{"allow":["GET"]}}],"collection":[{"href":"https:\/\/mod.wisdar.net\/tr\/wp-json\/wp\/v2\/product"}],"about":[{"href":"https:\/\/mod.wisdar.net\/tr\/wp-json\/wp\/v2\/types\/product"}],"replies":[{"embeddable":true,"href":"https:\/\/mod.wisdar.net\/tr\/wp-json\/wp\/v2\/comments?post=131472"}],"wp:featuredmedia":[{"embeddable":true,"href":"https:\/\/mod.wisdar.net\/tr\/wp-json\/wp\/v2\/media\/131465"}],"wp:attachment":[{"href":"https:\/\/mod.wisdar.net\/tr\/wp-json\/wp\/v2\/media?parent=131472"}],"wp:term":[{"taxonomy":"product_brand","embeddable":true,"href":"https:\/\/mod.wisdar.net\/tr\/wp-json\/wp\/v2\/product_brand?post=131472"},{"taxonomy":"product_cat","embeddable":true,"href":"https:\/\/mod.wisdar.net\/tr\/wp-json\/wp\/v2\/product_cat?post=131472"},{"taxonomy":"product_tag","embeddable":true,"href":"https:\/\/mod.wisdar.net\/tr\/wp-json\/wp\/v2\/product_tag?post=131472"}],"curies":[{"name":"wp","href":"https:\/\/api.w.org\/{rel}","templated":true}]}}