{"id":131501,"date":"2026-02-20T07:35:27","date_gmt":"2026-02-20T07:35:27","guid":{"rendered":"https:\/\/modesthanim.com\/product\/armine-pia-deri-canta-25yd7398-bordo\/"},"modified":"2026-04-10T23:53:30","modified_gmt":"2026-04-10T23:53:30","slug":"armine-pia-deri-canta-25yd7398-bordo","status":"publish","type":"product","link":"https:\/\/mod.wisdar.net\/tr\/urun\/armine-pia-deri-canta-25yd7398-bordo\/","title":{"rendered":"Armine Pia Deri \u00c7anta 25YD7398 Bordo"},"content":{"rendered":"<p>\u015e\u0131k ve dayan\u0131kl\u0131 Armine Pia deri \u00e7anta, g\u00fcnl\u00fck kullan\u0131m i\u00e7in m\u00fckemmel bir se\u00e7imdir. Kaliteli malzemesi ve zarif bordo rengiyle her tarz\u0131 tamamlar. Pratik b\u00f6lmeleri ile e\u015fyalar\u0131n\u0131z\u0131 d\u00fczenli bir \u015fekilde ta\u015f\u0131man\u0131z\u0131 sa\u011flar.<\/p>\n","protected":false},"excerpt":{"rendered":"<p>\u015e\u0131k ve dayan\u0131kl\u0131 Armine Pia deri \u00e7anta, g\u00fcnl\u00fck kullan\u0131m i\u00e7in m\u00fckemmel bir se\u00e7imdir. Kaliteli malzemesi ve zarif bordo rengiyle her tarz\u0131 tamamlar. Pratik b\u00f6lmeleri ile e\u015fyalar\u0131n\u0131z\u0131 d\u00fczenli bir \u015fekilde ta\u015f\u0131man\u0131z\u0131 sa\u011flar.<\/p>\n","protected":false},"featured_media":131495,"comment_status":"open","ping_status":"closed","template":"","meta":[],"product_brand":[],"product_cat":[6960,6957],"product_tag":[],"class_list":{"0":"post-131501","1":"product","2":"type-product","3":"status-publish","4":"has-post-thumbnail","6":"product_cat-cantalar","7":"product_cat-cantalar-el-cantalari","8":"pa_brand-armine","9":"pa_color-bordo","11":"first","12":"outofstock","13":"shipping-taxable","14":"product-type-variable"},"_links":{"self":[{"href":"https:\/\/mod.wisdar.net\/tr\/wp-json\/wp\/v2\/product\/131501","targetHints":{"allow":["GET"]}}],"collection":[{"href":"https:\/\/mod.wisdar.net\/tr\/wp-json\/wp\/v2\/product"}],"about":[{"href":"https:\/\/mod.wisdar.net\/tr\/wp-json\/wp\/v2\/types\/product"}],"replies":[{"embeddable":true,"href":"https:\/\/mod.wisdar.net\/tr\/wp-json\/wp\/v2\/comments?post=131501"}],"wp:featuredmedia":[{"embeddable":true,"href":"https:\/\/mod.wisdar.net\/tr\/wp-json\/wp\/v2\/media\/131495"}],"wp:attachment":[{"href":"https:\/\/mod.wisdar.net\/tr\/wp-json\/wp\/v2\/media?parent=131501"}],"wp:term":[{"taxonomy":"product_brand","embeddable":true,"href":"https:\/\/mod.wisdar.net\/tr\/wp-json\/wp\/v2\/product_brand?post=131501"},{"taxonomy":"product_cat","embeddable":true,"href":"https:\/\/mod.wisdar.net\/tr\/wp-json\/wp\/v2\/product_cat?post=131501"},{"taxonomy":"product_tag","embeddable":true,"href":"https:\/\/mod.wisdar.net\/tr\/wp-json\/wp\/v2\/product_tag?post=131501"}],"curies":[{"name":"wp","href":"https:\/\/api.w.org\/{rel}","templated":true}]}}