{"id":131522,"date":"2026-02-20T07:35:58","date_gmt":"2026-02-20T07:35:58","guid":{"rendered":"https:\/\/modesthanim.com\/product\/armine-canta-orgu-25yd7409-taba\/"},"modified":"2026-04-10T23:54:55","modified_gmt":"2026-04-10T23:54:55","slug":"armine-canta-orgu-25yd7409-taba","status":"publish","type":"product","link":"https:\/\/mod.wisdar.net\/tr\/urun\/armine-canta-orgu-25yd7409-taba\/","title":{"rendered":"Armine \u00c7anta \u00d6rg\u00fc 25YD7409 Taba"},"content":{"rendered":"","protected":false},"excerpt":{"rendered":"","protected":false},"featured_media":131518,"comment_status":"open","ping_status":"closed","template":"","meta":[],"product_brand":[],"product_cat":[6960,6957],"product_tag":[6979,6995],"class_list":{"0":"post-131522","1":"product","2":"type-product","3":"status-publish","4":"has-post-thumbnail","6":"product_cat-cantalar","7":"product_cat-cantalar-el-cantalari","8":"product_tag-kadin-el-cantasi","9":"product_tag-moda-aksesuari","10":"pa_brand-armine","11":"pa_color-taba","13":"first","14":"outofstock","15":"shipping-taxable","16":"product-type-variable"},"_links":{"self":[{"href":"https:\/\/mod.wisdar.net\/tr\/wp-json\/wp\/v2\/product\/131522","targetHints":{"allow":["GET"]}}],"collection":[{"href":"https:\/\/mod.wisdar.net\/tr\/wp-json\/wp\/v2\/product"}],"about":[{"href":"https:\/\/mod.wisdar.net\/tr\/wp-json\/wp\/v2\/types\/product"}],"replies":[{"embeddable":true,"href":"https:\/\/mod.wisdar.net\/tr\/wp-json\/wp\/v2\/comments?post=131522"}],"wp:featuredmedia":[{"embeddable":true,"href":"https:\/\/mod.wisdar.net\/tr\/wp-json\/wp\/v2\/media\/131518"}],"wp:attachment":[{"href":"https:\/\/mod.wisdar.net\/tr\/wp-json\/wp\/v2\/media?parent=131522"}],"wp:term":[{"taxonomy":"product_brand","embeddable":true,"href":"https:\/\/mod.wisdar.net\/tr\/wp-json\/wp\/v2\/product_brand?post=131522"},{"taxonomy":"product_cat","embeddable":true,"href":"https:\/\/mod.wisdar.net\/tr\/wp-json\/wp\/v2\/product_cat?post=131522"},{"taxonomy":"product_tag","embeddable":true,"href":"https:\/\/mod.wisdar.net\/tr\/wp-json\/wp\/v2\/product_tag?post=131522"}],"curies":[{"name":"wp","href":"https:\/\/api.w.org\/{rel}","templated":true}]}}