{"id":131591,"date":"2026-02-20T07:37:44","date_gmt":"2026-02-20T07:37:44","guid":{"rendered":"https:\/\/modesthanim.com\/product\/armine-kapitone-mixli-orme-giycik-25kd1602-aci-kahve\/"},"modified":"2026-04-15T21:12:53","modified_gmt":"2026-04-15T21:12:53","slug":"armine-kapitone-mixli-orme-giycik-25kd1602-aci-kahve","status":"publish","type":"product","link":"https:\/\/mod.wisdar.net\/tr\/urun\/armine-kapitone-mixli-orme-giycik-25kd1602-aci-kahve\/","title":{"rendered":"Armine Kapitone Mixli \u00d6rme Giy\u00e7\u0131k 25KD1602 Ac\u0131 Kahve"},"content":{"rendered":"<p>\u00d6rme dokunun rahatl\u0131\u011f\u0131n\u0131 kapitone y\u00fczeylerle bulu\u015fturan bu giy \u00e7\u0131k, modern tasar\u0131m\u0131yla g\u00fcnl\u00fck stile i\u015flevsel bir \u015f\u0131kl\u0131k katar. Yap\u0131daki dokusal ge\u00e7i\u015fler tasar\u0131ma g\u00fc\u00e7l\u00fc bir karakter kazand\u0131r\u0131rken, ayarlanabilir bel detay\u0131 iki farkl\u0131 kullan\u0131m imk\u00e2n\u0131 sunar. \u015eehir temposuna uyum sa\u011flayan, s\u0131cak tutan ve g\u00fcn boyu konfor vadeden zamans\u0131z bir d\u0131\u015f giyim par\u00e7as\u0131.<\/p>\n<p>\u00dcR\u00dcN BEDEN\u0130: 38<\/p>\n<p>MANKEN \u00d6L\u00c7\u00dcS\u00dc<\/p>\n<p>BOY: 175cm<br \/>\nG\u00d6\u011e\u00dcS: 81cm<br \/>\nBEL: 62cm<br \/>\nBASEN: 91cm<\/p>\n<p>Kapama \u015eekli:Fermuar Kapama<\/p>\n","protected":false},"excerpt":{"rendered":"<p>\u00d6rme dokunun rahatl\u0131\u011f\u0131n\u0131 kapitone y\u00fczeylerle bulu\u015fturan bu giy \u00e7\u0131k, modern tasar\u0131m\u0131yla g\u00fcnl\u00fck stile i\u015flevsel bir \u015f\u0131kl\u0131k katar. Yap\u0131daki dokusal ge\u00e7i\u015fler tasar\u0131ma g\u00fc\u00e7l\u00fc bir karakter kazand\u0131r\u0131rken, ayarlanabilir bel detay\u0131 iki farkl\u0131 kullan\u0131m imk\u00e2n\u0131 sunar. \u015eehir temposuna uyum sa\u011flayan, s\u0131cak tutan ve g\u00fcn boyu konfor vadeden zamans\u0131z bir d\u0131\u015f giyim par\u00e7as\u0131. \u00dcR\u00dcN BEDEN\u0130: 38 MANKEN \u00d6L\u00c7\u00dcS\u00dc BOY: [&hellip;]<\/p>\n","protected":false},"featured_media":131586,"comment_status":"open","ping_status":"closed","template":"","meta":[],"product_brand":[],"product_cat":[2044],"product_tag":[7448,7960,8320,8050,6825],"class_list":{"0":"post-131591","1":"product","2":"type-product","3":"status-publish","4":"has-post-thumbnail","6":"product_cat-ceketler","7":"product_tag-gunluk-moda","8":"product_tag-kadin-dis-giyim","9":"product_tag-kapitone-mont","10":"product_tag-kis-ceketi","11":"product_tag-sehir-stili","12":"pa_brand-armine","13":"pa_color-aci-kahve","14":"pa_size-4706","15":"pa_size-4711","16":"pa_size-4713","18":"first","19":"instock","20":"sale","21":"shipping-taxable","22":"purchasable","23":"product-type-variable"},"_links":{"self":[{"href":"https:\/\/mod.wisdar.net\/tr\/wp-json\/wp\/v2\/product\/131591","targetHints":{"allow":["GET"]}}],"collection":[{"href":"https:\/\/mod.wisdar.net\/tr\/wp-json\/wp\/v2\/product"}],"about":[{"href":"https:\/\/mod.wisdar.net\/tr\/wp-json\/wp\/v2\/types\/product"}],"replies":[{"embeddable":true,"href":"https:\/\/mod.wisdar.net\/tr\/wp-json\/wp\/v2\/comments?post=131591"}],"wp:featuredmedia":[{"embeddable":true,"href":"https:\/\/mod.wisdar.net\/tr\/wp-json\/wp\/v2\/media\/131586"}],"wp:attachment":[{"href":"https:\/\/mod.wisdar.net\/tr\/wp-json\/wp\/v2\/media?parent=131591"}],"wp:term":[{"taxonomy":"product_brand","embeddable":true,"href":"https:\/\/mod.wisdar.net\/tr\/wp-json\/wp\/v2\/product_brand?post=131591"},{"taxonomy":"product_cat","embeddable":true,"href":"https:\/\/mod.wisdar.net\/tr\/wp-json\/wp\/v2\/product_cat?post=131591"},{"taxonomy":"product_tag","embeddable":true,"href":"https:\/\/mod.wisdar.net\/tr\/wp-json\/wp\/v2\/product_tag?post=131591"}],"curies":[{"name":"wp","href":"https:\/\/api.w.org\/{rel}","templated":true}]}}