{"id":131644,"date":"2026-02-20T07:38:49","date_gmt":"2026-02-20T07:38:49","guid":{"rendered":"https:\/\/modesthanim.com\/product\/oversize-modal-kap-kahve\/"},"modified":"2026-04-11T00:03:49","modified_gmt":"2026-04-11T00:03:49","slug":"oversize-modal-kap-kahve","status":"publish","type":"product","link":"https:\/\/mod.wisdar.net\/tr\/urun\/oversize-modal-kap-kahve\/","title":{"rendered":"Oversize Modal Kap Kahve"},"content":{"rendered":"<p>Ak\u0131c\u0131 silueti ve yal\u0131n \u00e7izgileriyle modern d\u0131\u015f giyime rafine bir yorum sunan bu kap, zamans\u0131z \u015f\u0131kl\u0131\u011f\u0131 konforla bulu\u015fturur. \u0130peksi dokunu\u015flu modal kuma\u015f\u0131 g\u00fcn boyu hafiflik hissi sa\u011flarken, oversize formu \u00f6zg\u00fcr ve dengeli bir duru\u015f kazand\u0131r\u0131r. Katmanl\u0131 kombinlerde zarif bir tamamlay\u0131c\u0131 olarak \u00f6ne \u00e7\u0131kan se\u00e7kin bir tasar\u0131md\u0131r.<\/p>\n<p>\u00dcR\u00dcN BEDEN\u0130: 38<\/p>\n<p>MANKEN \u00d6L\u00c7\u00dcS\u00dc<\/p>\n<p>BOY: 181cm<br \/>\nG\u00d6\u011e\u00dcS: 78cm<br \/>\nBEL: 59cm<br \/>\nBASEN: 89cm<\/p>\n","protected":false},"excerpt":{"rendered":"<p>Ak\u0131c\u0131 silueti ve yal\u0131n \u00e7izgileriyle modern d\u0131\u015f giyime rafine bir yorum sunan bu kap, zamans\u0131z \u015f\u0131kl\u0131\u011f\u0131 konforla bulu\u015fturur. \u0130peksi dokunu\u015flu modal kuma\u015f\u0131 g\u00fcn boyu hafiflik hissi sa\u011flarken, oversize formu \u00f6zg\u00fcr ve dengeli bir duru\u015f kazand\u0131r\u0131r. Katmanl\u0131 kombinlerde zarif bir tamamlay\u0131c\u0131 olarak \u00f6ne \u00e7\u0131kan se\u00e7kin bir tasar\u0131md\u0131r. \u00dcR\u00dcN BEDEN\u0130: 38 MANKEN \u00d6L\u00c7\u00dcS\u00dc BOY: 181cm G\u00d6\u011e\u00dcS: 78cm [&hellip;]<\/p>\n","protected":false},"featured_media":131634,"comment_status":"open","ping_status":"closed","template":"","meta":[],"product_brand":[],"product_cat":[1927],"product_tag":[5012,6766,7766,7376,5013,4999,7327],"class_list":{"0":"post-131644","1":"product","2":"type-product","3":"status-publish","4":"has-post-thumbnail","6":"product_cat-hoodies-sweatshirtler","7":"product_tag-elegant","8":"product_tag-hafif","9":"product_tag-kapusonlu-sweatshirt-2","10":"product_tag-modal","11":"product_tag-modern","12":"product_tag-outerwear","13":"product_tag-oversize","14":"pa_brand-armine","15":"pa_color-kahverengi","16":"pa_size-4706","17":"pa_size-4711","18":"pa_size-4713","19":"pa_size-4751","21":"first","22":"instock","23":"sale","24":"shipping-taxable","25":"purchasable","26":"product-type-variable"},"_links":{"self":[{"href":"https:\/\/mod.wisdar.net\/tr\/wp-json\/wp\/v2\/product\/131644","targetHints":{"allow":["GET"]}}],"collection":[{"href":"https:\/\/mod.wisdar.net\/tr\/wp-json\/wp\/v2\/product"}],"about":[{"href":"https:\/\/mod.wisdar.net\/tr\/wp-json\/wp\/v2\/types\/product"}],"replies":[{"embeddable":true,"href":"https:\/\/mod.wisdar.net\/tr\/wp-json\/wp\/v2\/comments?post=131644"}],"wp:featuredmedia":[{"embeddable":true,"href":"https:\/\/mod.wisdar.net\/tr\/wp-json\/wp\/v2\/media\/131634"}],"wp:attachment":[{"href":"https:\/\/mod.wisdar.net\/tr\/wp-json\/wp\/v2\/media?parent=131644"}],"wp:term":[{"taxonomy":"product_brand","embeddable":true,"href":"https:\/\/mod.wisdar.net\/tr\/wp-json\/wp\/v2\/product_brand?post=131644"},{"taxonomy":"product_cat","embeddable":true,"href":"https:\/\/mod.wisdar.net\/tr\/wp-json\/wp\/v2\/product_cat?post=131644"},{"taxonomy":"product_tag","embeddable":true,"href":"https:\/\/mod.wisdar.net\/tr\/wp-json\/wp\/v2\/product_tag?post=131644"}],"curies":[{"name":"wp","href":"https:\/\/api.w.org\/{rel}","templated":true}]}}