{"id":13172,"date":"2025-11-07T20:16:06","date_gmt":"2025-11-01T21:39:59","guid":{"rendered":"https:\/\/modesthanim.com\/product\/buzgulu-saten-bluz-fusya\/"},"modified":"2026-04-10T17:01:15","modified_gmt":"2026-04-10T17:01:15","slug":"buzgulu-saten-bluz-fusya","status":"publish","type":"product","link":"https:\/\/mod.wisdar.net\/tr\/urun\/buzgulu-saten-bluz-fusya\/","title":{"rendered":"B\u00dcZG\u00dcL\u00dc SATEN BLUZ FU\u015eYA"},"content":{"rendered":"<p>OMUZ DETAYI B\u00dcZG\u00dcL\u00dc SATEN BLUZ<br \/>\n\u00dcR\u00dcN \u00d6L\u00c7\u00dcLER\u0130 38 BEDEN \u0130\u00c7\u0130N;<br \/>\nG\u00d6\u011e\u00dcS 102 CM<br \/>\nBEL 102 CM<br \/>\nBASEN 112 CM<br \/>\n\u00dcR\u00dcN BOYU 72 CM<br \/>\nMANKEN \u00dcZER\u0130NDEK\u0130 BEDEN 38<br \/>\nMANKEN BOYU 177 CM<\/p>\n","protected":false},"excerpt":{"rendered":"<p>OMUZ DETAYI B\u00dcZG\u00dcL\u00dc SATEN BLUZ \u00dcR\u00dcN \u00d6L\u00c7\u00dcLER\u0130 38 BEDEN \u0130\u00c7\u0130N; G\u00d6\u011e\u00dcS 102 CM BEL 102 CM BASEN 112 CM \u00dcR\u00dcN BOYU 72 CM MANKEN \u00dcZER\u0130NDEK\u0130 BEDEN 38 MANKEN BOYU 177 CM<\/p>\n","protected":false},"featured_media":0,"comment_status":"open","ping_status":"closed","template":"","meta":[],"product_brand":[],"product_cat":[1909],"product_tag":[],"class_list":{"0":"post-13172","1":"product","2":"type-product","3":"status-publish","5":"product_cat-bluzlar-ve-gomlekler","6":"pa_brand-nurkalay","7":"pa_color-fusya","8":"pa_size-4701","9":"pa_size-4706","10":"pa_size-4711","11":"pa_size-4713","13":"first","14":"instock","15":"sale","16":"shipping-taxable","17":"purchasable","18":"product-type-variable"},"_links":{"self":[{"href":"https:\/\/mod.wisdar.net\/tr\/wp-json\/wp\/v2\/product\/13172","targetHints":{"allow":["GET"]}}],"collection":[{"href":"https:\/\/mod.wisdar.net\/tr\/wp-json\/wp\/v2\/product"}],"about":[{"href":"https:\/\/mod.wisdar.net\/tr\/wp-json\/wp\/v2\/types\/product"}],"replies":[{"embeddable":true,"href":"https:\/\/mod.wisdar.net\/tr\/wp-json\/wp\/v2\/comments?post=13172"}],"wp:attachment":[{"href":"https:\/\/mod.wisdar.net\/tr\/wp-json\/wp\/v2\/media?parent=13172"}],"wp:term":[{"taxonomy":"product_brand","embeddable":true,"href":"https:\/\/mod.wisdar.net\/tr\/wp-json\/wp\/v2\/product_brand?post=13172"},{"taxonomy":"product_cat","embeddable":true,"href":"https:\/\/mod.wisdar.net\/tr\/wp-json\/wp\/v2\/product_cat?post=13172"},{"taxonomy":"product_tag","embeddable":true,"href":"https:\/\/mod.wisdar.net\/tr\/wp-json\/wp\/v2\/product_tag?post=13172"}],"curies":[{"name":"wp","href":"https:\/\/api.w.org\/{rel}","templated":true}]}}