{"id":131736,"date":"2026-02-20T08:32:49","date_gmt":"2026-02-20T08:32:49","guid":{"rendered":"https:\/\/modesthanim.com\/product\/kupra-ceketli-takim-indigo\/"},"modified":"2026-04-15T21:10:26","modified_gmt":"2026-04-15T21:10:26","slug":"kupra-ceketli-takim-indigo","status":"publish","type":"product","link":"https:\/\/mod.wisdar.net\/tr\/urun\/kupra-ceketli-takim-indigo\/","title":{"rendered":"Kupra Ceketli Tak\u0131m \u0130ndigo"},"content":{"rendered":"<p>Modern terzili\u011fi ak\u0131c\u0131 kupra dokusuyla bulu\u015fturan bu tak\u0131m, g\u00fc\u00e7l\u00fc bir silueti zarif detaylarla dengeler. Fermuar kapamal\u0131 ceket formu ve belden ayarlanabilir yap\u0131s\u0131 tasar\u0131ma \u00e7a\u011fda\u015f bir karakter kazand\u0131r\u0131rken, geni\u015f pa\u00e7a pantolon formu g\u00f6r\u00fcn\u00fcm\u00fc sofistike bir ak\u0131\u015fla tamamlar. \u015eehir stilinde rafine ve iddial\u0131 bir duru\u015f arayanlar i\u00e7in zamans\u0131z bir se\u00e7imdir.<\/p>\n<p>\u00dcR\u00dcN BEDEN\u0130: 38<\/p>\n<p>MANKEN \u00d6L\u00c7\u00dcS\u00dc<\/p>\n<p>BOY: 181cm<br \/>\nG\u00d6\u011e\u00dcS: 78cm<br \/>\nBEL: 59cm<br \/>\nBASEN: 89cm<\/p>\n","protected":false},"excerpt":{"rendered":"<p>Modern terzili\u011fi ak\u0131c\u0131 kupra dokusuyla bulu\u015fturan bu tak\u0131m, g\u00fc\u00e7l\u00fc bir silueti zarif detaylarla dengeler. Fermuar kapamal\u0131 ceket formu ve belden ayarlanabilir yap\u0131s\u0131 tasar\u0131ma \u00e7a\u011fda\u015f bir karakter kazand\u0131r\u0131rken, geni\u015f pa\u00e7a pantolon formu g\u00f6r\u00fcn\u00fcm\u00fc sofistike bir ak\u0131\u015fla tamamlar. \u015eehir stilinde rafine ve iddial\u0131 bir duru\u015f arayanlar i\u00e7in zamans\u0131z bir se\u00e7imdir. \u00dcR\u00dcN BEDEN\u0130: 38 MANKEN \u00d6L\u00c7\u00dcS\u00dc BOY: 181cm [&hellip;]<\/p>\n","protected":false},"featured_media":131725,"comment_status":"open","ping_status":"closed","template":"","meta":[],"product_brand":[],"product_cat":[1900],"product_tag":[],"class_list":{"0":"post-131736","1":"product","2":"type-product","3":"status-publish","4":"has-post-thumbnail","6":"product_cat-koordinatlar-setler","7":"pa_brand-armine","8":"pa_color-indigo","9":"pa_size-4706","10":"pa_size-4711","11":"pa_size-4713","12":"pa_size-4751","13":"pa_size-4749","15":"first","16":"instock","17":"sale","18":"shipping-taxable","19":"purchasable","20":"product-type-variable"},"_links":{"self":[{"href":"https:\/\/mod.wisdar.net\/tr\/wp-json\/wp\/v2\/product\/131736","targetHints":{"allow":["GET"]}}],"collection":[{"href":"https:\/\/mod.wisdar.net\/tr\/wp-json\/wp\/v2\/product"}],"about":[{"href":"https:\/\/mod.wisdar.net\/tr\/wp-json\/wp\/v2\/types\/product"}],"replies":[{"embeddable":true,"href":"https:\/\/mod.wisdar.net\/tr\/wp-json\/wp\/v2\/comments?post=131736"}],"wp:featuredmedia":[{"embeddable":true,"href":"https:\/\/mod.wisdar.net\/tr\/wp-json\/wp\/v2\/media\/131725"}],"wp:attachment":[{"href":"https:\/\/mod.wisdar.net\/tr\/wp-json\/wp\/v2\/media?parent=131736"}],"wp:term":[{"taxonomy":"product_brand","embeddable":true,"href":"https:\/\/mod.wisdar.net\/tr\/wp-json\/wp\/v2\/product_brand?post=131736"},{"taxonomy":"product_cat","embeddable":true,"href":"https:\/\/mod.wisdar.net\/tr\/wp-json\/wp\/v2\/product_cat?post=131736"},{"taxonomy":"product_tag","embeddable":true,"href":"https:\/\/mod.wisdar.net\/tr\/wp-json\/wp\/v2\/product_tag?post=131736"}],"curies":[{"name":"wp","href":"https:\/\/api.w.org\/{rel}","templated":true}]}}