{"id":131761,"date":"2026-02-20T08:33:11","date_gmt":"2026-02-20T08:33:11","guid":{"rendered":"https:\/\/modesthanim.com\/product\/armine-bomber-ceketli-orme-takim-25kt1619-yag-yesili\/"},"modified":"2026-04-11T00:43:26","modified_gmt":"2026-04-11T00:43:26","slug":"armine-bomber-ceketli-orme-takim-25kt1619-yag-yesili","status":"publish","type":"product","link":"https:\/\/mod.wisdar.net\/tr\/urun\/armine-bomber-ceketli-orme-takim-25kt1619-yag-yesili\/","title":{"rendered":"Armine Bomber Ceketli \u00d6rme Tak\u0131m 25KT1619 Ya\u011f Ye\u015fili"},"content":{"rendered":"<p>Modern bomber ceket formunu yumu\u015fak dokulu \u00f6rme kuma\u015fla bulu\u015fturan bu tak\u0131m, \u015fehir stiline g\u00fc\u00e7l\u00fc ve rafine bir yorum kat\u0131yor. Metal fermuar detay\u0131 tasar\u0131ma dinamizm kazand\u0131r\u0131rken, ak\u0131c\u0131 etek silueti g\u00f6r\u00fcn\u00fcm\u00fc zarif bir b\u00fct\u00fcnl\u00fckle tamamlar. Sade \u00e7izgileri ve premium duru\u015fuyla hem rahatl\u0131\u011f\u0131 hem \u015f\u0131kl\u0131\u011f\u0131 ayn\u0131 anda sunan \u00f6zel bir par\u00e7a.<\/p>\n<p>\u00dcR\u00dcN BEDEN\u0130: 38<\/p>\n<p>MANKEN \u00d6L\u00c7\u00dcS\u00dc<\/p>\n<p>BOY: 175cm<br \/>\nG\u00d6\u011e\u00dcS: 81cm<br \/>\nBEL: 62cm<br \/>\nBASEN: 91cm<\/p>\n","protected":false},"excerpt":{"rendered":"<p>Modern bomber ceket formunu yumu\u015fak dokulu \u00f6rme kuma\u015fla bulu\u015fturan bu tak\u0131m, \u015fehir stiline g\u00fc\u00e7l\u00fc ve rafine bir yorum kat\u0131yor. Metal fermuar detay\u0131 tasar\u0131ma dinamizm kazand\u0131r\u0131rken, ak\u0131c\u0131 etek silueti g\u00f6r\u00fcn\u00fcm\u00fc zarif bir b\u00fct\u00fcnl\u00fckle tamamlar. Sade \u00e7izgileri ve premium duru\u015fuyla hem rahatl\u0131\u011f\u0131 hem \u015f\u0131kl\u0131\u011f\u0131 ayn\u0131 anda sunan \u00f6zel bir par\u00e7a. \u00dcR\u00dcN BEDEN\u0130: 38 MANKEN \u00d6L\u00c7\u00dcS\u00dc BOY: 175cm [&hellip;]<\/p>\n","protected":false},"featured_media":131755,"comment_status":"open","ping_status":"closed","template":"","meta":[],"product_brand":[],"product_cat":[1900],"product_tag":[4120,4271,3506,5258,5338],"class_list":{"0":"post-131761","1":"product","2":"type-product","3":"status-publish","4":"has-post-thumbnail","6":"product_cat-koordinatlar-setler","7":"product_tag-bomber-jacket","8":"product_tag-knit-set","9":"product_tag-olive-green","10":"product_tag-premium-knitwear","11":"product_tag-urban-fashion","12":"pa_brand-armine","13":"pa_color-yag-yesili","14":"pa_size-4706","15":"pa_size-4711","16":"pa_size-4713","18":"first","19":"instock","20":"sale","21":"shipping-taxable","22":"purchasable","23":"product-type-variable"},"_links":{"self":[{"href":"https:\/\/mod.wisdar.net\/tr\/wp-json\/wp\/v2\/product\/131761","targetHints":{"allow":["GET"]}}],"collection":[{"href":"https:\/\/mod.wisdar.net\/tr\/wp-json\/wp\/v2\/product"}],"about":[{"href":"https:\/\/mod.wisdar.net\/tr\/wp-json\/wp\/v2\/types\/product"}],"replies":[{"embeddable":true,"href":"https:\/\/mod.wisdar.net\/tr\/wp-json\/wp\/v2\/comments?post=131761"}],"wp:featuredmedia":[{"embeddable":true,"href":"https:\/\/mod.wisdar.net\/tr\/wp-json\/wp\/v2\/media\/131755"}],"wp:attachment":[{"href":"https:\/\/mod.wisdar.net\/tr\/wp-json\/wp\/v2\/media?parent=131761"}],"wp:term":[{"taxonomy":"product_brand","embeddable":true,"href":"https:\/\/mod.wisdar.net\/tr\/wp-json\/wp\/v2\/product_brand?post=131761"},{"taxonomy":"product_cat","embeddable":true,"href":"https:\/\/mod.wisdar.net\/tr\/wp-json\/wp\/v2\/product_cat?post=131761"},{"taxonomy":"product_tag","embeddable":true,"href":"https:\/\/mod.wisdar.net\/tr\/wp-json\/wp\/v2\/product_tag?post=131761"}],"curies":[{"name":"wp","href":"https:\/\/api.w.org\/{rel}","templated":true}]}}