{"id":131801,"date":"2026-02-20T08:36:01","date_gmt":"2026-02-20T08:36:01","guid":{"rendered":"https:\/\/modesthanim.com\/product\/armine-kapitone-mixli-orme-takim-25kd1603-siyah\/"},"modified":"2026-03-27T07:03:42","modified_gmt":"2026-03-27T07:03:42","slug":"armine-kapitone-mixli-orme-takim-25kd1603-siyah","status":"publish","type":"product","link":"https:\/\/mod.wisdar.net\/tr\/urun\/armine-kapitone-mixli-orme-takim-25kd1603-siyah\/","title":{"rendered":"Armine Kapitone Mixli \u00d6rme Tak\u0131m 25KD1603 Siyah"},"content":{"rendered":"<p>Kapitone dokunun zarif etkisiyle modern bir siluet sunan bu \u00f6rme tak\u0131m, ak\u0131\u015fkan yap\u0131s\u0131 sayesinde \u00fcst\u00fcn bir konfor deneyimi sa\u011flar. Beldeki b\u00fczg\u00fc detay\u0131 v\u00fccuda ince bir form kazand\u0131r\u0131rken, farkl\u0131 dokular\u0131n uyumu g\u00f6r\u00fcn\u00fcm\u00fc sofistike bir seviyeye ta\u015f\u0131r. G\u00fcn\u00fcn her an\u0131nda hem rahatl\u0131k hem de \u015f\u0131kl\u0131k arayanlar i\u00e7in kusursuz bir se\u00e7enek.<\/p>\n<p>\u00dcR\u00dcN BEDEN\u0130: 38<\/p>\n<p>MANKEN \u00d6L\u00c7\u00dcS\u00dc<\/p>\n<p>BOY: 175cm<br \/>\nG\u00d6\u011e\u00dcS: 81cm<br \/>\nBEL: 62cm<br \/>\nBASEN: 91cm<\/p>\n","protected":false},"excerpt":{"rendered":"<p>Kapitone dokunun zarif etkisiyle modern bir siluet sunan bu \u00f6rme tak\u0131m, ak\u0131\u015fkan yap\u0131s\u0131 sayesinde \u00fcst\u00fcn bir konfor deneyimi sa\u011flar. Beldeki b\u00fczg\u00fc detay\u0131 v\u00fccuda ince bir form kazand\u0131r\u0131rken, farkl\u0131 dokular\u0131n uyumu g\u00f6r\u00fcn\u00fcm\u00fc sofistike bir seviyeye ta\u015f\u0131r. G\u00fcn\u00fcn her an\u0131nda hem rahatl\u0131k hem de \u015f\u0131kl\u0131k arayanlar i\u00e7in kusursuz bir se\u00e7enek. \u00dcR\u00dcN BEDEN\u0130: 38 MANKEN \u00d6L\u00c7\u00dcS\u00dc BOY: 175cm [&hellip;]<\/p>\n","protected":false},"featured_media":131796,"comment_status":"open","ping_status":"closed","template":"","meta":[],"product_brand":[],"product_cat":[1900],"product_tag":[5012,5013,6751,7074],"class_list":{"0":"post-131801","1":"product","2":"type-product","3":"status-publish","4":"has-post-thumbnail","6":"product_cat-koordinatlar-setler","7":"product_tag-elegant","8":"product_tag-modern","9":"product_tag-rahat","10":"product_tag-siyah","11":"pa_color-siyah","12":"pa_size-4706","13":"pa_size-4711","14":"pa_size-4713","15":"pa_size-4751","17":"first","18":"instock","19":"sale","20":"shipping-taxable","21":"purchasable","22":"product-type-variable"},"_links":{"self":[{"href":"https:\/\/mod.wisdar.net\/tr\/wp-json\/wp\/v2\/product\/131801","targetHints":{"allow":["GET"]}}],"collection":[{"href":"https:\/\/mod.wisdar.net\/tr\/wp-json\/wp\/v2\/product"}],"about":[{"href":"https:\/\/mod.wisdar.net\/tr\/wp-json\/wp\/v2\/types\/product"}],"replies":[{"embeddable":true,"href":"https:\/\/mod.wisdar.net\/tr\/wp-json\/wp\/v2\/comments?post=131801"}],"wp:featuredmedia":[{"embeddable":true,"href":"https:\/\/mod.wisdar.net\/tr\/wp-json\/wp\/v2\/media\/131796"}],"wp:attachment":[{"href":"https:\/\/mod.wisdar.net\/tr\/wp-json\/wp\/v2\/media?parent=131801"}],"wp:term":[{"taxonomy":"product_brand","embeddable":true,"href":"https:\/\/mod.wisdar.net\/tr\/wp-json\/wp\/v2\/product_brand?post=131801"},{"taxonomy":"product_cat","embeddable":true,"href":"https:\/\/mod.wisdar.net\/tr\/wp-json\/wp\/v2\/product_cat?post=131801"},{"taxonomy":"product_tag","embeddable":true,"href":"https:\/\/mod.wisdar.net\/tr\/wp-json\/wp\/v2\/product_tag?post=131801"}],"curies":[{"name":"wp","href":"https:\/\/api.w.org\/{rel}","templated":true}]}}