{"id":131827,"date":"2026-02-20T08:36:38","date_gmt":"2026-02-20T08:36:38","guid":{"rendered":"https:\/\/modesthanim.com\/product\/armine-tas-islemeli-orme-takim-25kd2804-haki\/"},"modified":"2026-04-04T00:08:33","modified_gmt":"2026-04-04T00:08:33","slug":"armine-tas-islemeli-orme-takim-25kd2804-haki","status":"publish","type":"product","link":"https:\/\/mod.wisdar.net\/tr\/urun\/armine-tas-islemeli-orme-takim-25kd2804-haki\/","title":{"rendered":"Armine Ta\u015f \u0130\u015flemeli \u00d6rme Tak\u0131m 25KD2804 Haki"},"content":{"rendered":"<p>Modern kesimi ve g\u00fc\u00e7l\u00fc siluetiyle \u015fehir stiline rafine bir yorum katar. Tok yap\u0131l\u0131 kuma\u015f\u0131 formunu korurken, fonksiyonel detaylar\u0131yla konforlu ve zahmetsiz bir \u015f\u0131kl\u0131k sunar. G\u00fcnl\u00fck ve sofistike kombinler i\u00e7in zamans\u0131z bir par\u00e7a.<\/p>\n<p>\u00dcR\u00dcN BEDEN\u0130: 36-38<\/p>\n<p>MANKEN \u00d6L\u00c7\u00dcS\u00dc<\/p>\n<p>BOY: 175cm<br \/>\nG\u00d6\u011e\u00dcS: 81cm<br \/>\nBEL: 62cm<br \/>\nBASEN: 91cm<\/p>\n","protected":false},"excerpt":{"rendered":"<p>Modern kesimi ve g\u00fc\u00e7l\u00fc siluetiyle \u015fehir stiline rafine bir yorum katar. Tok yap\u0131l\u0131 kuma\u015f\u0131 formunu korurken, fonksiyonel detaylar\u0131yla konforlu ve zahmetsiz bir \u015f\u0131kl\u0131k sunar. G\u00fcnl\u00fck ve sofistike kombinler i\u00e7in zamans\u0131z bir par\u00e7a. \u00dcR\u00dcN BEDEN\u0130: 36-38 MANKEN \u00d6L\u00c7\u00dcS\u00dc BOY: 175cm G\u00d6\u011e\u00dcS: 81cm BEL: 62cm BASEN: 91cm<\/p>\n","protected":false},"featured_media":131822,"comment_status":"open","ping_status":"closed","template":"","meta":[],"product_brand":[],"product_cat":[1900],"product_tag":[6825],"class_list":{"0":"post-131827","1":"product","2":"type-product","3":"status-publish","4":"has-post-thumbnail","6":"product_cat-koordinatlar-setler","7":"product_tag-sehir-stili","8":"pa_brand-armine","9":"pa_color-haki","10":"pa_size-36-38","11":"pa_size-40-42","12":"pa_size-44-46","14":"first","15":"outofstock","16":"shipping-taxable","17":"product-type-variable"},"_links":{"self":[{"href":"https:\/\/mod.wisdar.net\/tr\/wp-json\/wp\/v2\/product\/131827","targetHints":{"allow":["GET"]}}],"collection":[{"href":"https:\/\/mod.wisdar.net\/tr\/wp-json\/wp\/v2\/product"}],"about":[{"href":"https:\/\/mod.wisdar.net\/tr\/wp-json\/wp\/v2\/types\/product"}],"replies":[{"embeddable":true,"href":"https:\/\/mod.wisdar.net\/tr\/wp-json\/wp\/v2\/comments?post=131827"}],"wp:featuredmedia":[{"embeddable":true,"href":"https:\/\/mod.wisdar.net\/tr\/wp-json\/wp\/v2\/media\/131822"}],"wp:attachment":[{"href":"https:\/\/mod.wisdar.net\/tr\/wp-json\/wp\/v2\/media?parent=131827"}],"wp:term":[{"taxonomy":"product_brand","embeddable":true,"href":"https:\/\/mod.wisdar.net\/tr\/wp-json\/wp\/v2\/product_brand?post=131827"},{"taxonomy":"product_cat","embeddable":true,"href":"https:\/\/mod.wisdar.net\/tr\/wp-json\/wp\/v2\/product_cat?post=131827"},{"taxonomy":"product_tag","embeddable":true,"href":"https:\/\/mod.wisdar.net\/tr\/wp-json\/wp\/v2\/product_tag?post=131827"}],"curies":[{"name":"wp","href":"https:\/\/api.w.org\/{rel}","templated":true}]}}