{"id":131877,"date":"2026-02-20T08:38:32","date_gmt":"2026-02-20T08:38:32","guid":{"rendered":"https:\/\/modesthanim.com\/product\/armine-cepli-tunik-takim-25kd1306-aci-kahve\/"},"modified":"2026-04-02T21:58:10","modified_gmt":"2026-04-02T21:58:10","slug":"armine-cepli-tunik-takim-25kd1306-aci-kahve","status":"publish","type":"product","link":"https:\/\/mod.wisdar.net\/tr\/urun\/armine-cepli-tunik-takim-25kd1306-aci-kahve\/","title":{"rendered":"Armine Cepli Tunik Tak\u0131m 25KD1306 Ac\u0131 Kahve"},"content":{"rendered":"<p>Fonksiyonel detaylarla modern \u00e7izgileri bulu\u015fturan bu tak\u0131m, minimalist tasar\u0131m\u0131yla \u00f6ne \u00e7\u0131k\u0131yor. Tuni\u011fin \u00f6n k\u0131sm\u0131ndaki cep detaylar\u0131, stile dinamik bir g\u00f6r\u00fcn\u00fcm kazand\u0131r\u0131rken bel ku\u015fa\u011f\u0131 silueti zarif\u00e7e tamaml\u0131yor. Ak\u0131c\u0131 kuma\u015f yap\u0131s\u0131 sayesinde g\u00fcn boyu konfor sunan tak\u0131m, \u015fehirli stilin sade ve g\u00fc\u00e7l\u00fc yorumunu yans\u0131t\u0131yor.<\/p>\n<p>\u00dcR\u00dcN BEDEN\u0130: 38<\/p>\n<p>MANKEN \u00d6L\u00c7\u00dcS\u00dc<\/p>\n<p>BOY: 176cm<br \/>\nG\u00d6\u011e\u00dcS: 82cm<br \/>\nBEL: 61cm<br \/>\nBASEN: 88cm<\/p>\n","protected":false},"excerpt":{"rendered":"<p>Fonksiyonel detaylarla modern \u00e7izgileri bulu\u015fturan bu tak\u0131m, minimalist tasar\u0131m\u0131yla \u00f6ne \u00e7\u0131k\u0131yor. Tuni\u011fin \u00f6n k\u0131sm\u0131ndaki cep detaylar\u0131, stile dinamik bir g\u00f6r\u00fcn\u00fcm kazand\u0131r\u0131rken bel ku\u015fa\u011f\u0131 silueti zarif\u00e7e tamaml\u0131yor. Ak\u0131c\u0131 kuma\u015f yap\u0131s\u0131 sayesinde g\u00fcn boyu konfor sunan tak\u0131m, \u015fehirli stilin sade ve g\u00fc\u00e7l\u00fc yorumunu yans\u0131t\u0131yor. \u00dcR\u00dcN BEDEN\u0130: 38 MANKEN \u00d6L\u00c7\u00dcS\u00dc BOY: 176cm G\u00d6\u011e\u00dcS: 82cm BEL: 61cm BASEN: 88cm<\/p>\n","protected":false},"featured_media":131869,"comment_status":"open","ping_status":"closed","template":"","meta":[],"product_brand":[],"product_cat":[1900],"product_tag":[7250,7354,7144,6751,6825],"class_list":{"0":"post-131877","1":"product","2":"type-product","3":"status-publish","4":"has-post-thumbnail","6":"product_cat-koordinatlar-setler","7":"product_tag-aci-kahve-rengi","8":"product_tag-gunluk-giyim-2","9":"product_tag-minimalist","10":"product_tag-rahat","11":"product_tag-sehir-stili","12":"pa_brand-armine","13":"pa_color-aci-kahve","14":"pa_size-4706","15":"pa_size-4711","16":"pa_size-4713","17":"pa_size-4751","19":"first","20":"outofstock","21":"shipping-taxable","22":"product-type-variable"},"_links":{"self":[{"href":"https:\/\/mod.wisdar.net\/tr\/wp-json\/wp\/v2\/product\/131877","targetHints":{"allow":["GET"]}}],"collection":[{"href":"https:\/\/mod.wisdar.net\/tr\/wp-json\/wp\/v2\/product"}],"about":[{"href":"https:\/\/mod.wisdar.net\/tr\/wp-json\/wp\/v2\/types\/product"}],"replies":[{"embeddable":true,"href":"https:\/\/mod.wisdar.net\/tr\/wp-json\/wp\/v2\/comments?post=131877"}],"wp:featuredmedia":[{"embeddable":true,"href":"https:\/\/mod.wisdar.net\/tr\/wp-json\/wp\/v2\/media\/131869"}],"wp:attachment":[{"href":"https:\/\/mod.wisdar.net\/tr\/wp-json\/wp\/v2\/media?parent=131877"}],"wp:term":[{"taxonomy":"product_brand","embeddable":true,"href":"https:\/\/mod.wisdar.net\/tr\/wp-json\/wp\/v2\/product_brand?post=131877"},{"taxonomy":"product_cat","embeddable":true,"href":"https:\/\/mod.wisdar.net\/tr\/wp-json\/wp\/v2\/product_cat?post=131877"},{"taxonomy":"product_tag","embeddable":true,"href":"https:\/\/mod.wisdar.net\/tr\/wp-json\/wp\/v2\/product_tag?post=131877"}],"curies":[{"name":"wp","href":"https:\/\/api.w.org\/{rel}","templated":true}]}}