{"id":131890,"date":"2026-02-20T08:38:42","date_gmt":"2026-02-20T08:38:42","guid":{"rendered":"https:\/\/modesthanim.com\/product\/armine-3lu-orme-takim-25kd1057-haki\/"},"modified":"2026-04-11T00:35:37","modified_gmt":"2026-04-11T00:35:37","slug":"armine-3lu-orme-takim-25kd1057-haki","status":"publish","type":"product","link":"https:\/\/mod.wisdar.net\/tr\/urun\/armine-3lu-orme-takim-25kd1057-haki\/","title":{"rendered":"Armine 3&#8217;l\u00fc \u00d6rme Tak\u0131m 25KD1057 Haki"},"content":{"rendered":"<p>Ak\u0131c\u0131 silueti ve \u00fc\u00e7 par\u00e7al\u0131 tasar\u0131m\u0131yla \u00f6ne \u00e7\u0131kan bu \u00f6rme tak\u0131m, rahat dokusuyla g\u00fcn boyu konfor sunarken modern bir \u015f\u0131kl\u0131k sunar. Ku\u015fakl\u0131 uzun \u00fcst tasar\u0131m, g\u00f6r\u00fcn\u00fcm\u00fc zarif bir \u015fekilde tamamlayarak silueti dengeler; geni\u015f pa\u00e7a pantolon ise hareket \u00f6zg\u00fcrl\u00fc\u011f\u00fc sa\u011flar. Minimal \u00e7izgileri ve sofistike renk tonu ile \u015fehir stiline do\u011fal bir zarafet katan bu tak\u0131m, hem g\u00fcnl\u00fck kullan\u0131m hem de \u015f\u0131k kombinler i\u00e7in ideal bir se\u00e7enek sunar.<\/p>\n<p>\u00dcR\u00dcN BEDEN\u0130: 36-38<\/p>\n<p>MANKEN \u00d6L\u00c7\u00dcS\u00dc<\/p>\n<p>BOY: 175cm<br \/>\nG\u00d6\u011e\u00dcS: 81cm<br \/>\nBEL: 62cm<br \/>\nBASEN: 91cm<\/p>\n","protected":false},"excerpt":{"rendered":"<p>Ak\u0131c\u0131 silueti ve \u00fc\u00e7 par\u00e7al\u0131 tasar\u0131m\u0131yla \u00f6ne \u00e7\u0131kan bu \u00f6rme tak\u0131m, rahat dokusuyla g\u00fcn boyu konfor sunarken modern bir \u015f\u0131kl\u0131k sunar. Ku\u015fakl\u0131 uzun \u00fcst tasar\u0131m, g\u00f6r\u00fcn\u00fcm\u00fc zarif bir \u015fekilde tamamlayarak silueti dengeler; geni\u015f pa\u00e7a pantolon ise hareket \u00f6zg\u00fcrl\u00fc\u011f\u00fc sa\u011flar. Minimal \u00e7izgileri ve sofistike renk tonu ile \u015fehir stiline do\u011fal bir zarafet katan bu tak\u0131m, hem [&hellip;]<\/p>\n","protected":false},"featured_media":131882,"comment_status":"open","ping_status":"closed","template":"","meta":[],"product_brand":[],"product_cat":[1900],"product_tag":[5012,5013,6751,6825],"class_list":{"0":"post-131890","1":"product","2":"type-product","3":"status-publish","4":"has-post-thumbnail","6":"product_cat-koordinatlar-setler","7":"product_tag-elegant","8":"product_tag-modern","9":"product_tag-rahat","10":"product_tag-sehir-stili","11":"pa_brand-armine","12":"pa_color-haki","13":"pa_size-36-38","14":"pa_size-40-42","15":"pa_size-44-46","17":"first","18":"instock","19":"sale","20":"shipping-taxable","21":"purchasable","22":"product-type-variable"},"_links":{"self":[{"href":"https:\/\/mod.wisdar.net\/tr\/wp-json\/wp\/v2\/product\/131890","targetHints":{"allow":["GET"]}}],"collection":[{"href":"https:\/\/mod.wisdar.net\/tr\/wp-json\/wp\/v2\/product"}],"about":[{"href":"https:\/\/mod.wisdar.net\/tr\/wp-json\/wp\/v2\/types\/product"}],"replies":[{"embeddable":true,"href":"https:\/\/mod.wisdar.net\/tr\/wp-json\/wp\/v2\/comments?post=131890"}],"wp:featuredmedia":[{"embeddable":true,"href":"https:\/\/mod.wisdar.net\/tr\/wp-json\/wp\/v2\/media\/131882"}],"wp:attachment":[{"href":"https:\/\/mod.wisdar.net\/tr\/wp-json\/wp\/v2\/media?parent=131890"}],"wp:term":[{"taxonomy":"product_brand","embeddable":true,"href":"https:\/\/mod.wisdar.net\/tr\/wp-json\/wp\/v2\/product_brand?post=131890"},{"taxonomy":"product_cat","embeddable":true,"href":"https:\/\/mod.wisdar.net\/tr\/wp-json\/wp\/v2\/product_cat?post=131890"},{"taxonomy":"product_tag","embeddable":true,"href":"https:\/\/mod.wisdar.net\/tr\/wp-json\/wp\/v2\/product_tag?post=131890"}],"curies":[{"name":"wp","href":"https:\/\/api.w.org\/{rel}","templated":true}]}}