{"id":131947,"date":"2026-02-20T08:40:44","date_gmt":"2026-02-20T08:40:44","guid":{"rendered":"https:\/\/modesthanim.com\/product\/26y6009-armine-takim-kakao\/"},"modified":"2026-02-20T09:22:16","modified_gmt":"2026-02-20T09:22:16","slug":"26y6009-armine-takim-kakao","status":"publish","type":"product","link":"https:\/\/mod.wisdar.net\/tr\/urun\/26y6009-armine-takim-kakao\/","title":{"rendered":"26Y6009 Armine Tak\u0131m Kakao"},"content":{"rendered":"<p>\u00dcR\u00dcN BEDEN\u0130: 36<\/p>\n<p>MANKEN \u00d6L\u00c7\u00dcS\u00dc<\/p>\n<p>BOY: 177cm<br \/>\nG\u00d6\u011e\u00dcS: 83cm<br \/>\nBEL: 58cm<br \/>\nBASEN: 90cm<\/p>\n<p>Kapama \u015eekli : \u0130\u00e7 Elbise Fermuar  Kapama<\/p>\n<p>\u00dcr\u00fcn Detay : \u0130\u00e7 elbise ve bluzdan olu\u015fan 2 par\u00e7al\u0131 bir tak\u0131md\u0131r.<\/p>\n","protected":false},"excerpt":{"rendered":"<p>\u00dcR\u00dcN BEDEN\u0130: 36 MANKEN \u00d6L\u00c7\u00dcS\u00dc BOY: 177cm G\u00d6\u011e\u00dcS: 83cm BEL: 58cm BASEN: 90cm Kapama \u015eekli : \u0130\u00e7 Elbise Fermuar Kapama \u00dcr\u00fcn Detay : \u0130\u00e7 elbise ve bluzdan olu\u015fan 2 par\u00e7al\u0131 bir tak\u0131md\u0131r.<\/p>\n","protected":false},"featured_media":131940,"comment_status":"open","ping_status":"closed","template":"","meta":[],"product_brand":[],"product_cat":[6249,1933],"product_tag":[6744],"class_list":{"0":"post-131947","1":"product","2":"type-product","3":"status-publish","4":"has-post-thumbnail","6":"product_cat-elbiseler","7":"product_cat-gunluk-ve-gunduz-elbiseleri","8":"product_tag-kadin-modasi","9":"pa_color-kahverengi","10":"pa_size-4701","11":"pa_size-4706","12":"pa_size-4711","13":"pa_size-4713","15":"first","16":"instock","17":"sale","18":"shipping-taxable","19":"purchasable","20":"product-type-variable"},"_links":{"self":[{"href":"https:\/\/mod.wisdar.net\/tr\/wp-json\/wp\/v2\/product\/131947","targetHints":{"allow":["GET"]}}],"collection":[{"href":"https:\/\/mod.wisdar.net\/tr\/wp-json\/wp\/v2\/product"}],"about":[{"href":"https:\/\/mod.wisdar.net\/tr\/wp-json\/wp\/v2\/types\/product"}],"replies":[{"embeddable":true,"href":"https:\/\/mod.wisdar.net\/tr\/wp-json\/wp\/v2\/comments?post=131947"}],"wp:featuredmedia":[{"embeddable":true,"href":"https:\/\/mod.wisdar.net\/tr\/wp-json\/wp\/v2\/media\/131940"}],"wp:attachment":[{"href":"https:\/\/mod.wisdar.net\/tr\/wp-json\/wp\/v2\/media?parent=131947"}],"wp:term":[{"taxonomy":"product_brand","embeddable":true,"href":"https:\/\/mod.wisdar.net\/tr\/wp-json\/wp\/v2\/product_brand?post=131947"},{"taxonomy":"product_cat","embeddable":true,"href":"https:\/\/mod.wisdar.net\/tr\/wp-json\/wp\/v2\/product_cat?post=131947"},{"taxonomy":"product_tag","embeddable":true,"href":"https:\/\/mod.wisdar.net\/tr\/wp-json\/wp\/v2\/product_tag?post=131947"}],"curies":[{"name":"wp","href":"https:\/\/api.w.org\/{rel}","templated":true}]}}