{"id":132016,"date":"2026-02-20T08:44:48","date_gmt":"2026-02-20T08:44:48","guid":{"rendered":"https:\/\/modesthanim.com\/product\/armine-fermuar-detayli-tunik-yag-yesili\/"},"modified":"2026-04-15T21:59:04","modified_gmt":"2026-04-15T21:59:04","slug":"armine-fermuar-detayli-tunik-yag-yesili","status":"publish","type":"product","link":"https:\/\/mod.wisdar.net\/tr\/urun\/armine-fermuar-detayli-tunik-yag-yesili\/","title":{"rendered":"Armine Fermuar Detayl\u0131 Tunik Ya\u011f Ye\u015fili"},"content":{"rendered":"<p>Minimal tasar\u0131m\u0131 fonksiyonel detaylarla bulu\u015fturan bu tunik, yar\u0131m fermuar detay\u0131yla modern ve dinamik bir g\u00f6r\u00fcn\u00fcm sunar. D\u00fcz ve ak\u0131c\u0131 formu g\u00fcn boyu konfor sa\u011flarken, cep detay\u0131 kullan\u0131m kolayl\u0131\u011f\u0131 kazand\u0131r\u0131r. Sade \u00e7izgileri sayesinde farkl\u0131 alt par\u00e7alarla rahatl\u0131kla kombinlenir; g\u00fcnl\u00fck stil ve \u015fehir temposu i\u00e7in zamans\u0131z bir tercih.<\/p>\n<p>\u00dcR\u00dcN BEDEN\u0130: 38<\/p>\n<p>MANKEN \u00d6L\u00c7\u00dcS\u00dc<\/p>\n<p>BOY: 175cm<br \/>\nG\u00d6\u011e\u00dcS: 81cm<br \/>\nBEL: 62cm<br \/>\nBASEN: 91cm<\/p>\n","protected":false},"excerpt":{"rendered":"<p>Minimal tasar\u0131m\u0131 fonksiyonel detaylarla bulu\u015fturan bu tunik, yar\u0131m fermuar detay\u0131yla modern ve dinamik bir g\u00f6r\u00fcn\u00fcm sunar. D\u00fcz ve ak\u0131c\u0131 formu g\u00fcn boyu konfor sa\u011flarken, cep detay\u0131 kullan\u0131m kolayl\u0131\u011f\u0131 kazand\u0131r\u0131r. Sade \u00e7izgileri sayesinde farkl\u0131 alt par\u00e7alarla rahatl\u0131kla kombinlenir; g\u00fcnl\u00fck stil ve \u015fehir temposu i\u00e7in zamans\u0131z bir tercih. \u00dcR\u00dcN BEDEN\u0130: 38 MANKEN \u00d6L\u00c7\u00dcS\u00dc BOY: 175cm G\u00d6\u011e\u00dcS: 81cm [&hellip;]<\/p>\n","protected":false},"featured_media":132011,"comment_status":"open","ping_status":"closed","template":"","meta":[],"product_brand":[],"product_cat":[2050],"product_tag":[7428,6770,7144],"class_list":{"0":"post-132016","1":"product","2":"type-product","3":"status-publish","4":"has-post-thumbnail","6":"product_cat-blazer-ceketler","7":"product_tag-fermuar-detayi","8":"product_tag-gunluk-giyim","9":"product_tag-minimalist","10":"pa_brand-armine","11":"pa_color-yag-yesili","12":"pa_size-4706","13":"pa_size-4711","14":"pa_size-4713","15":"pa_size-4751","16":"pa_size-4749","18":"first","19":"instock","20":"sale","21":"shipping-taxable","22":"purchasable","23":"product-type-variable"},"_links":{"self":[{"href":"https:\/\/mod.wisdar.net\/tr\/wp-json\/wp\/v2\/product\/132016","targetHints":{"allow":["GET"]}}],"collection":[{"href":"https:\/\/mod.wisdar.net\/tr\/wp-json\/wp\/v2\/product"}],"about":[{"href":"https:\/\/mod.wisdar.net\/tr\/wp-json\/wp\/v2\/types\/product"}],"replies":[{"embeddable":true,"href":"https:\/\/mod.wisdar.net\/tr\/wp-json\/wp\/v2\/comments?post=132016"}],"wp:featuredmedia":[{"embeddable":true,"href":"https:\/\/mod.wisdar.net\/tr\/wp-json\/wp\/v2\/media\/132011"}],"wp:attachment":[{"href":"https:\/\/mod.wisdar.net\/tr\/wp-json\/wp\/v2\/media?parent=132016"}],"wp:term":[{"taxonomy":"product_brand","embeddable":true,"href":"https:\/\/mod.wisdar.net\/tr\/wp-json\/wp\/v2\/product_brand?post=132016"},{"taxonomy":"product_cat","embeddable":true,"href":"https:\/\/mod.wisdar.net\/tr\/wp-json\/wp\/v2\/product_cat?post=132016"},{"taxonomy":"product_tag","embeddable":true,"href":"https:\/\/mod.wisdar.net\/tr\/wp-json\/wp\/v2\/product_tag?post=132016"}],"curies":[{"name":"wp","href":"https:\/\/api.w.org\/{rel}","templated":true}]}}