{"id":132037,"date":"2026-02-20T08:45:13","date_gmt":"2026-02-20T08:45:13","guid":{"rendered":"https:\/\/modesthanim.com\/product\/fermuar-detayli-basic-tunik-yag-yesili\/"},"modified":"2026-02-20T09:22:55","modified_gmt":"2026-02-20T09:22:55","slug":"fermuar-detayli-basic-tunik-yag-yesili","status":"publish","type":"product","link":"https:\/\/mod.wisdar.net\/tr\/urun\/fermuar-detayli-basic-tunik-yag-yesili\/","title":{"rendered":"Fermuar Detayl\u0131 Basic Tunik Ya\u011f Ye\u015fili"},"content":{"rendered":"<p>Minimal tasar\u0131m\u0131 modern bir dokunu\u015fla bulu\u015fturan bu tunik, sade \u015f\u0131kl\u0131\u011f\u0131 g\u00fc\u00e7l\u00fc bir siluetle tamamlar. Yumu\u015fak dokulu ve tok yap\u0131l\u0131 kuma\u015f\u0131 g\u00fcn boyu konfor sunarken, yar\u0131m fermuar detay\u0131 tasar\u0131ma sofistike bir karakter kazand\u0131r\u0131r. G\u00fcnl\u00fck stilinizden daha rafine kombinlere kadar zahmetsizce uyum sa\u011flar.<\/p>\n<p>\u00dcR\u00dcN BEDEN\u0130: 38<\/p>\n<p>MANKEN \u00d6L\u00c7\u00dcS\u00dc<\/p>\n<p>BOY: 175cm<br \/>\nG\u00d6\u011e\u00dcS: 83cm<br \/>\nBEL: 60cm<br \/>\nBASEN: 89cm<\/p>\n","protected":false},"excerpt":{"rendered":"<p>Minimal tasar\u0131m\u0131 modern bir dokunu\u015fla bulu\u015fturan bu tunik, sade \u015f\u0131kl\u0131\u011f\u0131 g\u00fc\u00e7l\u00fc bir siluetle tamamlar. Yumu\u015fak dokulu ve tok yap\u0131l\u0131 kuma\u015f\u0131 g\u00fcn boyu konfor sunarken, yar\u0131m fermuar detay\u0131 tasar\u0131ma sofistike bir karakter kazand\u0131r\u0131r. G\u00fcnl\u00fck stilinizden daha rafine kombinlere kadar zahmetsizce uyum sa\u011flar. \u00dcR\u00dcN BEDEN\u0130: 38 MANKEN \u00d6L\u00c7\u00dcS\u00dc BOY: 175cm G\u00d6\u011e\u00dcS: 83cm BEL: 60cm BASEN: 89cm<\/p>\n","protected":false},"featured_media":132025,"comment_status":"open","ping_status":"closed","template":"","meta":[],"product_brand":[],"product_cat":[2050],"product_tag":[4886,6936,7428,7144,5013,6751],"class_list":{"0":"post-132037","1":"product","2":"type-product","3":"status-publish","4":"has-post-thumbnail","6":"product_cat-blazer-ceketler","7":"product_tag-basic","8":"product_tag-cok-yonlu","9":"product_tag-fermuar-detayi","10":"product_tag-minimalist","11":"product_tag-modern","12":"product_tag-rahat","13":"pa_color-yag-yesili","14":"pa_size-4706","15":"pa_size-4711","16":"pa_size-4713","17":"pa_size-4751","18":"pa_size-4749","20":"first","21":"instock","22":"sale","23":"shipping-taxable","24":"purchasable","25":"product-type-variable"},"_links":{"self":[{"href":"https:\/\/mod.wisdar.net\/tr\/wp-json\/wp\/v2\/product\/132037","targetHints":{"allow":["GET"]}}],"collection":[{"href":"https:\/\/mod.wisdar.net\/tr\/wp-json\/wp\/v2\/product"}],"about":[{"href":"https:\/\/mod.wisdar.net\/tr\/wp-json\/wp\/v2\/types\/product"}],"replies":[{"embeddable":true,"href":"https:\/\/mod.wisdar.net\/tr\/wp-json\/wp\/v2\/comments?post=132037"}],"wp:featuredmedia":[{"embeddable":true,"href":"https:\/\/mod.wisdar.net\/tr\/wp-json\/wp\/v2\/media\/132025"}],"wp:attachment":[{"href":"https:\/\/mod.wisdar.net\/tr\/wp-json\/wp\/v2\/media?parent=132037"}],"wp:term":[{"taxonomy":"product_brand","embeddable":true,"href":"https:\/\/mod.wisdar.net\/tr\/wp-json\/wp\/v2\/product_brand?post=132037"},{"taxonomy":"product_cat","embeddable":true,"href":"https:\/\/mod.wisdar.net\/tr\/wp-json\/wp\/v2\/product_cat?post=132037"},{"taxonomy":"product_tag","embeddable":true,"href":"https:\/\/mod.wisdar.net\/tr\/wp-json\/wp\/v2\/product_tag?post=132037"}],"curies":[{"name":"wp","href":"https:\/\/api.w.org\/{rel}","templated":true}]}}