{"id":132070,"date":"2026-02-20T08:49:01","date_gmt":"2026-02-20T08:49:01","guid":{"rendered":"https:\/\/modesthanim.com\/product\/armine-tunik-25k4954-yag-yesili\/"},"modified":"2026-04-04T00:05:18","modified_gmt":"2026-04-04T00:05:18","slug":"armine-tunik-25k4954-yag-yesili","status":"publish","type":"product","link":"https:\/\/mod.wisdar.net\/tr\/urun\/armine-tunik-25k4954-yag-yesili\/","title":{"rendered":"Armine Tunik 25K4954 Ya\u011f Ye\u015fili"},"content":{"rendered":"<p>Yal\u0131n \u00e7izgileri ve dengeli kesimiyle modern bir siluet sunan bu tunik, \u015fehir stiline rafine bir dokunu\u015f katar. Ak\u0131\u015fkan dokulu kuma\u015f\u0131 g\u00fcn boyu konfor sa\u011flarken, man\u015fetlerdeki d\u00fc\u011fme detaylar\u0131 tasar\u0131ma incelikli bir karakter kazand\u0131r\u0131r. G\u00fcnl\u00fck kombinlerden daha sofistike g\u00f6r\u00fcn\u00fcmlere kadar \u00e7ok y\u00f6nl\u00fc bir kullan\u0131m sunar.<\/p>\n<p>\u00dcR\u00dcN BEDEN\u0130: 38<\/p>\n<p>MANKEN \u00d6L\u00c7\u00dcS\u00dc<\/p>\n<p>BOY: 175cm<br \/>\nG\u00d6\u011e\u00dcS: 81cm<br \/>\nBEL: 62cm<br \/>\nBASEN: 91cm<\/p>\n","protected":false},"excerpt":{"rendered":"<p>Yal\u0131n \u00e7izgileri ve dengeli kesimiyle modern bir siluet sunan bu tunik, \u015fehir stiline rafine bir dokunu\u015f katar. Ak\u0131\u015fkan dokulu kuma\u015f\u0131 g\u00fcn boyu konfor sa\u011flarken, man\u015fetlerdeki d\u00fc\u011fme detaylar\u0131 tasar\u0131ma incelikli bir karakter kazand\u0131r\u0131r. G\u00fcnl\u00fck kombinlerden daha sofistike g\u00f6r\u00fcn\u00fcmlere kadar \u00e7ok y\u00f6nl\u00fc bir kullan\u0131m sunar. \u00dcR\u00dcN BEDEN\u0130: 38 MANKEN \u00d6L\u00c7\u00dcS\u00dc BOY: 175cm G\u00d6\u011e\u00dcS: 81cm BEL: 62cm BASEN: [&hellip;]<\/p>\n","protected":false},"featured_media":132066,"comment_status":"open","ping_status":"closed","template":"","meta":[],"product_brand":[],"product_cat":[2050],"product_tag":[6825],"class_list":{"0":"post-132070","1":"product","2":"type-product","3":"status-publish","4":"has-post-thumbnail","6":"product_cat-blazer-ceketler","7":"product_tag-sehir-stili","8":"pa_brand-armine","9":"pa_color-yesil","10":"pa_size-4706","11":"pa_size-4711","12":"pa_size-4713","13":"pa_size-4751","15":"first","16":"instock","17":"sale","18":"shipping-taxable","19":"purchasable","20":"product-type-variable"},"_links":{"self":[{"href":"https:\/\/mod.wisdar.net\/tr\/wp-json\/wp\/v2\/product\/132070","targetHints":{"allow":["GET"]}}],"collection":[{"href":"https:\/\/mod.wisdar.net\/tr\/wp-json\/wp\/v2\/product"}],"about":[{"href":"https:\/\/mod.wisdar.net\/tr\/wp-json\/wp\/v2\/types\/product"}],"replies":[{"embeddable":true,"href":"https:\/\/mod.wisdar.net\/tr\/wp-json\/wp\/v2\/comments?post=132070"}],"wp:featuredmedia":[{"embeddable":true,"href":"https:\/\/mod.wisdar.net\/tr\/wp-json\/wp\/v2\/media\/132066"}],"wp:attachment":[{"href":"https:\/\/mod.wisdar.net\/tr\/wp-json\/wp\/v2\/media?parent=132070"}],"wp:term":[{"taxonomy":"product_brand","embeddable":true,"href":"https:\/\/mod.wisdar.net\/tr\/wp-json\/wp\/v2\/product_brand?post=132070"},{"taxonomy":"product_cat","embeddable":true,"href":"https:\/\/mod.wisdar.net\/tr\/wp-json\/wp\/v2\/product_cat?post=132070"},{"taxonomy":"product_tag","embeddable":true,"href":"https:\/\/mod.wisdar.net\/tr\/wp-json\/wp\/v2\/product_tag?post=132070"}],"curies":[{"name":"wp","href":"https:\/\/api.w.org\/{rel}","templated":true}]}}