{"id":132105,"date":"2026-02-20T08:50:01","date_gmt":"2026-02-20T08:50:01","guid":{"rendered":"https:\/\/modesthanim.com\/product\/armine-bagcikli-safari-tunik-25kd9012-bej\/"},"modified":"2026-04-04T00:04:50","modified_gmt":"2026-04-04T00:04:50","slug":"armine-bagcikli-safari-tunik-25kd9012-bej","status":"publish","type":"product","link":"https:\/\/mod.wisdar.net\/tr\/urun\/armine-bagcikli-safari-tunik-25kd9012-bej\/","title":{"rendered":"Armine Ba\u011fc\u0131kl\u0131 Safari Tunik 25KD9012 Bej"},"content":{"rendered":"<p>Rahat ve modern \u00e7izgisiyle \u00f6ne \u00e7\u0131kan ba\u011fc\u0131kl\u0131 safari tunik, \u015fehir stiline i\u015flevsel bir \u015f\u0131kl\u0131k kat\u0131yor. Bel k\u0131sm\u0131ndaki ayarlanabilir ba\u011fc\u0131k detay\u0131, formu ki\u015fiselle\u015ftirme imk\u00e2n\u0131 sunarken, d\u00f6k\u00fcml\u00fc yap\u0131s\u0131 g\u00fcn boyu konfor sa\u011fl\u0131yor. Minimal tasar\u0131m\u0131 ve zarif detaylar\u0131yla hem g\u00fcnl\u00fck kombinlerde hem de ofis stilinde kolayca tercih edilebilecek zamans\u0131z bir par\u00e7a. Gard\u0131robunuzun fonksiyonel ve \u015f\u0131k tamamlay\u0131c\u0131s\u0131 olacak.<\/p>\n<p>\u00dcR\u00dcN BEDEN\u0130: 38<\/p>\n<p>MANKEN \u00d6L\u00c7\u00dcS\u00dc<\/p>\n<p>BOY: 175cm<br \/>\nG\u00d6\u011e\u00dcS: 83cm<br \/>\nBEL: 60cm<br \/>\nBASEN: 89cm<\/p>\n","protected":false},"excerpt":{"rendered":"<p>Rahat ve modern \u00e7izgisiyle \u00f6ne \u00e7\u0131kan ba\u011fc\u0131kl\u0131 safari tunik, \u015fehir stiline i\u015flevsel bir \u015f\u0131kl\u0131k kat\u0131yor. Bel k\u0131sm\u0131ndaki ayarlanabilir ba\u011fc\u0131k detay\u0131, formu ki\u015fiselle\u015ftirme imk\u00e2n\u0131 sunarken, d\u00f6k\u00fcml\u00fc yap\u0131s\u0131 g\u00fcn boyu konfor sa\u011fl\u0131yor. Minimal tasar\u0131m\u0131 ve zarif detaylar\u0131yla hem g\u00fcnl\u00fck kombinlerde hem de ofis stilinde kolayca tercih edilebilecek zamans\u0131z bir par\u00e7a. Gard\u0131robunuzun fonksiyonel ve \u015f\u0131k tamamlay\u0131c\u0131s\u0131 olacak. \u00dcR\u00dcN [&hellip;]<\/p>\n","protected":false},"featured_media":132099,"comment_status":"open","ping_status":"closed","template":"","meta":[],"product_brand":[],"product_cat":[2050],"product_tag":[6905,6754],"class_list":{"0":"post-132105","1":"product","2":"type-product","3":"status-publish","4":"has-post-thumbnail","6":"product_cat-blazer-ceketler","7":"product_tag-gunluk-sik","8":"product_tag-ofis-kiyafeti","9":"pa_brand-armine","10":"pa_color-bej","11":"pa_size-4706","12":"pa_size-4711","13":"pa_size-4713","14":"pa_size-4751","16":"first","17":"instock","18":"sale","19":"shipping-taxable","20":"purchasable","21":"product-type-variable"},"_links":{"self":[{"href":"https:\/\/mod.wisdar.net\/tr\/wp-json\/wp\/v2\/product\/132105","targetHints":{"allow":["GET"]}}],"collection":[{"href":"https:\/\/mod.wisdar.net\/tr\/wp-json\/wp\/v2\/product"}],"about":[{"href":"https:\/\/mod.wisdar.net\/tr\/wp-json\/wp\/v2\/types\/product"}],"replies":[{"embeddable":true,"href":"https:\/\/mod.wisdar.net\/tr\/wp-json\/wp\/v2\/comments?post=132105"}],"wp:featuredmedia":[{"embeddable":true,"href":"https:\/\/mod.wisdar.net\/tr\/wp-json\/wp\/v2\/media\/132099"}],"wp:attachment":[{"href":"https:\/\/mod.wisdar.net\/tr\/wp-json\/wp\/v2\/media?parent=132105"}],"wp:term":[{"taxonomy":"product_brand","embeddable":true,"href":"https:\/\/mod.wisdar.net\/tr\/wp-json\/wp\/v2\/product_brand?post=132105"},{"taxonomy":"product_cat","embeddable":true,"href":"https:\/\/mod.wisdar.net\/tr\/wp-json\/wp\/v2\/product_cat?post=132105"},{"taxonomy":"product_tag","embeddable":true,"href":"https:\/\/mod.wisdar.net\/tr\/wp-json\/wp\/v2\/product_tag?post=132105"}],"curies":[{"name":"wp","href":"https:\/\/api.w.org\/{rel}","templated":true}]}}