{"id":132274,"date":"2026-02-20T08:56:22","date_gmt":"2026-02-20T08:56:22","guid":{"rendered":"https:\/\/modesthanim.com\/product\/armine-cepli-gabardin-gomlek-ceket-25k3603-cagla\/"},"modified":"2026-04-04T00:01:10","modified_gmt":"2026-04-04T00:01:10","slug":"armine-cepli-gabardin-gomlek-ceket-25k3603-cagla","status":"publish","type":"product","link":"https:\/\/mod.wisdar.net\/tr\/urun\/armine-cepli-gabardin-gomlek-ceket-25k3603-cagla\/","title":{"rendered":"Armine Cepli Gabardin G\u00f6mlek Ceket 25K3603 \u00c7a\u011fla"},"content":{"rendered":"<p>Pamuklu kuma\u015f\u0131 ve cep detaylar\u0131yla \u00f6ne \u00e7\u0131kan oversize g\u00f6mlek, rahatl\u0131k ve \u015f\u0131kl\u0131\u011f\u0131 bir araya getiriyor. Geni\u015f kesimiyle modern bir g\u00f6r\u00fcn\u00fcm sa\u011flarken, nefes alabilir kuma\u015f\u0131 ile konfor sa\u011fl\u0131yor. G\u00f6mle\u011fi farkl\u0131 fitlerde ki denim pantolonlarla kombinleyebilir, geni\u015f renk se\u00e7enekleriyle tarz\u0131n\u0131za uygun olan\u0131 tercih edebilirsiniz.<\/p>\n<p>\u00dcR\u00dcN BEDEN\u0130: 1<\/p>\n<p>MANKEN \u00d6L\u00c7\u00dcS\u00dc<\/p>\n<p>BOY: 177cm<br \/>\nG\u00d6\u011e\u00dcS: 83cm<br \/>\nBEL: 58cm<br \/>\nBASEN: 90cm<\/p>\n","protected":false},"excerpt":{"rendered":"<p>Pamuklu kuma\u015f\u0131 ve cep detaylar\u0131yla \u00f6ne \u00e7\u0131kan oversize g\u00f6mlek, rahatl\u0131k ve \u015f\u0131kl\u0131\u011f\u0131 bir araya getiriyor. Geni\u015f kesimiyle modern bir g\u00f6r\u00fcn\u00fcm sa\u011flarken, nefes alabilir kuma\u015f\u0131 ile konfor sa\u011fl\u0131yor. G\u00f6mle\u011fi farkl\u0131 fitlerde ki denim pantolonlarla kombinleyebilir, geni\u015f renk se\u00e7enekleriyle tarz\u0131n\u0131za uygun olan\u0131 tercih edebilirsiniz. \u00dcR\u00dcN BEDEN\u0130: 1 MANKEN \u00d6L\u00c7\u00dcS\u00dc BOY: 177cm G\u00d6\u011e\u00dcS: 83cm BEL: 58cm BASEN: 90cm<\/p>\n","protected":false},"featured_media":132262,"comment_status":"open","ping_status":"closed","template":"","meta":[],"product_brand":[],"product_cat":[1909],"product_tag":[6826,7488],"class_list":{"0":"post-132274","1":"product","2":"type-product","3":"status-publish","4":"has-post-thumbnail","6":"product_cat-bluzlar-ve-gomlekler","7":"product_tag-modern-moda","8":"product_tag-pamuk","9":"pa_brand-armine","10":"pa_color-yesil","11":"pa_size-36-38","12":"pa_size-40-42","13":"pa_size-44-46","15":"first","16":"instock","17":"shipping-taxable","18":"purchasable","19":"product-type-variable"},"_links":{"self":[{"href":"https:\/\/mod.wisdar.net\/tr\/wp-json\/wp\/v2\/product\/132274","targetHints":{"allow":["GET"]}}],"collection":[{"href":"https:\/\/mod.wisdar.net\/tr\/wp-json\/wp\/v2\/product"}],"about":[{"href":"https:\/\/mod.wisdar.net\/tr\/wp-json\/wp\/v2\/types\/product"}],"replies":[{"embeddable":true,"href":"https:\/\/mod.wisdar.net\/tr\/wp-json\/wp\/v2\/comments?post=132274"}],"wp:featuredmedia":[{"embeddable":true,"href":"https:\/\/mod.wisdar.net\/tr\/wp-json\/wp\/v2\/media\/132262"}],"wp:attachment":[{"href":"https:\/\/mod.wisdar.net\/tr\/wp-json\/wp\/v2\/media?parent=132274"}],"wp:term":[{"taxonomy":"product_brand","embeddable":true,"href":"https:\/\/mod.wisdar.net\/tr\/wp-json\/wp\/v2\/product_brand?post=132274"},{"taxonomy":"product_cat","embeddable":true,"href":"https:\/\/mod.wisdar.net\/tr\/wp-json\/wp\/v2\/product_cat?post=132274"},{"taxonomy":"product_tag","embeddable":true,"href":"https:\/\/mod.wisdar.net\/tr\/wp-json\/wp\/v2\/product_tag?post=132274"}],"curies":[{"name":"wp","href":"https:\/\/api.w.org\/{rel}","templated":true}]}}