{"id":132304,"date":"2026-02-20T08:57:30","date_gmt":"2026-02-20T08:57:30","guid":{"rendered":"https:\/\/modesthanim.com\/product\/26y4706-armine-tunik-elbise-sahra\/"},"modified":"2026-02-20T09:38:41","modified_gmt":"2026-02-20T09:38:41","slug":"26y4706-armine-tunik-elbise-sahra","status":"publish","type":"product","link":"https:\/\/mod.wisdar.net\/tr\/urun\/26y4706-armine-tunik-elbise-sahra\/","title":{"rendered":"26Y4706 Armine Tunik Elbise Sahra"},"content":{"rendered":"<p>Asimetrik kesimiyle \u00f6ne \u00e7\u0131kan tunik elbise, yumu\u015fac\u0131k cupro kuma\u015f\u0131 sayesinde yaz mevsiminde esinti gibi hissettiriyor. Do\u011fal yap\u0131s\u0131yla nefes al\u0131rken, ipeksi dokusu sayesinde sofistike bir g\u00f6r\u00fcn\u00fcm sunuyor. Hem \u015fehir hayat\u0131nda konforu arayanlara hem de \u00f6zel g\u00fcnlerde zarafetinden \u00f6d\u00fcn vermek istemeyenlere hitap eden par\u00e7a, modern \u00e7izgileriyle gard\u0131robunuzun favorisi olmaya aday.<\/p>\n<p>\u00dcR\u00dcN BEDEN\u0130: 38<\/p>\n<p>MANKEN \u00d6L\u00c7\u00dcS\u00dc<\/p>\n<p>BOY: 177cm<br \/>\nG\u00d6\u011e\u00dcS: 83cm<br \/>\nBEL: 58cm<br \/>\nBASEN: 90cm<\/p>\n<p>Kapama \u015eekli: D\u00fc\u011fme Kapama<\/p>\n","protected":false},"excerpt":{"rendered":"<p>Asimetrik kesimiyle \u00f6ne \u00e7\u0131kan tunik elbise, yumu\u015fac\u0131k cupro kuma\u015f\u0131 sayesinde yaz mevsiminde esinti gibi hissettiriyor. Do\u011fal yap\u0131s\u0131yla nefes al\u0131rken, ipeksi dokusu sayesinde sofistike bir g\u00f6r\u00fcn\u00fcm sunuyor. Hem \u015fehir hayat\u0131nda konforu arayanlara hem de \u00f6zel g\u00fcnlerde zarafetinden \u00f6d\u00fcn vermek istemeyenlere hitap eden par\u00e7a, modern \u00e7izgileriyle gard\u0131robunuzun favorisi olmaya aday. \u00dcR\u00dcN BEDEN\u0130: 38 MANKEN \u00d6L\u00c7\u00dcS\u00dc BOY: 177cm [&hellip;]<\/p>\n","protected":false},"featured_media":132296,"comment_status":"open","ping_status":"closed","template":"","meta":[],"product_brand":[],"product_cat":[2050],"product_tag":[],"class_list":{"0":"post-132304","1":"product","2":"type-product","3":"status-publish","4":"has-post-thumbnail","6":"product_cat-blazer-ceketler","7":"pa_color-camel","8":"pa_size-4706","9":"pa_size-4711","10":"pa_size-4713","11":"pa_size-4751","13":"first","14":"instock","15":"sale","16":"shipping-taxable","17":"purchasable","18":"product-type-variable"},"_links":{"self":[{"href":"https:\/\/mod.wisdar.net\/tr\/wp-json\/wp\/v2\/product\/132304","targetHints":{"allow":["GET"]}}],"collection":[{"href":"https:\/\/mod.wisdar.net\/tr\/wp-json\/wp\/v2\/product"}],"about":[{"href":"https:\/\/mod.wisdar.net\/tr\/wp-json\/wp\/v2\/types\/product"}],"replies":[{"embeddable":true,"href":"https:\/\/mod.wisdar.net\/tr\/wp-json\/wp\/v2\/comments?post=132304"}],"wp:featuredmedia":[{"embeddable":true,"href":"https:\/\/mod.wisdar.net\/tr\/wp-json\/wp\/v2\/media\/132296"}],"wp:attachment":[{"href":"https:\/\/mod.wisdar.net\/tr\/wp-json\/wp\/v2\/media?parent=132304"}],"wp:term":[{"taxonomy":"product_brand","embeddable":true,"href":"https:\/\/mod.wisdar.net\/tr\/wp-json\/wp\/v2\/product_brand?post=132304"},{"taxonomy":"product_cat","embeddable":true,"href":"https:\/\/mod.wisdar.net\/tr\/wp-json\/wp\/v2\/product_cat?post=132304"},{"taxonomy":"product_tag","embeddable":true,"href":"https:\/\/mod.wisdar.net\/tr\/wp-json\/wp\/v2\/product_tag?post=132304"}],"curies":[{"name":"wp","href":"https:\/\/api.w.org\/{rel}","templated":true}]}}