{"id":132344,"date":"2026-02-20T08:58:36","date_gmt":"2026-02-20T08:58:36","guid":{"rendered":"https:\/\/modesthanim.com\/product\/armine-oversize-tunik-elbise-siyah\/"},"modified":"2026-04-11T00:24:05","modified_gmt":"2026-04-11T00:24:05","slug":"armine-oversize-tunik-elbise-siyah","status":"publish","type":"product","link":"https:\/\/mod.wisdar.net\/tr\/urun\/armine-oversize-tunik-elbise-siyah\/","title":{"rendered":"Armine Oversize Tunik Elbise Siyah"},"content":{"rendered":"<p>Ak\u0131c\u0131 formu ve oversize kesimiyle modern bir siluet sunan bu tunik elbise, sade tasar\u0131m\u0131yla zamans\u0131z bir duru\u015f sergiler. Geni\u015f kal\u0131b\u0131 sayesinde g\u00fcn boyu konfor sa\u011flarken, net \u00e7izgileriyle dengeli ve g\u00fc\u00e7l\u00fc bir g\u00f6r\u00fcn\u00fcm olu\u015fturur. Tek par\u00e7ada zahmetsiz \u015f\u0131kl\u0131k arayanlar i\u00e7in g\u00fcnl\u00fck stilin vazge\u00e7ilmez bir tamamlay\u0131c\u0131s\u0131d\u0131r.<\/p>\n<p>\u00dcR\u00dcN BEDEN\u0130: 38<\/p>\n<p>MANKEN \u00d6L\u00c7\u00dcS\u00dc<\/p>\n<p>BOY: 175cm<br \/>\nG\u00d6\u011e\u00dcS: 81cm<br \/>\nBEL: 62cm<br \/>\nBASEN: 91cm<\/p>\n","protected":false},"excerpt":{"rendered":"<p>Ak\u0131c\u0131 formu ve oversize kesimiyle modern bir siluet sunan bu tunik elbise, sade tasar\u0131m\u0131yla zamans\u0131z bir duru\u015f sergiler. Geni\u015f kal\u0131b\u0131 sayesinde g\u00fcn boyu konfor sa\u011flarken, net \u00e7izgileriyle dengeli ve g\u00fc\u00e7l\u00fc bir g\u00f6r\u00fcn\u00fcm olu\u015fturur. Tek par\u00e7ada zahmetsiz \u015f\u0131kl\u0131k arayanlar i\u00e7in g\u00fcnl\u00fck stilin vazge\u00e7ilmez bir tamamlay\u0131c\u0131s\u0131d\u0131r. \u00dcR\u00dcN BEDEN\u0130: 38 MANKEN \u00d6L\u00c7\u00dcS\u00dc BOY: 175cm G\u00d6\u011e\u00dcS: 81cm BEL: 62cm [&hellip;]<\/p>\n","protected":false},"featured_media":132338,"comment_status":"open","ping_status":"closed","template":"","meta":[],"product_brand":[],"product_cat":[2050],"product_tag":[],"class_list":{"0":"post-132344","1":"product","2":"type-product","3":"status-publish","4":"has-post-thumbnail","6":"product_cat-blazer-ceketler","7":"pa_brand-armine","8":"pa_color-siyah","9":"pa_size-4706","10":"pa_size-4711","11":"pa_size-4713","12":"pa_size-4751","14":"first","15":"outofstock","16":"shipping-taxable","17":"product-type-variable"},"_links":{"self":[{"href":"https:\/\/mod.wisdar.net\/tr\/wp-json\/wp\/v2\/product\/132344","targetHints":{"allow":["GET"]}}],"collection":[{"href":"https:\/\/mod.wisdar.net\/tr\/wp-json\/wp\/v2\/product"}],"about":[{"href":"https:\/\/mod.wisdar.net\/tr\/wp-json\/wp\/v2\/types\/product"}],"replies":[{"embeddable":true,"href":"https:\/\/mod.wisdar.net\/tr\/wp-json\/wp\/v2\/comments?post=132344"}],"wp:featuredmedia":[{"embeddable":true,"href":"https:\/\/mod.wisdar.net\/tr\/wp-json\/wp\/v2\/media\/132338"}],"wp:attachment":[{"href":"https:\/\/mod.wisdar.net\/tr\/wp-json\/wp\/v2\/media?parent=132344"}],"wp:term":[{"taxonomy":"product_brand","embeddable":true,"href":"https:\/\/mod.wisdar.net\/tr\/wp-json\/wp\/v2\/product_brand?post=132344"},{"taxonomy":"product_cat","embeddable":true,"href":"https:\/\/mod.wisdar.net\/tr\/wp-json\/wp\/v2\/product_cat?post=132344"},{"taxonomy":"product_tag","embeddable":true,"href":"https:\/\/mod.wisdar.net\/tr\/wp-json\/wp\/v2\/product_tag?post=132344"}],"curies":[{"name":"wp","href":"https:\/\/api.w.org\/{rel}","templated":true}]}}