{"id":132376,"date":"2026-02-20T08:59:22","date_gmt":"2026-02-20T08:59:22","guid":{"rendered":"https:\/\/modesthanim.com\/product\/26y4701-armine-tunik-elbise-sahra\/"},"modified":"2026-02-20T09:38:47","modified_gmt":"2026-02-20T09:38:47","slug":"26y4701-armine-tunik-elbise-sahra","status":"publish","type":"product","link":"https:\/\/mod.wisdar.net\/tr\/urun\/26y4701-armine-tunik-elbise-sahra\/","title":{"rendered":"26Y4701 Armine Tunik Elbise Sahra"},"content":{"rendered":"<p>Yaz mevsiminin s\u0131cak g\u00fcnlerinde serin kalman\u0131n \u015f\u0131k yolu; do\u011fal kuma\u015f i\u00e7eri\u011fiyle tasarlanan oversize tunik elbise! Geni\u015f kesimiyle modern bir g\u00f6r\u00fcn\u00fcm sa\u011flarken, nefes alabilir kuma\u015f\u0131 ile konfor sunuyor.<\/p>\n<p>\u00dcR\u00dcN BEDEN\u0130: 1<\/p>\n<p>MANKEN \u00d6L\u00c7\u00dcS\u00dc<\/p>\n<p>BOY: 178cm<br \/>\nG\u00d6\u011e\u00dcS: 80cm<br \/>\nBEL: 60cm<br \/>\nBASEN: 89cm<\/p>\n","protected":false},"excerpt":{"rendered":"<p>Yaz mevsiminin s\u0131cak g\u00fcnlerinde serin kalman\u0131n \u015f\u0131k yolu; do\u011fal kuma\u015f i\u00e7eri\u011fiyle tasarlanan oversize tunik elbise! Geni\u015f kesimiyle modern bir g\u00f6r\u00fcn\u00fcm sa\u011flarken, nefes alabilir kuma\u015f\u0131 ile konfor sunuyor. \u00dcR\u00dcN BEDEN\u0130: 1 MANKEN \u00d6L\u00c7\u00dcS\u00dc BOY: 178cm G\u00d6\u011e\u00dcS: 80cm BEL: 60cm BASEN: 89cm<\/p>\n","protected":false},"featured_media":132364,"comment_status":"open","ping_status":"closed","template":"","meta":[],"product_brand":[],"product_cat":[2050],"product_tag":[],"class_list":{"0":"post-132376","1":"product","2":"type-product","3":"status-publish","4":"has-post-thumbnail","6":"product_cat-blazer-ceketler","7":"pa_color-camel","8":"pa_size-36-38","9":"pa_size-40-42","11":"first","12":"instock","13":"sale","14":"shipping-taxable","15":"purchasable","16":"product-type-variable"},"_links":{"self":[{"href":"https:\/\/mod.wisdar.net\/tr\/wp-json\/wp\/v2\/product\/132376","targetHints":{"allow":["GET"]}}],"collection":[{"href":"https:\/\/mod.wisdar.net\/tr\/wp-json\/wp\/v2\/product"}],"about":[{"href":"https:\/\/mod.wisdar.net\/tr\/wp-json\/wp\/v2\/types\/product"}],"replies":[{"embeddable":true,"href":"https:\/\/mod.wisdar.net\/tr\/wp-json\/wp\/v2\/comments?post=132376"}],"wp:featuredmedia":[{"embeddable":true,"href":"https:\/\/mod.wisdar.net\/tr\/wp-json\/wp\/v2\/media\/132364"}],"wp:attachment":[{"href":"https:\/\/mod.wisdar.net\/tr\/wp-json\/wp\/v2\/media?parent=132376"}],"wp:term":[{"taxonomy":"product_brand","embeddable":true,"href":"https:\/\/mod.wisdar.net\/tr\/wp-json\/wp\/v2\/product_brand?post=132376"},{"taxonomy":"product_cat","embeddable":true,"href":"https:\/\/mod.wisdar.net\/tr\/wp-json\/wp\/v2\/product_cat?post=132376"},{"taxonomy":"product_tag","embeddable":true,"href":"https:\/\/mod.wisdar.net\/tr\/wp-json\/wp\/v2\/product_tag?post=132376"}],"curies":[{"name":"wp","href":"https:\/\/api.w.org\/{rel}","templated":true}]}}