{"id":132410,"date":"2026-02-20T09:00:56","date_gmt":"2026-02-20T09:00:56","guid":{"rendered":"https:\/\/modesthanim.com\/product\/26y4705-armine-tunik-elbise-yesil\/"},"modified":"2026-02-20T09:38:58","modified_gmt":"2026-02-20T09:38:58","slug":"26y4705-armine-tunik-elbise-yesil","status":"publish","type":"product","link":"https:\/\/mod.wisdar.net\/tr\/urun\/26y4705-armine-tunik-elbise-yesil\/","title":{"rendered":"26Y4705 Armine Tunik Elbise Ye\u015fil"},"content":{"rendered":"<p>\u015e\u0131kl\u0131\u011f\u0131n\u0131z\u0131 tamamlayacak uzun, b\u00fcy\u00fck cepli tunik elbiseler Armine kalitesi ile \u015fimdi \u0130lkbahar-yaz koleksiyonunda! Y\u00fcksek kaliteli kuma\u015f\u0131 ve \u00f6zg\u00fcn tasar\u0131m\u0131yla zarafeti ve rahatl\u0131\u011f\u0131 bir arada sunarken, hem g\u00fcnl\u00fck kullan\u0131m da hem de \u00f6zel davetlerde kendinizi \u00f6zel hissetmenizi sa\u011fl\u0131yor. \u0130ster spor ayakkab\u0131yla isterseniz de topuklu ayakkab\u0131larla kombinleyebilirsiniz.<\/p>\n","protected":false},"excerpt":{"rendered":"<p>\u015e\u0131kl\u0131\u011f\u0131n\u0131z\u0131 tamamlayacak uzun, b\u00fcy\u00fck cepli tunik elbiseler Armine kalitesi ile \u015fimdi \u0130lkbahar-yaz koleksiyonunda! Y\u00fcksek kaliteli kuma\u015f\u0131 ve \u00f6zg\u00fcn tasar\u0131m\u0131yla zarafeti ve rahatl\u0131\u011f\u0131 bir arada sunarken, hem g\u00fcnl\u00fck kullan\u0131m da hem de \u00f6zel davetlerde kendinizi \u00f6zel hissetmenizi sa\u011fl\u0131yor. \u0130ster spor ayakkab\u0131yla isterseniz de topuklu ayakkab\u0131larla kombinleyebilirsiniz.<\/p>\n","protected":false},"featured_media":132404,"comment_status":"open","ping_status":"closed","template":"","meta":[],"product_brand":[],"product_cat":[2050],"product_tag":[],"class_list":{"0":"post-132410","1":"product","2":"type-product","3":"status-publish","4":"has-post-thumbnail","6":"product_cat-blazer-ceketler","7":"pa_color-yesil","8":"pa_size-4706","9":"pa_size-4711","10":"pa_size-4713","11":"pa_size-4751","13":"first","14":"instock","15":"sale","16":"shipping-taxable","17":"purchasable","18":"product-type-variable"},"_links":{"self":[{"href":"https:\/\/mod.wisdar.net\/tr\/wp-json\/wp\/v2\/product\/132410","targetHints":{"allow":["GET"]}}],"collection":[{"href":"https:\/\/mod.wisdar.net\/tr\/wp-json\/wp\/v2\/product"}],"about":[{"href":"https:\/\/mod.wisdar.net\/tr\/wp-json\/wp\/v2\/types\/product"}],"replies":[{"embeddable":true,"href":"https:\/\/mod.wisdar.net\/tr\/wp-json\/wp\/v2\/comments?post=132410"}],"wp:featuredmedia":[{"embeddable":true,"href":"https:\/\/mod.wisdar.net\/tr\/wp-json\/wp\/v2\/media\/132404"}],"wp:attachment":[{"href":"https:\/\/mod.wisdar.net\/tr\/wp-json\/wp\/v2\/media?parent=132410"}],"wp:term":[{"taxonomy":"product_brand","embeddable":true,"href":"https:\/\/mod.wisdar.net\/tr\/wp-json\/wp\/v2\/product_brand?post=132410"},{"taxonomy":"product_cat","embeddable":true,"href":"https:\/\/mod.wisdar.net\/tr\/wp-json\/wp\/v2\/product_cat?post=132410"},{"taxonomy":"product_tag","embeddable":true,"href":"https:\/\/mod.wisdar.net\/tr\/wp-json\/wp\/v2\/product_tag?post=132410"}],"curies":[{"name":"wp","href":"https:\/\/api.w.org\/{rel}","templated":true}]}}