{"id":132440,"date":"2026-02-20T09:01:58","date_gmt":"2026-02-20T09:01:58","guid":{"rendered":"https:\/\/modesthanim.com\/product\/26y4705-armine-tunik-elbise-sahra\/"},"modified":"2026-02-20T09:45:33","modified_gmt":"2026-02-20T09:45:33","slug":"26y4705-armine-tunik-elbise-sahra","status":"publish","type":"product","link":"https:\/\/mod.wisdar.net\/tr\/urun\/26y4705-armine-tunik-elbise-sahra\/","title":{"rendered":"26Y4705 Armine Tunik Elbise Sahra"},"content":{"rendered":"<p>\u00dcR\u00dcN BEDEN\u0130: 38<\/p>\n<p>MANKEN \u00d6L\u00c7\u00dcLER\u0130<\/p>\n<p>BOY: 180cm<br \/>\nG\u00d6\u011e\u00dcS: 84cm<br \/>\nBEL: 60cm<br \/>\nBASEN: 91cm<\/p>\n<p>Kapama \u015eekli: D\u00fc\u011fme Kapama<\/p>\n","protected":false},"excerpt":{"rendered":"<p>\u00dcR\u00dcN BEDEN\u0130: 38 MANKEN \u00d6L\u00c7\u00dcLER\u0130 BOY: 180cm G\u00d6\u011e\u00dcS: 84cm BEL: 60cm BASEN: 91cm Kapama \u015eekli: D\u00fc\u011fme Kapama<\/p>\n","protected":false},"featured_media":132434,"comment_status":"open","ping_status":"closed","template":"","meta":[],"product_brand":[],"product_cat":[2050],"product_tag":[],"class_list":{"0":"post-132440","1":"product","2":"type-product","3":"status-publish","4":"has-post-thumbnail","6":"product_cat-blazer-ceketler","7":"pa_color-camel","8":"pa_size-4706","9":"pa_size-4711","10":"pa_size-4713","11":"pa_size-4751","13":"first","14":"instock","15":"sale","16":"shipping-taxable","17":"purchasable","18":"product-type-variable"},"_links":{"self":[{"href":"https:\/\/mod.wisdar.net\/tr\/wp-json\/wp\/v2\/product\/132440","targetHints":{"allow":["GET"]}}],"collection":[{"href":"https:\/\/mod.wisdar.net\/tr\/wp-json\/wp\/v2\/product"}],"about":[{"href":"https:\/\/mod.wisdar.net\/tr\/wp-json\/wp\/v2\/types\/product"}],"replies":[{"embeddable":true,"href":"https:\/\/mod.wisdar.net\/tr\/wp-json\/wp\/v2\/comments?post=132440"}],"wp:featuredmedia":[{"embeddable":true,"href":"https:\/\/mod.wisdar.net\/tr\/wp-json\/wp\/v2\/media\/132434"}],"wp:attachment":[{"href":"https:\/\/mod.wisdar.net\/tr\/wp-json\/wp\/v2\/media?parent=132440"}],"wp:term":[{"taxonomy":"product_brand","embeddable":true,"href":"https:\/\/mod.wisdar.net\/tr\/wp-json\/wp\/v2\/product_brand?post=132440"},{"taxonomy":"product_cat","embeddable":true,"href":"https:\/\/mod.wisdar.net\/tr\/wp-json\/wp\/v2\/product_cat?post=132440"},{"taxonomy":"product_tag","embeddable":true,"href":"https:\/\/mod.wisdar.net\/tr\/wp-json\/wp\/v2\/product_tag?post=132440"}],"curies":[{"name":"wp","href":"https:\/\/api.w.org\/{rel}","templated":true}]}}