{"id":13246,"date":"2025-11-07T20:16:06","date_gmt":"2025-11-01T21:40:54","guid":{"rendered":"https:\/\/modesthanim.com\/product\/volan-saten-tunik-bej\/"},"modified":"2026-02-18T23:36:53","modified_gmt":"2026-02-18T23:36:53","slug":"volan-saten-tunik-bej","status":"publish","type":"product","link":"https:\/\/mod.wisdar.net\/tr\/urun\/volan-saten-tunik-bej\/","title":{"rendered":"VOLAN SATEN TUN\u0130K BEJ"},"content":{"rendered":"<p>\u00d6zel tasar\u0131m volan detayl\u0131 saten tunik. Bel k\u0131sm\u0131 ku\u015fakl\u0131 ve ayarlanabilir. \u00dcr\u00fcn \u00f6zellikleri: Yazl\u0131k saten kuma\u015f. \u00dcr\u00fcn \u00f6l\u00e7\u00fcleri 1 beden i\u00e7in; G\u00f6\u011f\u00fcs: 104 cm, Bel: 112 cm, Boy: 84 cm. Manken \u00fczerindeki beden 1. Beden se\u00e7enekleri: 1 beden (36-38-40), 2 beden (40-42-44) uyumludur. Manken boyu: 177 cm.<\/p>\n","protected":false},"excerpt":{"rendered":"<p>\u00d6zel tasar\u0131m volan detayl\u0131 saten tunik. Bel k\u0131sm\u0131 ku\u015fakl\u0131 ve ayarlanabilir. \u00dcr\u00fcn \u00f6zellikleri: Yazl\u0131k saten kuma\u015f. \u00dcr\u00fcn \u00f6l\u00e7\u00fcleri 1 beden i\u00e7in; G\u00f6\u011f\u00fcs: 104 cm, Bel: 112 cm, Boy: 84 cm. Manken \u00fczerindeki beden 1. Beden se\u00e7enekleri: 1 beden (36-38-40), 2 beden (40-42-44) uyumludur. Manken boyu: 177 cm.<\/p>\n","protected":false},"featured_media":0,"comment_status":"open","ping_status":"closed","template":"","meta":[],"product_brand":[],"product_cat":[1909],"product_tag":[],"class_list":{"0":"post-13246","1":"product","2":"type-product","3":"status-publish","5":"product_cat-bluzlar-ve-gomlekler","6":"pa_brand-nurkalay","7":"pa_color-bej","8":"pa_size-4446","9":"pa_size-4463","11":"first","12":"instock","13":"sale","14":"shipping-taxable","15":"purchasable","16":"product-type-variable"},"_links":{"self":[{"href":"https:\/\/mod.wisdar.net\/tr\/wp-json\/wp\/v2\/product\/13246","targetHints":{"allow":["GET"]}}],"collection":[{"href":"https:\/\/mod.wisdar.net\/tr\/wp-json\/wp\/v2\/product"}],"about":[{"href":"https:\/\/mod.wisdar.net\/tr\/wp-json\/wp\/v2\/types\/product"}],"replies":[{"embeddable":true,"href":"https:\/\/mod.wisdar.net\/tr\/wp-json\/wp\/v2\/comments?post=13246"}],"wp:attachment":[{"href":"https:\/\/mod.wisdar.net\/tr\/wp-json\/wp\/v2\/media?parent=13246"}],"wp:term":[{"taxonomy":"product_brand","embeddable":true,"href":"https:\/\/mod.wisdar.net\/tr\/wp-json\/wp\/v2\/product_brand?post=13246"},{"taxonomy":"product_cat","embeddable":true,"href":"https:\/\/mod.wisdar.net\/tr\/wp-json\/wp\/v2\/product_cat?post=13246"},{"taxonomy":"product_tag","embeddable":true,"href":"https:\/\/mod.wisdar.net\/tr\/wp-json\/wp\/v2\/product_tag?post=13246"}],"curies":[{"name":"wp","href":"https:\/\/api.w.org\/{rel}","templated":true}]}}