{"id":132489,"date":"2026-02-20T09:05:39","date_gmt":"2026-02-20T09:05:39","guid":{"rendered":"https:\/\/modesthanim.com\/product\/armine-kolu-tokali-tunik-tencel-elbise-24k4314-siyah\/"},"modified":"2026-02-20T09:45:20","modified_gmt":"2026-02-20T09:45:20","slug":"armine-kolu-tokali-tunik-tencel-elbise-24k4314-siyah","status":"publish","type":"product","link":"https:\/\/mod.wisdar.net\/tr\/urun\/armine-kolu-tokali-tunik-tencel-elbise-24k4314-siyah\/","title":{"rendered":"Armine Kolu Tokal\u0131 Tunik Tencel Elbise 24K4314 Siyah"},"content":{"rendered":"<p>Zamans\u0131z tasar\u0131m\u0131yla \u00f6ne \u00e7\u0131kan tunik, klasik ve \u015f\u0131k detaylar\u0131yla her d\u00f6neme uyum sa\u011flayarak mevsimlerin \u00f6tesinde bir stil sunmaktad\u0131r. \u00c7ok y\u00f6nl\u00fc giyim par\u00e7as\u0131 olma \u00f6zelli\u011fi ile gard\u0131roplar\u0131n vazge\u00e7ilmez bir par\u00e7as\u0131 haline geliyor.<\/p>\n<p>\u00dcR\u00dcN BEDEN\u0130: 1<\/p>\n<p>MANKEN \u00d6L\u00c7\u00dcS\u00dc<\/p>\n<p>BOY: 177cm<br \/>\nG\u00d6\u011e\u00dcS: 83cm<br \/>\nBEL: 58cm<br \/>\nBASEN: 90cm<\/p>\n","protected":false},"excerpt":{"rendered":"<p>Zamans\u0131z tasar\u0131m\u0131yla \u00f6ne \u00e7\u0131kan tunik, klasik ve \u015f\u0131k detaylar\u0131yla her d\u00f6neme uyum sa\u011flayarak mevsimlerin \u00f6tesinde bir stil sunmaktad\u0131r. \u00c7ok y\u00f6nl\u00fc giyim par\u00e7as\u0131 olma \u00f6zelli\u011fi ile gard\u0131roplar\u0131n vazge\u00e7ilmez bir par\u00e7as\u0131 haline geliyor. \u00dcR\u00dcN BEDEN\u0130: 1 MANKEN \u00d6L\u00c7\u00dcS\u00dc BOY: 177cm G\u00d6\u011e\u00dcS: 83cm BEL: 58cm BASEN: 90cm<\/p>\n","protected":false},"featured_media":132482,"comment_status":"open","ping_status":"closed","template":"","meta":[],"product_brand":[],"product_cat":[2050],"product_tag":[6937],"class_list":{"0":"post-132489","1":"product","2":"type-product","3":"status-publish","4":"has-post-thumbnail","6":"product_cat-blazer-ceketler","7":"product_tag-siyah-elbise","8":"pa_color-siyah","9":"pa_size-36-38","10":"pa_size-40-42","12":"first","13":"instock","14":"sale","15":"shipping-taxable","16":"purchasable","17":"product-type-variable"},"_links":{"self":[{"href":"https:\/\/mod.wisdar.net\/tr\/wp-json\/wp\/v2\/product\/132489","targetHints":{"allow":["GET"]}}],"collection":[{"href":"https:\/\/mod.wisdar.net\/tr\/wp-json\/wp\/v2\/product"}],"about":[{"href":"https:\/\/mod.wisdar.net\/tr\/wp-json\/wp\/v2\/types\/product"}],"replies":[{"embeddable":true,"href":"https:\/\/mod.wisdar.net\/tr\/wp-json\/wp\/v2\/comments?post=132489"}],"wp:featuredmedia":[{"embeddable":true,"href":"https:\/\/mod.wisdar.net\/tr\/wp-json\/wp\/v2\/media\/132482"}],"wp:attachment":[{"href":"https:\/\/mod.wisdar.net\/tr\/wp-json\/wp\/v2\/media?parent=132489"}],"wp:term":[{"taxonomy":"product_brand","embeddable":true,"href":"https:\/\/mod.wisdar.net\/tr\/wp-json\/wp\/v2\/product_brand?post=132489"},{"taxonomy":"product_cat","embeddable":true,"href":"https:\/\/mod.wisdar.net\/tr\/wp-json\/wp\/v2\/product_cat?post=132489"},{"taxonomy":"product_tag","embeddable":true,"href":"https:\/\/mod.wisdar.net\/tr\/wp-json\/wp\/v2\/product_tag?post=132489"}],"curies":[{"name":"wp","href":"https:\/\/api.w.org\/{rel}","templated":true}]}}