{"id":132497,"date":"2026-02-20T09:05:54","date_gmt":"2026-02-20T09:05:54","guid":{"rendered":"https:\/\/modesthanim.com\/product\/armine-kolu-firfirli-bluz-25k3832-aci-kahve\/"},"modified":"2026-03-27T06:25:35","modified_gmt":"2026-03-27T06:25:35","slug":"armine-kolu-firfirli-bluz-25k3832-aci-kahve","status":"publish","type":"product","link":"https:\/\/mod.wisdar.net\/tr\/urun\/armine-kolu-firfirli-bluz-25k3832-aci-kahve\/","title":{"rendered":"Armine Kolu F\u0131rf\u0131rl\u0131 Bluz 25K3832 Ac\u0131 Kahve"},"content":{"rendered":"<p>Zarif detaylarla modern bir silueti bulu\u015fturan bu bluz, f\u0131rf\u0131rl\u0131 kol tasar\u0131m\u0131yla feminen bir dokunu\u015f sunar. Yaka k\u0131sm\u0131ndaki b\u00fczg\u00fc ve ba\u011fc\u0131k detay\u0131 g\u00f6r\u00fcn\u00fcm\u00fc yumu\u015fat\u0131rken, ak\u0131\u015fkan kuma\u015f\u0131 g\u00fcn boyu rahat bir kullan\u0131m sa\u011flar. Hem g\u00fcnl\u00fck \u015fehir stilinde hem de daha \u00f6zenli kombinlerde \u015f\u0131kl\u0131\u011f\u0131 zahmetsizce tamamlayan \u00f6zel bir par\u00e7ad\u0131r.<\/p>\n<p>\u00dcR\u00dcN BEDEN\u0130: 38<\/p>\n<p>MANKEN \u00d6L\u00c7\u00dcS\u00dc<\/p>\n<p>BOY: 175cm<br \/>\nG\u00d6\u011e\u00dcS: 81cm<br \/>\nBEL: 62cm<br \/>\nBASEN: 91cm<\/p>\n","protected":false},"excerpt":{"rendered":"<p>Zarif detaylarla modern bir silueti bulu\u015fturan bu bluz, f\u0131rf\u0131rl\u0131 kol tasar\u0131m\u0131yla feminen bir dokunu\u015f sunar. Yaka k\u0131sm\u0131ndaki b\u00fczg\u00fc ve ba\u011fc\u0131k detay\u0131 g\u00f6r\u00fcn\u00fcm\u00fc yumu\u015fat\u0131rken, ak\u0131\u015fkan kuma\u015f\u0131 g\u00fcn boyu rahat bir kullan\u0131m sa\u011flar. Hem g\u00fcnl\u00fck \u015fehir stilinde hem de daha \u00f6zenli kombinlerde \u015f\u0131kl\u0131\u011f\u0131 zahmetsizce tamamlayan \u00f6zel bir par\u00e7ad\u0131r. \u00dcR\u00dcN BEDEN\u0130: 38 MANKEN \u00d6L\u00c7\u00dcS\u00dc BOY: 175cm G\u00d6\u011e\u00dcS: 81cm [&hellip;]<\/p>\n","protected":false},"featured_media":132492,"comment_status":"open","ping_status":"closed","template":"","meta":[],"product_brand":[],"product_cat":[1909],"product_tag":[8301,6925,6905],"class_list":{"0":"post-132497","1":"product","2":"type-product","3":"status-publish","4":"has-post-thumbnail","6":"product_cat-bluzlar-ve-gomlekler","7":"product_tag-akici-kumas","8":"product_tag-firfirli-kollar","9":"product_tag-gunluk-sik","10":"pa_color-aci-kahve","11":"pa_size-4706","12":"pa_size-4711","13":"pa_size-4713","14":"pa_size-4751","16":"first","17":"instock","18":"sale","19":"shipping-taxable","20":"purchasable","21":"product-type-variable"},"_links":{"self":[{"href":"https:\/\/mod.wisdar.net\/tr\/wp-json\/wp\/v2\/product\/132497","targetHints":{"allow":["GET"]}}],"collection":[{"href":"https:\/\/mod.wisdar.net\/tr\/wp-json\/wp\/v2\/product"}],"about":[{"href":"https:\/\/mod.wisdar.net\/tr\/wp-json\/wp\/v2\/types\/product"}],"replies":[{"embeddable":true,"href":"https:\/\/mod.wisdar.net\/tr\/wp-json\/wp\/v2\/comments?post=132497"}],"wp:featuredmedia":[{"embeddable":true,"href":"https:\/\/mod.wisdar.net\/tr\/wp-json\/wp\/v2\/media\/132492"}],"wp:attachment":[{"href":"https:\/\/mod.wisdar.net\/tr\/wp-json\/wp\/v2\/media?parent=132497"}],"wp:term":[{"taxonomy":"product_brand","embeddable":true,"href":"https:\/\/mod.wisdar.net\/tr\/wp-json\/wp\/v2\/product_brand?post=132497"},{"taxonomy":"product_cat","embeddable":true,"href":"https:\/\/mod.wisdar.net\/tr\/wp-json\/wp\/v2\/product_cat?post=132497"},{"taxonomy":"product_tag","embeddable":true,"href":"https:\/\/mod.wisdar.net\/tr\/wp-json\/wp\/v2\/product_tag?post=132497"}],"curies":[{"name":"wp","href":"https:\/\/api.w.org\/{rel}","templated":true}]}}