{"id":132554,"date":"2026-02-20T09:08:18","date_gmt":"2026-02-20T09:08:18","guid":{"rendered":"https:\/\/modesthanim.com\/product\/armine-abiye-25yd9185-lacivert\/"},"modified":"2026-03-27T06:25:43","modified_gmt":"2026-03-27T06:25:43","slug":"armine-abiye-25yd9185-lacivert","status":"publish","type":"product","link":"https:\/\/mod.wisdar.net\/tr\/urun\/armine-abiye-25yd9185-lacivert\/","title":{"rendered":"Armine Abiye 25YD9185 Lacivert"},"content":{"rendered":"<p>Armine\u2019nin \u00f6zel davet koleksiyonu, klasik \u015f\u0131kl\u0131\u011f\u0131 modern dokunu\u015flarla birle\u015ftirerek, stil sahibi kad\u0131nlara unutulmaz anlar i\u00e7in tasarlanm\u0131\u015f g\u00fc\u00e7l\u00fc siluetler sunuyor. I\u015f\u0131lt\u0131s\u0131n\u0131 detaylardan alan koleksiyon, kusursuz kal\u0131plar, premium dokular ve rafine renk paletiyle abiye giyime elegan bir yorum kazand\u0131r\u0131yor.<\/p>\n<p>\u00dcR\u00dcN BEDEN\u0130: 38<\/p>\n<p>MANKEN \u00d6L\u00c7\u00dcS\u00dc<\/p>\n<p>BOY: 175cm<br \/>\nG\u00d6\u011e\u00dcS: 81cm<br \/>\nBEL: 62cm<br \/>\nBASEN: 91cm<\/p>\n","protected":false},"excerpt":{"rendered":"<p>Armine\u2019nin \u00f6zel davet koleksiyonu, klasik \u015f\u0131kl\u0131\u011f\u0131 modern dokunu\u015flarla birle\u015ftirerek, stil sahibi kad\u0131nlara unutulmaz anlar i\u00e7in tasarlanm\u0131\u015f g\u00fc\u00e7l\u00fc siluetler sunuyor. I\u015f\u0131lt\u0131s\u0131n\u0131 detaylardan alan koleksiyon, kusursuz kal\u0131plar, premium dokular ve rafine renk paletiyle abiye giyime elegan bir yorum kazand\u0131r\u0131yor. \u00dcR\u00dcN BEDEN\u0130: 38 MANKEN \u00d6L\u00c7\u00dcS\u00dc BOY: 175cm G\u00d6\u011e\u00dcS: 81cm BEL: 62cm BASEN: 91cm<\/p>\n","protected":false},"featured_media":132543,"comment_status":"open","ping_status":"closed","template":"","meta":[],"product_brand":[],"product_cat":[4028],"product_tag":[5012,8427,6744,7238,6772,8450],"class_list":{"0":"post-132554","1":"product","2":"type-product","3":"status-publish","4":"has-post-thumbnail","6":"product_cat-abaya","7":"product_tag-elegant","8":"product_tag-gece-elbisesi","9":"product_tag-kadin-modasi","10":"product_tag-lacivert","11":"product_tag-ozel-gun","12":"product_tag-premium","13":"pa_color-lacivert","14":"pa_size-4706","15":"pa_size-4711","16":"pa_size-4713","17":"pa_size-4751","19":"first","20":"instock","21":"sale","22":"shipping-taxable","23":"purchasable","24":"product-type-variable"},"_links":{"self":[{"href":"https:\/\/mod.wisdar.net\/tr\/wp-json\/wp\/v2\/product\/132554","targetHints":{"allow":["GET"]}}],"collection":[{"href":"https:\/\/mod.wisdar.net\/tr\/wp-json\/wp\/v2\/product"}],"about":[{"href":"https:\/\/mod.wisdar.net\/tr\/wp-json\/wp\/v2\/types\/product"}],"replies":[{"embeddable":true,"href":"https:\/\/mod.wisdar.net\/tr\/wp-json\/wp\/v2\/comments?post=132554"}],"wp:featuredmedia":[{"embeddable":true,"href":"https:\/\/mod.wisdar.net\/tr\/wp-json\/wp\/v2\/media\/132543"}],"wp:attachment":[{"href":"https:\/\/mod.wisdar.net\/tr\/wp-json\/wp\/v2\/media?parent=132554"}],"wp:term":[{"taxonomy":"product_brand","embeddable":true,"href":"https:\/\/mod.wisdar.net\/tr\/wp-json\/wp\/v2\/product_brand?post=132554"},{"taxonomy":"product_cat","embeddable":true,"href":"https:\/\/mod.wisdar.net\/tr\/wp-json\/wp\/v2\/product_cat?post=132554"},{"taxonomy":"product_tag","embeddable":true,"href":"https:\/\/mod.wisdar.net\/tr\/wp-json\/wp\/v2\/product_tag?post=132554"}],"curies":[{"name":"wp","href":"https:\/\/api.w.org\/{rel}","templated":true}]}}