{"id":132573,"date":"2026-02-20T09:08:38","date_gmt":"2026-02-20T09:08:38","guid":{"rendered":"https:\/\/modesthanim.com\/product\/armine-beli-lastikli-palazzo-pantolon-25k2703-aci-kahve\/"},"modified":"2026-02-20T09:44:13","modified_gmt":"2026-02-20T09:44:13","slug":"armine-beli-lastikli-palazzo-pantolon-25k2703-aci-kahve","status":"publish","type":"product","link":"https:\/\/mod.wisdar.net\/tr\/urun\/armine-beli-lastikli-palazzo-pantolon-25k2703-aci-kahve\/","title":{"rendered":"Armine Beli Lastikli Palazzo Pantolon 25K2703 Ac\u0131 Kahve"},"content":{"rendered":"<p>Rahat formu ve d\u00f6k\u00fcml\u00fc sil\u00fcetiyle \u00f6ne \u00e7\u0131kan bu palazzo pantolon, konfor ve \u015f\u0131kl\u0131\u011f\u0131 bir arada sunuyor. Beli lastikli yap\u0131s\u0131 sayesinde g\u00fcn boyu rahatl\u0131k sa\u011flarken, geni\u015f pa\u00e7a kesimi modern bir duru\u015f kazand\u0131r\u0131yor. G\u00f6mlek, triko veya tuniklerle kolayca kombinlenebilen zamans\u0131z bir gard\u0131rop par\u00e7as\u0131.<\/p>\n<p>\u00dcR\u00dcN BEDEN\u0130: 38<\/p>\n<p>MANKEN \u00d6L\u00c7\u00dcS\u00dc<\/p>\n<p>BOY: 176cm<br \/>\nG\u00d6\u011e\u00dcS: 82cm<br \/>\nBEL: 61cm<br \/>\nBASEN: 88cm<\/p>\n","protected":false},"excerpt":{"rendered":"<p>Rahat formu ve d\u00f6k\u00fcml\u00fc sil\u00fcetiyle \u00f6ne \u00e7\u0131kan bu palazzo pantolon, konfor ve \u015f\u0131kl\u0131\u011f\u0131 bir arada sunuyor. Beli lastikli yap\u0131s\u0131 sayesinde g\u00fcn boyu rahatl\u0131k sa\u011flarken, geni\u015f pa\u00e7a kesimi modern bir duru\u015f kazand\u0131r\u0131yor. G\u00f6mlek, triko veya tuniklerle kolayca kombinlenebilen zamans\u0131z bir gard\u0131rop par\u00e7as\u0131. \u00dcR\u00dcN BEDEN\u0130: 38 MANKEN \u00d6L\u00c7\u00dcS\u00dc BOY: 176cm G\u00d6\u011e\u00dcS: 82cm BEL: 61cm BASEN: 88cm<\/p>\n","protected":false},"featured_media":132569,"comment_status":"open","ping_status":"closed","template":"","meta":[],"product_brand":[],"product_cat":[1882],"product_tag":[6761,5012,7859,6765,5013,6751],"class_list":{"0":"post-132573","1":"product","2":"type-product","3":"status-publish","4":"has-post-thumbnail","6":"product_cat-alt-giyim","7":"product_tag-bol-paca","8":"product_tag-elegant","9":"product_tag-kadin-pantolon-2","10":"product_tag-lastikli-bel","11":"product_tag-modern","12":"product_tag-rahat","13":"pa_color-aci-kahve","14":"pa_size-4706","15":"pa_size-4711","16":"pa_size-4713","17":"pa_size-4751","19":"first","20":"instock","21":"sale","22":"shipping-taxable","23":"purchasable","24":"product-type-variable"},"_links":{"self":[{"href":"https:\/\/mod.wisdar.net\/tr\/wp-json\/wp\/v2\/product\/132573","targetHints":{"allow":["GET"]}}],"collection":[{"href":"https:\/\/mod.wisdar.net\/tr\/wp-json\/wp\/v2\/product"}],"about":[{"href":"https:\/\/mod.wisdar.net\/tr\/wp-json\/wp\/v2\/types\/product"}],"replies":[{"embeddable":true,"href":"https:\/\/mod.wisdar.net\/tr\/wp-json\/wp\/v2\/comments?post=132573"}],"wp:featuredmedia":[{"embeddable":true,"href":"https:\/\/mod.wisdar.net\/tr\/wp-json\/wp\/v2\/media\/132569"}],"wp:attachment":[{"href":"https:\/\/mod.wisdar.net\/tr\/wp-json\/wp\/v2\/media?parent=132573"}],"wp:term":[{"taxonomy":"product_brand","embeddable":true,"href":"https:\/\/mod.wisdar.net\/tr\/wp-json\/wp\/v2\/product_brand?post=132573"},{"taxonomy":"product_cat","embeddable":true,"href":"https:\/\/mod.wisdar.net\/tr\/wp-json\/wp\/v2\/product_cat?post=132573"},{"taxonomy":"product_tag","embeddable":true,"href":"https:\/\/mod.wisdar.net\/tr\/wp-json\/wp\/v2\/product_tag?post=132573"}],"curies":[{"name":"wp","href":"https:\/\/api.w.org\/{rel}","templated":true}]}}