{"id":132651,"date":"2026-02-20T09:10:03","date_gmt":"2026-02-20T09:10:03","guid":{"rendered":"https:\/\/modesthanim.com\/product\/26y2812-armine-pantolon-gri\/"},"modified":"2026-02-20T09:42:52","modified_gmt":"2026-02-20T09:42:52","slug":"26y2812-armine-pantolon-gri","status":"publish","type":"product","link":"https:\/\/mod.wisdar.net\/tr\/urun\/26y2812-armine-pantolon-gri\/","title":{"rendered":"26Y2812 Armine Pantolon Gri"},"content":{"rendered":"<p>Klasik stil kodlar\u0131n\u0131n \u00e7ekim alan\u0131na giren pantolon, gard\u0131roplar\u0131n vazge\u00e7ilmez par\u00e7alar\u0131 aras\u0131nda yer al\u0131yor. Pamuklu kuma\u015f\u0131 ve kal\u0131b\u0131 ile \u015f\u0131kl\u0131k dozunu artt\u0131r\u0131rken, ofisten g\u00fcnl\u00fck stile kadar bir\u00e7ok g\u00f6r\u00fcn\u00fcme uyum sa\u011fl\u0131yor. Sezon farketmeksizin kullanabilece\u011finiz pantolonu gard\u0131robunuza mutlaka ekleyin.<\/p>\n<p>\u00dcR\u00dcN BEDEN\u0130: 36<\/p>\n<p>MANKEN \u00d6L\u00c7\u00dcS\u00dc<\/p>\n<p>BOY: 178cm<br \/>\nG\u00d6\u011e\u00dcS: 80cm<br \/>\nBEL: 60cm<br \/>\nBASEN: 89cm<\/p>\n","protected":false},"excerpt":{"rendered":"<p>Klasik stil kodlar\u0131n\u0131n \u00e7ekim alan\u0131na giren pantolon, gard\u0131roplar\u0131n vazge\u00e7ilmez par\u00e7alar\u0131 aras\u0131nda yer al\u0131yor. Pamuklu kuma\u015f\u0131 ve kal\u0131b\u0131 ile \u015f\u0131kl\u0131k dozunu artt\u0131r\u0131rken, ofisten g\u00fcnl\u00fck stile kadar bir\u00e7ok g\u00f6r\u00fcn\u00fcme uyum sa\u011fl\u0131yor. Sezon farketmeksizin kullanabilece\u011finiz pantolonu gard\u0131robunuza mutlaka ekleyin. \u00dcR\u00dcN BEDEN\u0130: 36 MANKEN \u00d6L\u00c7\u00dcS\u00dc BOY: 178cm G\u00d6\u011e\u00dcS: 80cm BEL: 60cm BASEN: 89cm<\/p>\n","protected":false},"featured_media":132645,"comment_status":"open","ping_status":"closed","template":"","meta":[],"product_brand":[],"product_cat":[1882],"product_tag":[],"class_list":{"0":"post-132651","1":"product","2":"type-product","3":"status-publish","4":"has-post-thumbnail","6":"product_cat-alt-giyim","7":"pa_color-gri","8":"pa_size-4701","9":"pa_size-4706","10":"pa_size-4711","11":"pa_size-4713","12":"pa_size-4751","14":"first","15":"instock","16":"sale","17":"shipping-taxable","18":"purchasable","19":"product-type-variable"},"_links":{"self":[{"href":"https:\/\/mod.wisdar.net\/tr\/wp-json\/wp\/v2\/product\/132651","targetHints":{"allow":["GET"]}}],"collection":[{"href":"https:\/\/mod.wisdar.net\/tr\/wp-json\/wp\/v2\/product"}],"about":[{"href":"https:\/\/mod.wisdar.net\/tr\/wp-json\/wp\/v2\/types\/product"}],"replies":[{"embeddable":true,"href":"https:\/\/mod.wisdar.net\/tr\/wp-json\/wp\/v2\/comments?post=132651"}],"wp:featuredmedia":[{"embeddable":true,"href":"https:\/\/mod.wisdar.net\/tr\/wp-json\/wp\/v2\/media\/132645"}],"wp:attachment":[{"href":"https:\/\/mod.wisdar.net\/tr\/wp-json\/wp\/v2\/media?parent=132651"}],"wp:term":[{"taxonomy":"product_brand","embeddable":true,"href":"https:\/\/mod.wisdar.net\/tr\/wp-json\/wp\/v2\/product_brand?post=132651"},{"taxonomy":"product_cat","embeddable":true,"href":"https:\/\/mod.wisdar.net\/tr\/wp-json\/wp\/v2\/product_cat?post=132651"},{"taxonomy":"product_tag","embeddable":true,"href":"https:\/\/mod.wisdar.net\/tr\/wp-json\/wp\/v2\/product_tag?post=132651"}],"curies":[{"name":"wp","href":"https:\/\/api.w.org\/{rel}","templated":true}]}}