{"id":132686,"date":"2026-02-20T09:11:41","date_gmt":"2026-02-20T09:11:41","guid":{"rendered":"https:\/\/modesthanim.com\/product\/26y2801-armine-pantolon-etek-taba\/"},"modified":"2026-02-20T09:42:36","modified_gmt":"2026-02-20T09:42:36","slug":"26y2801-armine-pantolon-etek-taba","status":"publish","type":"product","link":"https:\/\/mod.wisdar.net\/tr\/urun\/26y2801-armine-pantolon-etek-taba\/","title":{"rendered":"26Y2801 Armine Pantolon Etek Taba"},"content":{"rendered":"<p>Kullan\u0131m kolayl\u0131\u011f\u0131 sunan kuma\u015flar\u0131n hakimiyeti, \u0130lkbahar-yaz sezonunda da h\u0131z kesmeden devam ediyor. Bol pa\u00e7a pantolon kal\u0131b\u0131 ile \u00e7a\u011fda\u015f bir \u015f\u0131kl\u0131k sunan par\u00e7a, tensel kuma\u015f\u0131n en tarz haliyle gard\u0131robunuzun kurtar\u0131c\u0131s\u0131 olmaya aday.<\/p>\n<p>\u00dcR\u00dcN BEDEN\u0130: 36<\/p>\n<p>MANKEN \u00d6L\u00c7\u00dcS\u00dc<\/p>\n<p>BOY: 178cm<br \/>\nG\u00d6\u011e\u00dcS: 80cm<br \/>\nBEL: 60cm<br \/>\nBASEN: 89cm<\/p>\n","protected":false},"excerpt":{"rendered":"<p>Kullan\u0131m kolayl\u0131\u011f\u0131 sunan kuma\u015flar\u0131n hakimiyeti, \u0130lkbahar-yaz sezonunda da h\u0131z kesmeden devam ediyor. Bol pa\u00e7a pantolon kal\u0131b\u0131 ile \u00e7a\u011fda\u015f bir \u015f\u0131kl\u0131k sunan par\u00e7a, tensel kuma\u015f\u0131n en tarz haliyle gard\u0131robunuzun kurtar\u0131c\u0131s\u0131 olmaya aday. \u00dcR\u00dcN BEDEN\u0130: 36 MANKEN \u00d6L\u00c7\u00dcS\u00dc BOY: 178cm G\u00d6\u011e\u00dcS: 80cm BEL: 60cm BASEN: 89cm<\/p>\n","protected":false},"featured_media":132681,"comment_status":"open","ping_status":"closed","template":"","meta":[],"product_brand":[],"product_cat":[1882],"product_tag":[],"class_list":{"0":"post-132686","1":"product","2":"type-product","3":"status-publish","4":"has-post-thumbnail","6":"product_cat-alt-giyim","7":"pa_color-camel","8":"pa_size-4701","9":"pa_size-4706","10":"pa_size-4711","12":"first","13":"instock","14":"sale","15":"shipping-taxable","16":"purchasable","17":"product-type-variable"},"_links":{"self":[{"href":"https:\/\/mod.wisdar.net\/tr\/wp-json\/wp\/v2\/product\/132686","targetHints":{"allow":["GET"]}}],"collection":[{"href":"https:\/\/mod.wisdar.net\/tr\/wp-json\/wp\/v2\/product"}],"about":[{"href":"https:\/\/mod.wisdar.net\/tr\/wp-json\/wp\/v2\/types\/product"}],"replies":[{"embeddable":true,"href":"https:\/\/mod.wisdar.net\/tr\/wp-json\/wp\/v2\/comments?post=132686"}],"wp:featuredmedia":[{"embeddable":true,"href":"https:\/\/mod.wisdar.net\/tr\/wp-json\/wp\/v2\/media\/132681"}],"wp:attachment":[{"href":"https:\/\/mod.wisdar.net\/tr\/wp-json\/wp\/v2\/media?parent=132686"}],"wp:term":[{"taxonomy":"product_brand","embeddable":true,"href":"https:\/\/mod.wisdar.net\/tr\/wp-json\/wp\/v2\/product_brand?post=132686"},{"taxonomy":"product_cat","embeddable":true,"href":"https:\/\/mod.wisdar.net\/tr\/wp-json\/wp\/v2\/product_cat?post=132686"},{"taxonomy":"product_tag","embeddable":true,"href":"https:\/\/mod.wisdar.net\/tr\/wp-json\/wp\/v2\/product_tag?post=132686"}],"curies":[{"name":"wp","href":"https:\/\/api.w.org\/{rel}","templated":true}]}}