{"id":132731,"date":"2026-02-20T09:13:38","date_gmt":"2026-02-20T09:13:38","guid":{"rendered":"https:\/\/modesthanim.com\/product\/armine-yuksek-bel-pliseli-pantolon-24k2700-mor\/"},"modified":"2026-03-27T06:11:47","modified_gmt":"2026-03-27T06:11:47","slug":"armine-yuksek-bel-pliseli-pantolon-24k2700-mor","status":"publish","type":"product","link":"https:\/\/mod.wisdar.net\/tr\/urun\/armine-yuksek-bel-pliseli-pantolon-24k2700-mor\/","title":{"rendered":"Armine Y\u00fcksek Bel Pliseli Pantolon 24K2700 Mor"},"content":{"rendered":"<p>\u00c7ok y\u00f6nl\u00fc tasar\u0131m \u00e7izgisine sahip bu par\u00e7a, farkl\u0131 kombinasyonlar ve f\u0131rsatlarda kullan\u0131m imkan\u0131 sunuyor. Bol pa\u00e7al\u0131 pantolon, pilisesi ile \u015f\u0131kl\u0131k dozunu y\u00fckseltirken; cepleri ile cool ve modern bir sil\u00fcet vadediyor. \u0130ster ofis \u015f\u0131kl\u0131\u011f\u0131nda isterseniz de \u00f6zel anlar\u0131n\u0131zda favori aksesuarlar\u0131n\u0131zla kombinleyebilirsiniz.<\/p>\n<p>\u00dcR\u00dcN BEDEN\u0130: 38<\/p>\n<p>MANKEN \u00d6L\u00c7\u00dcLER\u0130<\/p>\n<p>BOY: 177cm<br \/>\nG\u00d6\u011e\u00dcS: 83cm<br \/>\nBEL: 58cm<br \/>\nBASEN: 90cm<\/p>\n","protected":false},"excerpt":{"rendered":"<p>\u00c7ok y\u00f6nl\u00fc tasar\u0131m \u00e7izgisine sahip bu par\u00e7a, farkl\u0131 kombinasyonlar ve f\u0131rsatlarda kullan\u0131m imkan\u0131 sunuyor. Bol pa\u00e7al\u0131 pantolon, pilisesi ile \u015f\u0131kl\u0131k dozunu y\u00fckseltirken; cepleri ile cool ve modern bir sil\u00fcet vadediyor. \u0130ster ofis \u015f\u0131kl\u0131\u011f\u0131nda isterseniz de \u00f6zel anlar\u0131n\u0131zda favori aksesuarlar\u0131n\u0131zla kombinleyebilirsiniz. \u00dcR\u00dcN BEDEN\u0130: 38 MANKEN \u00d6L\u00c7\u00dcLER\u0130 BOY: 177cm G\u00d6\u011e\u00dcS: 83cm BEL: 58cm BASEN: 90cm<\/p>\n","protected":false},"featured_media":132721,"comment_status":"open","ping_status":"closed","template":"","meta":[],"product_brand":[],"product_cat":[1882],"product_tag":[],"class_list":{"0":"post-132731","1":"product","2":"type-product","3":"status-publish","4":"has-post-thumbnail","6":"product_cat-alt-giyim","7":"pa_color-mor","8":"pa_size-4706","9":"pa_size-4711","10":"pa_size-4713","11":"pa_size-4751","13":"first","14":"instock","15":"sale","16":"shipping-taxable","17":"purchasable","18":"product-type-variable"},"_links":{"self":[{"href":"https:\/\/mod.wisdar.net\/tr\/wp-json\/wp\/v2\/product\/132731","targetHints":{"allow":["GET"]}}],"collection":[{"href":"https:\/\/mod.wisdar.net\/tr\/wp-json\/wp\/v2\/product"}],"about":[{"href":"https:\/\/mod.wisdar.net\/tr\/wp-json\/wp\/v2\/types\/product"}],"replies":[{"embeddable":true,"href":"https:\/\/mod.wisdar.net\/tr\/wp-json\/wp\/v2\/comments?post=132731"}],"wp:featuredmedia":[{"embeddable":true,"href":"https:\/\/mod.wisdar.net\/tr\/wp-json\/wp\/v2\/media\/132721"}],"wp:attachment":[{"href":"https:\/\/mod.wisdar.net\/tr\/wp-json\/wp\/v2\/media?parent=132731"}],"wp:term":[{"taxonomy":"product_brand","embeddable":true,"href":"https:\/\/mod.wisdar.net\/tr\/wp-json\/wp\/v2\/product_brand?post=132731"},{"taxonomy":"product_cat","embeddable":true,"href":"https:\/\/mod.wisdar.net\/tr\/wp-json\/wp\/v2\/product_cat?post=132731"},{"taxonomy":"product_tag","embeddable":true,"href":"https:\/\/mod.wisdar.net\/tr\/wp-json\/wp\/v2\/product_tag?post=132731"}],"curies":[{"name":"wp","href":"https:\/\/api.w.org\/{rel}","templated":true}]}}