{"id":132753,"date":"2026-02-20T09:14:08","date_gmt":"2026-02-20T09:14:08","guid":{"rendered":"https:\/\/modesthanim.com\/product\/armine-cift-kat-pantolon-etek-25y2809-siyah\/"},"modified":"2026-04-11T00:12:16","modified_gmt":"2026-04-11T00:12:16","slug":"armine-cift-kat-pantolon-etek-25y2809-siyah","status":"publish","type":"product","link":"https:\/\/mod.wisdar.net\/tr\/urun\/armine-cift-kat-pantolon-etek-25y2809-siyah\/","title":{"rendered":"Armine \u00c7ift Kat Pantolon Etek 25Y2809 Siyah"},"content":{"rendered":"<p>\u00c7ok y\u00f6nl\u00fc tasar\u0131m \u00e7izgisine sahip par\u00e7alar, farkl\u0131 kombin ve okazyonlarda kullan\u0131m imkan\u0131 sunuyor. Bol pa\u00e7a pantolon etek , katmanl\u0131 kal\u0131b\u0131 ile \u015f\u0131kl\u0131k dozunu y\u00fckseltirken; cepleri ile cool ve modern bir s\u00fcliet vadediyor. \u0130ster ofis \u015f\u0131kl\u0131\u011f\u0131nda isterseniz de \u00f6zel anlar\u0131n\u0131zda favori aksesuarlar\u0131n\u0131zla kombinleyebilirsiniz.<\/p>\n<p>\u00dcR\u00dcN BEDEN\u0130: 1<\/p>\n<p>MANKEN \u00d6L\u00c7\u00dcS\u00dc<\/p>\n<p>BOY: 178cm<br \/>\nG\u00d6\u011e\u00dcS: 80cm<br \/>\nBEL: 60cm<br \/>\nBASEN: 89cm<\/p>\n","protected":false},"excerpt":{"rendered":"<p>\u00c7ok y\u00f6nl\u00fc tasar\u0131m \u00e7izgisine sahip par\u00e7alar, farkl\u0131 kombin ve okazyonlarda kullan\u0131m imkan\u0131 sunuyor. Bol pa\u00e7a pantolon etek , katmanl\u0131 kal\u0131b\u0131 ile \u015f\u0131kl\u0131k dozunu y\u00fckseltirken; cepleri ile cool ve modern bir s\u00fcliet vadediyor. \u0130ster ofis \u015f\u0131kl\u0131\u011f\u0131nda isterseniz de \u00f6zel anlar\u0131n\u0131zda favori aksesuarlar\u0131n\u0131zla kombinleyebilirsiniz. \u00dcR\u00dcN BEDEN\u0130: 1 MANKEN \u00d6L\u00c7\u00dcS\u00dc BOY: 178cm G\u00d6\u011e\u00dcS: 80cm BEL: 60cm BASEN: 89cm<\/p>\n","protected":false},"featured_media":132747,"comment_status":"open","ping_status":"closed","template":"","meta":[],"product_brand":[],"product_cat":[1882],"product_tag":[10083,9073,5496,5665,10084,10082],"class_list":{"0":"post-132753","1":"product","2":"type-product","3":"status-publish","4":"has-post-thumbnail","6":"product_cat-alt-giyim","7":"product_tag-double-layer","8":"product_tag-layered-skirt","9":"product_tag-modern-silhouette","10":"product_tag-office-chic","11":"product_tag-versatile-design","12":"product_tag-wide-leg-pants-skirt-2","13":"pa_brand-armine","14":"pa_color-siyah","15":"pa_size-36-38","16":"pa_size-40-42","18":"first","19":"outofstock","20":"shipping-taxable","21":"product-type-variable"},"_links":{"self":[{"href":"https:\/\/mod.wisdar.net\/tr\/wp-json\/wp\/v2\/product\/132753","targetHints":{"allow":["GET"]}}],"collection":[{"href":"https:\/\/mod.wisdar.net\/tr\/wp-json\/wp\/v2\/product"}],"about":[{"href":"https:\/\/mod.wisdar.net\/tr\/wp-json\/wp\/v2\/types\/product"}],"replies":[{"embeddable":true,"href":"https:\/\/mod.wisdar.net\/tr\/wp-json\/wp\/v2\/comments?post=132753"}],"wp:featuredmedia":[{"embeddable":true,"href":"https:\/\/mod.wisdar.net\/tr\/wp-json\/wp\/v2\/media\/132747"}],"wp:attachment":[{"href":"https:\/\/mod.wisdar.net\/tr\/wp-json\/wp\/v2\/media?parent=132753"}],"wp:term":[{"taxonomy":"product_brand","embeddable":true,"href":"https:\/\/mod.wisdar.net\/tr\/wp-json\/wp\/v2\/product_brand?post=132753"},{"taxonomy":"product_cat","embeddable":true,"href":"https:\/\/mod.wisdar.net\/tr\/wp-json\/wp\/v2\/product_cat?post=132753"},{"taxonomy":"product_tag","embeddable":true,"href":"https:\/\/mod.wisdar.net\/tr\/wp-json\/wp\/v2\/product_tag?post=132753"}],"curies":[{"name":"wp","href":"https:\/\/api.w.org\/{rel}","templated":true}]}}