{"id":132799,"date":"2026-02-20T09:15:00","date_gmt":"2026-02-20T09:15:00","guid":{"rendered":"https:\/\/modesthanim.com\/product\/armine-sal-yaka-kapitone-kaban-25kd2201-siyah\/"},"modified":"2026-04-11T00:14:16","modified_gmt":"2026-04-11T00:14:16","slug":"armine-sal-yaka-kapitone-kaban-25kd2201-siyah","status":"publish","type":"product","link":"https:\/\/mod.wisdar.net\/tr\/urun\/armine-sal-yaka-kapitone-kaban-25kd2201-siyah\/","title":{"rendered":"Armine \u015eal Yaka Kapitone Kaban 25KD2201 Siyah"},"content":{"rendered":"<p>Geni\u015f \u015fal yaka detay\u0131yla klasik kapitone formuna modern bir yorum katan bu mont, belden ba\u011flamal\u0131 tasar\u0131m\u0131yla feminen bir siluet olu\u015fturuyor. Yumu\u015fak dokusu ve s\u0131cak tutan yap\u0131s\u0131yla so\u011fuk g\u00fcnlerde konfor sa\u011flarken, sade \u00e7izgileriyle \u015fehir stiline zarif bir dokunu\u015f kat\u0131yor.<\/p>\n<p>\u00dcR\u00dcN BEDEN\u0130: 38<\/p>\n<p>MANKEN \u00d6L\u00c7\u00dcS\u00dc<\/p>\n<p>BOY: 176cm<br \/>\nG\u00d6\u011e\u00dcS: 82cm<br \/>\nBEL: 61cm<br \/>\nBASEN: 88cm<\/p>\n","protected":false},"excerpt":{"rendered":"<p>Geni\u015f \u015fal yaka detay\u0131yla klasik kapitone formuna modern bir yorum katan bu mont, belden ba\u011flamal\u0131 tasar\u0131m\u0131yla feminen bir siluet olu\u015fturuyor. Yumu\u015fak dokusu ve s\u0131cak tutan yap\u0131s\u0131yla so\u011fuk g\u00fcnlerde konfor sa\u011flarken, sade \u00e7izgileriyle \u015fehir stiline zarif bir dokunu\u015f kat\u0131yor. \u00dcR\u00dcN BEDEN\u0130: 38 MANKEN \u00d6L\u00c7\u00dcS\u00dc BOY: 176cm G\u00d6\u011e\u00dcS: 82cm BEL: 61cm BASEN: 88cm<\/p>\n","protected":false},"featured_media":132786,"comment_status":"open","ping_status":"closed","template":"","meta":[],"product_brand":[],"product_cat":[2047],"product_tag":[],"class_list":{"0":"post-132799","1":"product","2":"type-product","3":"status-publish","4":"has-post-thumbnail","6":"product_cat-paltolar","7":"pa_brand-armine","8":"pa_color-siyah","9":"pa_size-4706","10":"pa_size-4711","11":"pa_size-4713","12":"pa_size-4751","14":"first","15":"instock","16":"sale","17":"shipping-taxable","18":"purchasable","19":"product-type-variable"},"_links":{"self":[{"href":"https:\/\/mod.wisdar.net\/tr\/wp-json\/wp\/v2\/product\/132799","targetHints":{"allow":["GET"]}}],"collection":[{"href":"https:\/\/mod.wisdar.net\/tr\/wp-json\/wp\/v2\/product"}],"about":[{"href":"https:\/\/mod.wisdar.net\/tr\/wp-json\/wp\/v2\/types\/product"}],"replies":[{"embeddable":true,"href":"https:\/\/mod.wisdar.net\/tr\/wp-json\/wp\/v2\/comments?post=132799"}],"wp:featuredmedia":[{"embeddable":true,"href":"https:\/\/mod.wisdar.net\/tr\/wp-json\/wp\/v2\/media\/132786"}],"wp:attachment":[{"href":"https:\/\/mod.wisdar.net\/tr\/wp-json\/wp\/v2\/media?parent=132799"}],"wp:term":[{"taxonomy":"product_brand","embeddable":true,"href":"https:\/\/mod.wisdar.net\/tr\/wp-json\/wp\/v2\/product_brand?post=132799"},{"taxonomy":"product_cat","embeddable":true,"href":"https:\/\/mod.wisdar.net\/tr\/wp-json\/wp\/v2\/product_cat?post=132799"},{"taxonomy":"product_tag","embeddable":true,"href":"https:\/\/mod.wisdar.net\/tr\/wp-json\/wp\/v2\/product_tag?post=132799"}],"curies":[{"name":"wp","href":"https:\/\/api.w.org\/{rel}","templated":true}]}}