{"id":132926,"date":"2026-02-20T09:18:03","date_gmt":"2026-02-20T09:18:03","guid":{"rendered":"https:\/\/modesthanim.com\/product\/armine-kapitone-mont-25k7928-lacivert\/"},"modified":"2026-04-11T00:05:20","modified_gmt":"2026-04-11T00:05:20","slug":"armine-kapitone-mont-25k7928-lacivert","status":"publish","type":"product","link":"https:\/\/mod.wisdar.net\/tr\/urun\/armine-kapitone-mont-25k7928-lacivert\/","title":{"rendered":"Armine Kapitone Mont 25K7928 Lacivert"},"content":{"rendered":"<p>Minimal formu ve uzun kesimiyle \u00f6ne \u00e7\u0131kan bu kapitone mont, so\u011fuk havalarda hem \u015f\u0131kl\u0131\u011f\u0131 hem konforu bir araya getiriyor. Yumu\u015fak dokusu ve zarif diki\u015f detaylar\u0131yla modern bir g\u00f6r\u00fcn\u00fcm sunarken, rahat kal\u0131b\u0131 sayesinde g\u00fcnl\u00fck kombinlerin vazge\u00e7ilmezi oluyor.<\/p>\n<p>\u00dcR\u00dcN BEDEN\u0130: 38<\/p>\n<p>MANKEN \u00d6L\u00c7\u00dcS\u00dc<\/p>\n<p>BOY: 176cm<br \/>\nG\u00d6\u011e\u00dcS: 82cm<br \/>\nBEL: 61cm<br \/>\nBASEN: 88cm<\/p>\n<p>Kapama \u015eekli: Fermuar Kapama<\/p>\n","protected":false},"excerpt":{"rendered":"<p>Minimal formu ve uzun kesimiyle \u00f6ne \u00e7\u0131kan bu kapitone mont, so\u011fuk havalarda hem \u015f\u0131kl\u0131\u011f\u0131 hem konforu bir araya getiriyor. Yumu\u015fak dokusu ve zarif diki\u015f detaylar\u0131yla modern bir g\u00f6r\u00fcn\u00fcm sunarken, rahat kal\u0131b\u0131 sayesinde g\u00fcnl\u00fck kombinlerin vazge\u00e7ilmezi oluyor. \u00dcR\u00dcN BEDEN\u0130: 38 MANKEN \u00d6L\u00c7\u00dcS\u00dc BOY: 176cm G\u00d6\u011e\u00dcS: 82cm BEL: 61cm BASEN: 88cm Kapama \u015eekli: Fermuar Kapama<\/p>\n","protected":false},"featured_media":132921,"comment_status":"open","ping_status":"closed","template":"","meta":[],"product_brand":[],"product_cat":[2047],"product_tag":[],"class_list":{"0":"post-132926","1":"product","2":"type-product","3":"status-publish","4":"has-post-thumbnail","6":"product_cat-paltolar","7":"pa_brand-armine","8":"pa_color-lacivert","9":"pa_size-4706","10":"pa_size-4711","11":"pa_size-4713","12":"pa_size-4751","14":"first","15":"instock","16":"sale","17":"shipping-taxable","18":"purchasable","19":"product-type-variable"},"_links":{"self":[{"href":"https:\/\/mod.wisdar.net\/tr\/wp-json\/wp\/v2\/product\/132926","targetHints":{"allow":["GET"]}}],"collection":[{"href":"https:\/\/mod.wisdar.net\/tr\/wp-json\/wp\/v2\/product"}],"about":[{"href":"https:\/\/mod.wisdar.net\/tr\/wp-json\/wp\/v2\/types\/product"}],"replies":[{"embeddable":true,"href":"https:\/\/mod.wisdar.net\/tr\/wp-json\/wp\/v2\/comments?post=132926"}],"wp:featuredmedia":[{"embeddable":true,"href":"https:\/\/mod.wisdar.net\/tr\/wp-json\/wp\/v2\/media\/132921"}],"wp:attachment":[{"href":"https:\/\/mod.wisdar.net\/tr\/wp-json\/wp\/v2\/media?parent=132926"}],"wp:term":[{"taxonomy":"product_brand","embeddable":true,"href":"https:\/\/mod.wisdar.net\/tr\/wp-json\/wp\/v2\/product_brand?post=132926"},{"taxonomy":"product_cat","embeddable":true,"href":"https:\/\/mod.wisdar.net\/tr\/wp-json\/wp\/v2\/product_cat?post=132926"},{"taxonomy":"product_tag","embeddable":true,"href":"https:\/\/mod.wisdar.net\/tr\/wp-json\/wp\/v2\/product_tag?post=132926"}],"curies":[{"name":"wp","href":"https:\/\/api.w.org\/{rel}","templated":true}]}}