{"id":132962,"date":"2026-02-20T09:19:37","date_gmt":"2026-02-20T09:19:37","guid":{"rendered":"https:\/\/modesthanim.com\/product\/armine-cep-detayli-fitted-kapitone-kaban-25kd1404-siyah\/"},"modified":"2026-04-03T23:36:48","modified_gmt":"2026-04-03T23:36:48","slug":"armine-cep-detayli-fitted-kapitone-kaban-25kd1404-siyah","status":"publish","type":"product","link":"https:\/\/mod.wisdar.net\/tr\/urun\/armine-cep-detayli-fitted-kapitone-kaban-25kd1404-siyah\/","title":{"rendered":"Armine Cep Detayl\u0131 Fitted Kapitone Kaban 25KD1404 Siyah"},"content":{"rendered":"<p>Zamans\u0131z kapitone dokusunu modern bir siluetle bulu\u015fturan bu fitted kaban, cep detaylar\u0131 ve ince i\u015f\u00e7ili\u011fiyle se\u00e7kin bir duru\u015f sunuyor. Hafif yap\u0131s\u0131na ra\u011fmen s\u0131cak tutan tasar\u0131m, uzun formuyla \u015f\u0131kl\u0131\u011f\u0131 g\u00fc\u00e7l\u00fc bir \u00e7izgide tamaml\u0131yor. \u015eehir stiline sofistike bir dokunu\u015f eklemek isteyenler i\u00e7in kusursuz bir se\u00e7enek.<\/p>\n<p>\u00dcR\u00dcN BEDEN\u0130: 38<\/p>\n<p>MANKEN \u00d6L\u00c7\u00dcS\u00dc<\/p>\n<p>BOY: 175cm<br \/>\nG\u00d6\u011e\u00dcS: 81cm<br \/>\nBEL: 62cm<br \/>\nBASEN: 91cm<\/p>\n","protected":false},"excerpt":{"rendered":"<p>Zamans\u0131z kapitone dokusunu modern bir siluetle bulu\u015fturan bu fitted kaban, cep detaylar\u0131 ve ince i\u015f\u00e7ili\u011fiyle se\u00e7kin bir duru\u015f sunuyor. Hafif yap\u0131s\u0131na ra\u011fmen s\u0131cak tutan tasar\u0131m, uzun formuyla \u015f\u0131kl\u0131\u011f\u0131 g\u00fc\u00e7l\u00fc bir \u00e7izgide tamaml\u0131yor. \u015eehir stiline sofistike bir dokunu\u015f eklemek isteyenler i\u00e7in kusursuz bir se\u00e7enek. \u00dcR\u00dcN BEDEN\u0130: 38 MANKEN \u00d6L\u00c7\u00dcS\u00dc BOY: 175cm G\u00d6\u011e\u00dcS: 81cm BEL: 62cm BASEN: [&hellip;]<\/p>\n","protected":false},"featured_media":132956,"comment_status":"open","ping_status":"closed","template":"","meta":[],"product_brand":[],"product_cat":[2047],"product_tag":[8048,6314,6311],"class_list":{"0":"post-132962","1":"product","2":"type-product","3":"status-publish","4":"has-post-thumbnail","6":"product_cat-paltolar","7":"product_tag-cep-detayi","8":"product_tag-quilted-coat","9":"product_tag-winter-coat","10":"pa_brand-armine","11":"pa_color-siyah","12":"pa_size-4706","13":"pa_size-4711","14":"pa_size-4713","15":"pa_size-4751","17":"first","18":"outofstock","19":"shipping-taxable","20":"product-type-variable"},"_links":{"self":[{"href":"https:\/\/mod.wisdar.net\/tr\/wp-json\/wp\/v2\/product\/132962","targetHints":{"allow":["GET"]}}],"collection":[{"href":"https:\/\/mod.wisdar.net\/tr\/wp-json\/wp\/v2\/product"}],"about":[{"href":"https:\/\/mod.wisdar.net\/tr\/wp-json\/wp\/v2\/types\/product"}],"replies":[{"embeddable":true,"href":"https:\/\/mod.wisdar.net\/tr\/wp-json\/wp\/v2\/comments?post=132962"}],"wp:featuredmedia":[{"embeddable":true,"href":"https:\/\/mod.wisdar.net\/tr\/wp-json\/wp\/v2\/media\/132956"}],"wp:attachment":[{"href":"https:\/\/mod.wisdar.net\/tr\/wp-json\/wp\/v2\/media?parent=132962"}],"wp:term":[{"taxonomy":"product_brand","embeddable":true,"href":"https:\/\/mod.wisdar.net\/tr\/wp-json\/wp\/v2\/product_brand?post=132962"},{"taxonomy":"product_cat","embeddable":true,"href":"https:\/\/mod.wisdar.net\/tr\/wp-json\/wp\/v2\/product_cat?post=132962"},{"taxonomy":"product_tag","embeddable":true,"href":"https:\/\/mod.wisdar.net\/tr\/wp-json\/wp\/v2\/product_tag?post=132962"}],"curies":[{"name":"wp","href":"https:\/\/api.w.org\/{rel}","templated":true}]}}