{"id":133219,"date":"2026-02-20T09:50:03","date_gmt":"2026-02-20T09:50:03","guid":{"rendered":"https:\/\/modesthanim.com\/product\/baskili-pijama-takim-1-5-yas-antrasit-2\/"},"modified":"2026-04-15T20:54:19","modified_gmt":"2026-04-15T20:54:19","slug":"baskili-pijama-takim-1-5-yas-antrasit-2","status":"publish","type":"product","link":"https:\/\/mod.wisdar.net\/tr\/urun\/baskili-pijama-takim-1-5-yas-antrasit-2\/","title":{"rendered":"Bask\u0131l\u0131 Pijama Tak\u0131m 1-5 Ya\u015f Antrasit"},"content":{"rendered":"<p>C\u0130G\u0130T Bask\u0131l\u0131 Pijama Tak\u0131m 1-5 Ya\u015f Antrasit size \u00f6zel indirim, taksit ve kap\u0131da \u00f6deme avantajlar\u0131yla LCW&#8217;de! Hemen online al\u0131\u015fveri\u015f yap, \u00fcr\u00fcn kap\u0131na gelsin! \u2013 S000330643-29666<\/p>\n<p>\u2014 Technical Details \u2014<br \/>\nDesen: Bask\u0131l\u0131<br \/>\nMalzeme: %100 Pamuk<br \/>\nBel Fiti: Beli Lastikli<br \/>\nKol Boyu: Uzun Kollu<br \/>\nCinsiyet: Erkek Bebek<br \/>\n\u00dcr\u00fcn Tipi: Pijama Tak\u0131m<\/p>\n","protected":false},"excerpt":{"rendered":"<p>C\u0130G\u0130T Bask\u0131l\u0131 Pijama Tak\u0131m 1-5 Ya\u015f Antrasit size \u00f6zel indirim, taksit ve kap\u0131da \u00f6deme avantajlar\u0131yla LCW&#8217;de! Hemen online al\u0131\u015fveri\u015f yap, \u00fcr\u00fcn kap\u0131na gelsin! \u2013 S000330643-29666 \u2014 Technical Details \u2014 Desen: Bask\u0131l\u0131 Malzeme: %100 Pamuk Bel Fiti: Beli Lastikli Kol Boyu: Uzun Kollu Cinsiyet: Erkek Bebek \u00dcr\u00fcn Tipi: Pijama Tak\u0131m<\/p>\n","protected":false},"featured_media":133216,"comment_status":"open","ping_status":"closed","template":"","meta":[],"product_brand":[],"product_cat":[8703,8739,8694,8754,8697],"product_tag":[4579,8022,6765,6768],"class_list":{"0":"post-133219","1":"product","2":"type-product","3":"status-publish","4":"has-post-thumbnail","6":"product_cat-bebek-setleri","7":"product_cat-erkek-cocuklar-2-14-yas","8":"product_cat-cocuklar","9":"product_cat-pijama","10":"product_cat-yenidogan-0-12-ay","11":"product_tag-100-cotton","12":"product_tag-baskili-2","13":"product_tag-lastikli-bel","14":"product_tag-uzun-kol","15":"pa_brand-cigit","16":"pa_color-antrasit","17":"pa_size-12-18-ay","18":"pa_size-18-24-ay","19":"pa_size-2-3-yas","20":"pa_size-3-4-yas","21":"pa_size-4-5-yas","22":"pa_size-6-12-ay","24":"first","25":"outofstock","26":"shipping-taxable","27":"product-type-variable"},"_links":{"self":[{"href":"https:\/\/mod.wisdar.net\/tr\/wp-json\/wp\/v2\/product\/133219","targetHints":{"allow":["GET"]}}],"collection":[{"href":"https:\/\/mod.wisdar.net\/tr\/wp-json\/wp\/v2\/product"}],"about":[{"href":"https:\/\/mod.wisdar.net\/tr\/wp-json\/wp\/v2\/types\/product"}],"replies":[{"embeddable":true,"href":"https:\/\/mod.wisdar.net\/tr\/wp-json\/wp\/v2\/comments?post=133219"}],"wp:featuredmedia":[{"embeddable":true,"href":"https:\/\/mod.wisdar.net\/tr\/wp-json\/wp\/v2\/media\/133216"}],"wp:attachment":[{"href":"https:\/\/mod.wisdar.net\/tr\/wp-json\/wp\/v2\/media?parent=133219"}],"wp:term":[{"taxonomy":"product_brand","embeddable":true,"href":"https:\/\/mod.wisdar.net\/tr\/wp-json\/wp\/v2\/product_brand?post=133219"},{"taxonomy":"product_cat","embeddable":true,"href":"https:\/\/mod.wisdar.net\/tr\/wp-json\/wp\/v2\/product_cat?post=133219"},{"taxonomy":"product_tag","embeddable":true,"href":"https:\/\/mod.wisdar.net\/tr\/wp-json\/wp\/v2\/product_tag?post=133219"}],"curies":[{"name":"wp","href":"https:\/\/api.w.org\/{rel}","templated":true}]}}