{"id":133420,"date":"2026-02-20T09:53:01","date_gmt":"2026-02-20T09:53:01","guid":{"rendered":"https:\/\/modesthanim.com\/product\/ekru-bisiklet-yaka-kiz-bebek-sortlu-pijama-takim-2li\/"},"modified":"2026-03-31T03:12:00","modified_gmt":"2026-03-31T03:12:00","slug":"ekru-bisiklet-yaka-kiz-bebek-sortlu-pijama-takim-2li","status":"publish","type":"product","link":"https:\/\/mod.wisdar.net\/tr\/urun\/ekru-bisiklet-yaka-kiz-bebek-sortlu-pijama-takim-2li\/","title":{"rendered":"Ekru Bisiklet Yaka K\u0131z Bebek \u015eortlu Pijama Tak\u0131m 2&#8217;li"},"content":{"rendered":"<p>LCW baby Ekru Bisiklet Yaka K\u0131z Bebek \u015eortlu Pijama Tak\u0131m 2&#8217;li size \u00f6zel indirim, taksit ve kap\u0131da \u00f6deme avantajlar\u0131yla LCW&#8217;de! Hemen online al\u0131\u015fveri\u015f yap, \u00fcr\u00fcn kap\u0131na gelsin! \u2013 S5DK74Z1-FDU<\/p>\n<p>\u2014 Technical Details \u2014<br \/>\nMen\u015fei: Turk\u0131ye<br \/>\nSat\u0131c\u0131: LC Waikiki<br \/>\nMarka: LCW baby<br \/>\n\u00dcr\u00fcn Tipi: \u015eortlu Pijama Tak\u0131m\u0131<br \/>\nCinsiyet: K\u0131z Bebek<br \/>\nDesen: Bask\u0131l\u0131<br \/>\nKal\u0131nl\u0131k: \u0130nce<br \/>\nKal\u0131p: Standart &amp; Regular<br \/>\nKol Boyu: K\u0131sa Kollu<br \/>\nKuma\u015f: Penye<br \/>\nMalzeme: %100 Pamuk<br \/>\nYaka: Bisiklet Yaka<br \/>\nBel Fiti: Beli Lastikli<br \/>\nPar\u00e7a Say\u0131s\u0131: 4 Par\u00e7a<br \/>\nKoleksiyon: Yenido\u011fan<\/p>\n","protected":false},"excerpt":{"rendered":"<p>LCW baby Ekru Bisiklet Yaka K\u0131z Bebek \u015eortlu Pijama Tak\u0131m 2&#8217;li size \u00f6zel indirim, taksit ve kap\u0131da \u00f6deme avantajlar\u0131yla LCW&#8217;de! Hemen online al\u0131\u015fveri\u015f yap, \u00fcr\u00fcn kap\u0131na gelsin! \u2013 S5DK74Z1-FDU \u2014 Technical Details \u2014 Men\u015fei: Turk\u0131ye Sat\u0131c\u0131: LC Waikiki Marka: LCW baby \u00dcr\u00fcn Tipi: \u015eortlu Pijama Tak\u0131m\u0131 Cinsiyet: K\u0131z Bebek Desen: Bask\u0131l\u0131 Kal\u0131nl\u0131k: \u0130nce Kal\u0131p: Standart [&hellip;]<\/p>\n","protected":false},"featured_media":133407,"comment_status":"open","ping_status":"closed","template":"","meta":[],"product_brand":[],"product_cat":[8703,8694,8697],"product_tag":[8023,10030],"class_list":{"0":"post-133420","1":"product","2":"type-product","3":"status-publish","4":"has-post-thumbnail","6":"product_cat-bebek-setleri","7":"product_cat-cocuklar","8":"product_cat-yenidogan-0-12-ay","9":"product_tag-bisiklet-yaka","10":"product_tag-newborn-collection","11":"pa_brand-lcw-baby","12":"pa_color-ekru","13":"pa_size-12-18-ay","14":"pa_size-18-24-ay","15":"pa_size-24-36-ay","16":"pa_size-3-6-ay","17":"pa_size-6-9-ay","18":"pa_size-9-12-ay","20":"first","21":"instock","22":"sale","23":"shipping-taxable","24":"purchasable","25":"product-type-variable"},"_links":{"self":[{"href":"https:\/\/mod.wisdar.net\/tr\/wp-json\/wp\/v2\/product\/133420","targetHints":{"allow":["GET"]}}],"collection":[{"href":"https:\/\/mod.wisdar.net\/tr\/wp-json\/wp\/v2\/product"}],"about":[{"href":"https:\/\/mod.wisdar.net\/tr\/wp-json\/wp\/v2\/types\/product"}],"replies":[{"embeddable":true,"href":"https:\/\/mod.wisdar.net\/tr\/wp-json\/wp\/v2\/comments?post=133420"}],"wp:featuredmedia":[{"embeddable":true,"href":"https:\/\/mod.wisdar.net\/tr\/wp-json\/wp\/v2\/media\/133407"}],"wp:attachment":[{"href":"https:\/\/mod.wisdar.net\/tr\/wp-json\/wp\/v2\/media?parent=133420"}],"wp:term":[{"taxonomy":"product_brand","embeddable":true,"href":"https:\/\/mod.wisdar.net\/tr\/wp-json\/wp\/v2\/product_brand?post=133420"},{"taxonomy":"product_cat","embeddable":true,"href":"https:\/\/mod.wisdar.net\/tr\/wp-json\/wp\/v2\/product_cat?post=133420"},{"taxonomy":"product_tag","embeddable":true,"href":"https:\/\/mod.wisdar.net\/tr\/wp-json\/wp\/v2\/product_tag?post=133420"}],"curies":[{"name":"wp","href":"https:\/\/api.w.org\/{rel}","templated":true}]}}