{"id":133711,"date":"2026-02-20T09:59:13","date_gmt":"2026-02-20T09:59:13","guid":{"rendered":"https:\/\/modesthanim.com\/product\/indigo-kare-yaka-cicek-nakisli-kiz-cocuk-jean-salopet\/"},"modified":"2026-04-14T03:51:02","modified_gmt":"2026-04-14T03:51:02","slug":"indigo-kare-yaka-cicek-nakisli-kiz-cocuk-jean-salopet","status":"publish","type":"product","link":"https:\/\/mod.wisdar.net\/tr\/urun\/indigo-kare-yaka-cicek-nakisli-kiz-cocuk-jean-salopet\/","title":{"rendered":"\u0130ndigo Kare Yaka \u00c7i\u00e7ek Nak\u0131\u015fl\u0131 K\u0131z \u00c7ocuk Jean Salopet"},"content":{"rendered":"<p>LCW Kids \u0130ndigo Kare Yaka \u00c7i\u00e7ek Nak\u0131\u015fl\u0131 K\u0131z \u00c7ocuk Jean Salopet size \u00f6zel indirim, taksit ve kap\u0131da \u00f6deme avantajlar\u0131yla LCW&#8217;de! Hemen online al\u0131\u015fveri\u015f yap, \u00fcr\u00fcn kap\u0131na gelsin! \u2013 S6MP23Z1-507<\/p>\n<p>\u2014 Technical Details \u2014<br \/>\nSat\u0131c\u0131: LC Waikiki<br \/>\nMarka: LCW Kids<br \/>\n\u00dcr\u00fcn Tipi: Salopet<br \/>\nCinsiyet: K\u0131z \u00c7ocuk<br \/>\nKal\u0131p: Standart &amp; Regular<br \/>\nKuma\u015f: Denim<br \/>\nDesen: Nak\u0131\u015fl\u0131<br \/>\nYaka: Kare Yaka<br \/>\nKal\u0131nl\u0131k: Orta Kal\u0131nl\u0131k<br \/>\nKol Boyu: Ask\u0131l\u0131<br \/>\nSiluet: Jile<br \/>\nMalzeme: %100 Pamuk<\/p>\n","protected":false},"excerpt":{"rendered":"<p>LCW Kids \u0130ndigo Kare Yaka \u00c7i\u00e7ek Nak\u0131\u015fl\u0131 K\u0131z \u00c7ocuk Jean Salopet size \u00f6zel indirim, taksit ve kap\u0131da \u00f6deme avantajlar\u0131yla LCW&#8217;de! Hemen online al\u0131\u015fveri\u015f yap, \u00fcr\u00fcn kap\u0131na gelsin! \u2013 S6MP23Z1-507 \u2014 Technical Details \u2014 Sat\u0131c\u0131: LC Waikiki Marka: LCW Kids \u00dcr\u00fcn Tipi: Salopet Cinsiyet: K\u0131z \u00c7ocuk Kal\u0131p: Standart &amp; Regular Kuma\u015f: Denim Desen: Nak\u0131\u015fl\u0131 Yaka: Kare [&hellip;]<\/p>\n","protected":false},"featured_media":133707,"comment_status":"open","ping_status":"closed","template":"","meta":[],"product_brand":[],"product_cat":[8712,8718,8715,8694,8697],"product_tag":[10103,10102,10101,9201,8906],"class_list":{"0":"post-133711","1":"product","2":"type-product","3":"status-publish","4":"has-post-thumbnail","6":"product_cat-bebek-elbiseleri","7":"product_cat-elbiseler-etekler","8":"product_cat-kiz-cocuklari-2-14-yas","9":"product_cat-cocuklar","10":"product_cat-yenidogan-0-12-ay","11":"product_tag-denim-overalls","12":"product_tag-embroidered-jeans","13":"product_tag-girls-overalls","14":"product_tag-kids-fashion","15":"product_tag-lcw-kids","16":"pa_brand-lcw-kids","17":"pa_color-indigo","18":"pa_size-1-2-yas","19":"pa_size-2-3-yas","20":"pa_size-3-4-yas","21":"pa_size-4-5-yas","22":"pa_size-5-6-yas","23":"pa_size-6-7-yas","24":"pa_size-7-8-yas","26":"first","27":"instock","28":"sale","29":"shipping-taxable","30":"purchasable","31":"product-type-variable"},"_links":{"self":[{"href":"https:\/\/mod.wisdar.net\/tr\/wp-json\/wp\/v2\/product\/133711","targetHints":{"allow":["GET"]}}],"collection":[{"href":"https:\/\/mod.wisdar.net\/tr\/wp-json\/wp\/v2\/product"}],"about":[{"href":"https:\/\/mod.wisdar.net\/tr\/wp-json\/wp\/v2\/types\/product"}],"replies":[{"embeddable":true,"href":"https:\/\/mod.wisdar.net\/tr\/wp-json\/wp\/v2\/comments?post=133711"}],"wp:featuredmedia":[{"embeddable":true,"href":"https:\/\/mod.wisdar.net\/tr\/wp-json\/wp\/v2\/media\/133707"}],"wp:attachment":[{"href":"https:\/\/mod.wisdar.net\/tr\/wp-json\/wp\/v2\/media?parent=133711"}],"wp:term":[{"taxonomy":"product_brand","embeddable":true,"href":"https:\/\/mod.wisdar.net\/tr\/wp-json\/wp\/v2\/product_brand?post=133711"},{"taxonomy":"product_cat","embeddable":true,"href":"https:\/\/mod.wisdar.net\/tr\/wp-json\/wp\/v2\/product_cat?post=133711"},{"taxonomy":"product_tag","embeddable":true,"href":"https:\/\/mod.wisdar.net\/tr\/wp-json\/wp\/v2\/product_tag?post=133711"}],"curies":[{"name":"wp","href":"https:\/\/api.w.org\/{rel}","templated":true}]}}