{"id":133759,"date":"2026-02-20T09:59:41","date_gmt":"2026-02-20T09:59:41","guid":{"rendered":"https:\/\/modesthanim.com\/product\/kirmizi-kiz-cocuk-duz-sortlu-salopet\/"},"modified":"2026-04-14T03:42:08","modified_gmt":"2026-04-14T03:42:08","slug":"kirmizi-kiz-cocuk-duz-sortlu-salopet","status":"publish","type":"product","link":"https:\/\/mod.wisdar.net\/tr\/urun\/kirmizi-kiz-cocuk-duz-sortlu-salopet\/","title":{"rendered":"K\u0131rm\u0131z\u0131 K\u0131z \u00c7ocuk D\u00fcz \u015eortlu Salopet"},"content":{"rendered":"<p>LCW Kids K\u0131rm\u0131z\u0131 K\u0131z \u00c7ocuk D\u00fcz \u015eortlu Salopet size \u00f6zel indirim, taksit ve kap\u0131da \u00f6deme avantajlar\u0131yla LCW&#8217;de! Hemen online al\u0131\u015fveri\u015f yap, \u00fcr\u00fcn kap\u0131na gelsin! \u2013 S6GJ75Z1-GZX<\/p>\n<p>\u2014 Technical Details \u2014<br \/>\n\u00dcr\u00fcn Tipi: Salopet<br \/>\nCinsiyet: K\u0131z \u00c7ocuk<br \/>\nKal\u0131p: Standart &amp; Regular<br \/>\nKuma\u015f: Gabardin<br \/>\nDesen: D\u00fcz<br \/>\nYaka: Bisiklet Yaka<br \/>\nKal\u0131nl\u0131k: Orta Kal\u0131nl\u0131k<br \/>\nKol Boyu: Kolsuz<br \/>\nMalzeme: %100 Pamuk<br \/>\nPar\u00e7a Say\u0131s\u0131: 2 Par\u00e7a<br \/>\nUzunluk: K\u0131sa<\/p>\n","protected":false},"excerpt":{"rendered":"<p>LCW Kids K\u0131rm\u0131z\u0131 K\u0131z \u00c7ocuk D\u00fcz \u015eortlu Salopet size \u00f6zel indirim, taksit ve kap\u0131da \u00f6deme avantajlar\u0131yla LCW&#8217;de! Hemen online al\u0131\u015fveri\u015f yap, \u00fcr\u00fcn kap\u0131na gelsin! \u2013 S6GJ75Z1-GZX \u2014 Technical Details \u2014 \u00dcr\u00fcn Tipi: Salopet Cinsiyet: K\u0131z \u00c7ocuk Kal\u0131p: Standart &amp; Regular Kuma\u015f: Gabardin Desen: D\u00fcz Yaka: Bisiklet Yaka Kal\u0131nl\u0131k: Orta Kal\u0131nl\u0131k Kol Boyu: Kolsuz Malzeme: %100 [&hellip;]<\/p>\n","protected":false},"featured_media":133750,"comment_status":"open","ping_status":"closed","template":"","meta":[],"product_brand":[],"product_cat":[8703,8721,8715,8694,8697],"product_tag":[8857,10104,9005,8906,10105,10106,4354],"class_list":{"0":"post-133759","1":"product","2":"type-product","3":"status-publish","4":"has-post-thumbnail","6":"product_cat-bebek-setleri","7":"product_cat-kiz-cocuk-takimlari","8":"product_cat-kiz-cocuklari-2-14-yas","9":"product_cat-cocuklar","10":"product_cat-yenidogan-0-12-ay","11":"product_tag-cotton-romper","12":"product_tag-girls-romper-2","13":"product_tag-kids-clothing","14":"product_tag-lcw-kids","15":"product_tag-red-romper","16":"product_tag-shorts-romper","17":"product_tag-summer-fashion","18":"pa_brand-lcw-kids","19":"pa_color-kirmizi","20":"pa_size-1-2-yas","21":"pa_size-2-3-yas","22":"pa_size-3-4-yas","23":"pa_size-4-5-yas","24":"pa_size-5-6-yas","25":"pa_size-6-7-yas","26":"pa_size-7-8-yas","28":"first","29":"instock","30":"sale","31":"shipping-taxable","32":"purchasable","33":"product-type-variable"},"_links":{"self":[{"href":"https:\/\/mod.wisdar.net\/tr\/wp-json\/wp\/v2\/product\/133759","targetHints":{"allow":["GET"]}}],"collection":[{"href":"https:\/\/mod.wisdar.net\/tr\/wp-json\/wp\/v2\/product"}],"about":[{"href":"https:\/\/mod.wisdar.net\/tr\/wp-json\/wp\/v2\/types\/product"}],"replies":[{"embeddable":true,"href":"https:\/\/mod.wisdar.net\/tr\/wp-json\/wp\/v2\/comments?post=133759"}],"wp:featuredmedia":[{"embeddable":true,"href":"https:\/\/mod.wisdar.net\/tr\/wp-json\/wp\/v2\/media\/133750"}],"wp:attachment":[{"href":"https:\/\/mod.wisdar.net\/tr\/wp-json\/wp\/v2\/media?parent=133759"}],"wp:term":[{"taxonomy":"product_brand","embeddable":true,"href":"https:\/\/mod.wisdar.net\/tr\/wp-json\/wp\/v2\/product_brand?post=133759"},{"taxonomy":"product_cat","embeddable":true,"href":"https:\/\/mod.wisdar.net\/tr\/wp-json\/wp\/v2\/product_cat?post=133759"},{"taxonomy":"product_tag","embeddable":true,"href":"https:\/\/mod.wisdar.net\/tr\/wp-json\/wp\/v2\/product_tag?post=133759"}],"curies":[{"name":"wp","href":"https:\/\/api.w.org\/{rel}","templated":true}]}}