{"id":13382,"date":"2025-11-01T21:42:55","date_gmt":"2025-11-01T21:42:55","guid":{"rendered":"https:\/\/modesthanim.com\/product\/ftz-women-kadin-duz-basic-tunik-biskuvi-20677\/"},"modified":"2026-03-26T03:51:33","modified_gmt":"2026-03-26T03:51:33","slug":"ftz-women-kadin-duz-basic-tunik-biskuvi-20677","status":"publish","type":"product","link":"https:\/\/mod.wisdar.net\/tr\/urun\/ftz-women-kadin-duz-basic-tunik-biskuvi-20677\/","title":{"rendered":"FTZ Women Kad\u0131n D\u00fcz Basic Tunik  Bisk\u00fcvi 20677"},"content":{"rendered":"<p>Kuma\u015f : %70 Viskon %28 Spandex %05 Lycra<br \/>\nKol : 50 cm<br \/>\nYaka Tipi : Bo\u011fazl\u0131<br \/>\nDesen : D\u00fcz<br \/>\nKal\u0131p : Tam Kal\u0131p<br \/>\nModel \u00d6l\u00e7\u00fcs\u00fc<br \/>\nBeden: 36\u00a0 Boy: 1.73 cm\u00a0 \u00a0 G\u00f6\u011f\u00fcs: 85 cm\u00a0 \u00a0 Bel: 63 cm\u00a0 \u00a0Kal\u00e7a: 95 cm<br \/>\n\u00dcr\u00fcn \u00d6l\u00e7\u00fcs\u00fc<br \/>\nBoy: 138 cm\u00a0 \u00a0 G\u00f6\u011f\u00fcs: 51 cm\u00a0 \u00a0 Bel: 47 cm\u00a0 \u00a0Kal\u00e7a: 54 cm<br \/>\nY\u0131kama Talimat\u0131 :<br \/>\n\u2013 Makine ile So\u011fuk Y\u0131kama Yap\u0131n\u0131z (30C veya 65F ile 85F)<br \/>\n\u2013 Kurutma Makinesinde Kurutulamaz<br \/>\n\u2013 Kuru Temizleme , Trikloretilen Ay\u0131r\u0131\u00e7\u0131s\u0131yla Az \u00c7\u00f6z\u00fcc\u00fc Kullan\u0131n\u0131z<br \/>\n\u2013 D\u00fc\u015f\u00fck Is\u0131da \u00dct\u00fcleme Yap\u0131n\u0131z<br \/>\n\u2013 \u00c7ama\u015f\u0131r Suyu Kullanmay\u0131n\u0131z<\/p>\n<p>\u2014 Technical Details \u2014<br \/>\nKuma\u015f Tipi: V\u0130SCONE<br \/>\nKal\u0131p: Normal Kal\u0131p<br \/>\nKal\u0131p \u00d6zellikleri: Normal Kal\u0131p<br \/>\nBoy: 138<br \/>\nDesen: D\u00fcz<br \/>\nAstar Durumu: Astars\u0131z<br \/>\nBel: 47<br \/>\nCep: Yok<br \/>\nKal\u0131nl\u0131k: Orta<br \/>\nKemer Ku\u015fak Durumu: Kemersiz<br \/>\nKol Boyu: 50<br \/>\nKol Tipi: Standart<br \/>\nMateryal: Viskon Kar\u0131\u015f\u0131ml\u0131<br \/>\nPar\u00e7a Say\u0131s\u0131: 1<br \/>\nBeden Aral\u0131\u011f\u0131: (38-40\/42-44)<\/p>\n","protected":false},"excerpt":{"rendered":"<p>Kuma\u015f : %70 Viskon %28 Spandex %05 Lycra Kol : 50 cm Yaka Tipi : Bo\u011fazl\u0131 Desen : D\u00fcz Kal\u0131p : Tam Kal\u0131p Model \u00d6l\u00e7\u00fcs\u00fc Beden: 36\u00a0 Boy: 1.73 cm\u00a0 \u00a0 G\u00f6\u011f\u00fcs: 85 cm\u00a0 \u00a0 Bel: 63 cm\u00a0 \u00a0Kal\u00e7a: 95 cm \u00dcr\u00fcn \u00d6l\u00e7\u00fcs\u00fc Boy: 138 cm\u00a0 \u00a0 G\u00f6\u011f\u00fcs: 51 cm\u00a0 \u00a0 Bel: 47 cm\u00a0 \u00a0Kal\u00e7a: [&hellip;]<\/p>\n","protected":false},"featured_media":0,"comment_status":"open","ping_status":"closed","template":"","meta":[],"product_brand":[],"product_cat":[2050],"product_tag":[4886,7802],"class_list":{"0":"post-13382","1":"product","2":"type-product","3":"status-publish","5":"product_cat-blazer-ceketler","6":"product_tag-basic","7":"product_tag-duz","8":"pa_brand-ftz-women","9":"pa_color-biskuvi","10":"pa_size-38-40","11":"pa_size-42-44","13":"first","14":"outofstock","15":"shipping-taxable","16":"product-type-variable"},"_links":{"self":[{"href":"https:\/\/mod.wisdar.net\/tr\/wp-json\/wp\/v2\/product\/13382","targetHints":{"allow":["GET"]}}],"collection":[{"href":"https:\/\/mod.wisdar.net\/tr\/wp-json\/wp\/v2\/product"}],"about":[{"href":"https:\/\/mod.wisdar.net\/tr\/wp-json\/wp\/v2\/types\/product"}],"replies":[{"embeddable":true,"href":"https:\/\/mod.wisdar.net\/tr\/wp-json\/wp\/v2\/comments?post=13382"}],"wp:attachment":[{"href":"https:\/\/mod.wisdar.net\/tr\/wp-json\/wp\/v2\/media?parent=13382"}],"wp:term":[{"taxonomy":"product_brand","embeddable":true,"href":"https:\/\/mod.wisdar.net\/tr\/wp-json\/wp\/v2\/product_brand?post=13382"},{"taxonomy":"product_cat","embeddable":true,"href":"https:\/\/mod.wisdar.net\/tr\/wp-json\/wp\/v2\/product_cat?post=13382"},{"taxonomy":"product_tag","embeddable":true,"href":"https:\/\/mod.wisdar.net\/tr\/wp-json\/wp\/v2\/product_tag?post=13382"}],"curies":[{"name":"wp","href":"https:\/\/api.w.org\/{rel}","templated":true}]}}