{"id":133821,"date":"2026-02-20T10:00:41","date_gmt":"2026-02-20T10:00:41","guid":{"rendered":"https:\/\/modesthanim.com\/product\/indigo-kare-yaka-erkek-cocuk-jean-salopet\/"},"modified":"2026-03-31T03:50:40","modified_gmt":"2026-03-31T03:50:40","slug":"indigo-kare-yaka-erkek-cocuk-jean-salopet","status":"publish","type":"product","link":"https:\/\/mod.wisdar.net\/tr\/urun\/indigo-kare-yaka-erkek-cocuk-jean-salopet\/","title":{"rendered":"\u0130ndigo Kare Yaka Erkek \u00c7ocuk Jean Salopet"},"content":{"rendered":"<p>LCW Kids \u0130ndigo Kare Yaka Erkek \u00c7ocuk Jean Salopet, size \u00f6zel indirim, taksit ve kap\u0131da \u00f6deme avantajlar\u0131yla LCW&#8217;de! Hemen online al\u0131\u015fveri\u015f yap, \u00fcr\u00fcn kap\u0131n\u0131za gelsin! \u2013 S61136Z1-476<\/p>\n<p>\u2014 Teknik Detaylar \u2014<br \/>\nMen\u015fei: T\u00fcrkiye<br \/>\nSat\u0131c\u0131: LC Waikiki<br \/>\nMarka: LCW Kids<br \/>\n\u00dcr\u00fcn Tipi: Salopet<br \/>\nCinsiyet: Erkek \u00c7ocuk<br \/>\nKal\u0131p: Bol ve Rahat<br \/>\nKuma\u015f: Denim<br \/>\nDesen: D\u00fcz<br \/>\nYaka: Kare Yaka<br \/>\nPa\u00e7a Fiti: D\u00fcz Pa\u00e7a<br \/>\nKol Boyu: Ask\u0131l\u0131<br \/>\nSiluet: Jile<br \/>\nMalzeme: %100 Pamuk<br \/>\nUzunluk: Uzun<\/p>\n","protected":false},"excerpt":{"rendered":"<p>LCW Kids \u0130ndigo Kare Yaka Erkek \u00c7ocuk Jean Salopet, size \u00f6zel indirim, taksit ve kap\u0131da \u00f6deme avantajlar\u0131yla LCW&#8217;de! Hemen online al\u0131\u015fveri\u015f yap, \u00fcr\u00fcn kap\u0131n\u0131za gelsin! \u2013 S61136Z1-476 \u2014 Teknik Detaylar \u2014 Men\u015fei: T\u00fcrkiye Sat\u0131c\u0131: LC Waikiki Marka: LCW Kids \u00dcr\u00fcn Tipi: Salopet Cinsiyet: Erkek \u00c7ocuk Kal\u0131p: Bol ve Rahat Kuma\u015f: Denim Desen: D\u00fcz Yaka: Kare [&hellip;]<\/p>\n","protected":false},"featured_media":133818,"comment_status":"open","ping_status":"closed","template":"","meta":[],"product_brand":[],"product_cat":[8739,8694,8748],"product_tag":[],"class_list":{"0":"post-133821","1":"product","2":"type-product","3":"status-publish","4":"has-post-thumbnail","6":"product_cat-erkek-cocuklar-2-14-yas","7":"product_cat-cocuklar","8":"product_cat-pantolonlar-sortlar","9":"pa_brand-lcw-kids","10":"pa_color-indigo","11":"pa_size-1-2-yas","12":"pa_size-2-3-yas","13":"pa_size-3-4-yas","14":"pa_size-4-5-yas","15":"pa_size-5-6-yas","16":"pa_size-9-12-ay","18":"first","19":"instock","20":"sale","21":"shipping-taxable","22":"purchasable","23":"product-type-variable"},"_links":{"self":[{"href":"https:\/\/mod.wisdar.net\/tr\/wp-json\/wp\/v2\/product\/133821","targetHints":{"allow":["GET"]}}],"collection":[{"href":"https:\/\/mod.wisdar.net\/tr\/wp-json\/wp\/v2\/product"}],"about":[{"href":"https:\/\/mod.wisdar.net\/tr\/wp-json\/wp\/v2\/types\/product"}],"replies":[{"embeddable":true,"href":"https:\/\/mod.wisdar.net\/tr\/wp-json\/wp\/v2\/comments?post=133821"}],"wp:featuredmedia":[{"embeddable":true,"href":"https:\/\/mod.wisdar.net\/tr\/wp-json\/wp\/v2\/media\/133818"}],"wp:attachment":[{"href":"https:\/\/mod.wisdar.net\/tr\/wp-json\/wp\/v2\/media?parent=133821"}],"wp:term":[{"taxonomy":"product_brand","embeddable":true,"href":"https:\/\/mod.wisdar.net\/tr\/wp-json\/wp\/v2\/product_brand?post=133821"},{"taxonomy":"product_cat","embeddable":true,"href":"https:\/\/mod.wisdar.net\/tr\/wp-json\/wp\/v2\/product_cat?post=133821"},{"taxonomy":"product_tag","embeddable":true,"href":"https:\/\/mod.wisdar.net\/tr\/wp-json\/wp\/v2\/product_tag?post=133821"}],"curies":[{"name":"wp","href":"https:\/\/api.w.org\/{rel}","templated":true}]}}