{"id":133829,"date":"2026-02-20T10:00:25","date_gmt":"2026-02-20T10:00:25","guid":{"rendered":"https:\/\/modesthanim.com\/product\/indigo-kiz-cocuk-jean-salopet\/"},"modified":"2026-04-14T03:42:11","modified_gmt":"2026-04-14T03:42:11","slug":"indigo-kiz-cocuk-jean-salopet","status":"publish","type":"product","link":"https:\/\/mod.wisdar.net\/tr\/urun\/indigo-kiz-cocuk-jean-salopet\/","title":{"rendered":"\u0130ndigo K\u0131z \u00c7ocuk Jean Salopet"},"content":{"rendered":"<p>LCW Kids \u0130ndigo K\u0131z \u00c7ocuk Jean Salopet size \u00f6zel indirim, taksit ve kap\u0131da \u00f6deme avantajlar\u0131yla LCW&#8217;de! Hemen online al\u0131\u015fveri\u015f yap, \u00fcr\u00fcn kap\u0131na gelsin! \u2013 S6KM24Z1-507<\/p>\n<p>\u2014 Technical Details \u2014<br \/>\nmaterial: Denim<br \/>\npattern: Bask\u0131l\u0131<br \/>\nthickness: Orta Kal\u0131nl\u0131k<br \/>\nsleeve_length: Kolsuz<br \/>\nfit: Standart &amp; Regular<br \/>\nlining: %35 Poliester, %65 Pamuk<\/p>\n","protected":false},"excerpt":{"rendered":"<p>LCW Kids \u0130ndigo K\u0131z \u00c7ocuk Jean Salopet size \u00f6zel indirim, taksit ve kap\u0131da \u00f6deme avantajlar\u0131yla LCW&#8217;de! Hemen online al\u0131\u015fveri\u015f yap, \u00fcr\u00fcn kap\u0131na gelsin! \u2013 S6KM24Z1-507 \u2014 Technical Details \u2014 material: Denim pattern: Bask\u0131l\u0131 thickness: Orta Kal\u0131nl\u0131k sleeve_length: Kolsuz fit: Standart &amp; Regular lining: %35 Poliester, %65 Pamuk<\/p>\n","protected":false},"featured_media":133817,"comment_status":"open","ping_status":"closed","template":"","meta":[],"product_brand":[],"product_cat":[8715,8694,8727],"product_tag":[10103,10108,8484,9207,10109],"class_list":{"0":"post-133829","1":"product","2":"type-product","3":"status-publish","4":"has-post-thumbnail","6":"product_cat-kiz-cocuklari-2-14-yas","7":"product_cat-cocuklar","8":"product_cat-pantolon","9":"product_tag-denim-overalls","10":"product_tag-girls-overalls-2","11":"product_tag-indigo-denim","12":"product_tag-kids-fashion-2","13":"product_tag-sleeveless-overalls","14":"pa_brand-lcw-kids","15":"pa_color-indigo","16":"pa_size-1-2-yas","17":"pa_size-2-3-yas","18":"pa_size-3-4-yas","19":"pa_size-4-5-yas","20":"pa_size-5-6-yas","21":"pa_size-6-7-yas","22":"pa_size-7-8-yas","24":"first","25":"instock","26":"sale","27":"shipping-taxable","28":"purchasable","29":"product-type-variable"},"_links":{"self":[{"href":"https:\/\/mod.wisdar.net\/tr\/wp-json\/wp\/v2\/product\/133829","targetHints":{"allow":["GET"]}}],"collection":[{"href":"https:\/\/mod.wisdar.net\/tr\/wp-json\/wp\/v2\/product"}],"about":[{"href":"https:\/\/mod.wisdar.net\/tr\/wp-json\/wp\/v2\/types\/product"}],"replies":[{"embeddable":true,"href":"https:\/\/mod.wisdar.net\/tr\/wp-json\/wp\/v2\/comments?post=133829"}],"wp:featuredmedia":[{"embeddable":true,"href":"https:\/\/mod.wisdar.net\/tr\/wp-json\/wp\/v2\/media\/133817"}],"wp:attachment":[{"href":"https:\/\/mod.wisdar.net\/tr\/wp-json\/wp\/v2\/media?parent=133829"}],"wp:term":[{"taxonomy":"product_brand","embeddable":true,"href":"https:\/\/mod.wisdar.net\/tr\/wp-json\/wp\/v2\/product_brand?post=133829"},{"taxonomy":"product_cat","embeddable":true,"href":"https:\/\/mod.wisdar.net\/tr\/wp-json\/wp\/v2\/product_cat?post=133829"},{"taxonomy":"product_tag","embeddable":true,"href":"https:\/\/mod.wisdar.net\/tr\/wp-json\/wp\/v2\/product_tag?post=133829"}],"curies":[{"name":"wp","href":"https:\/\/api.w.org\/{rel}","templated":true}]}}