{"id":134069,"date":"2026-02-20T10:05:45","date_gmt":"2026-02-20T10:05:45","guid":{"rendered":"https:\/\/modesthanim.com\/product\/turuncu-bisiklet-yaka-basic-erkek-bebek-atlet-2li\/"},"modified":"2026-04-14T04:00:47","modified_gmt":"2026-04-14T04:00:47","slug":"turuncu-bisiklet-yaka-basic-erkek-bebek-atlet-2li","status":"publish","type":"product","link":"https:\/\/mod.wisdar.net\/tr\/urun\/turuncu-bisiklet-yaka-basic-erkek-bebek-atlet-2li\/","title":{"rendered":"Turuncu Bisiklet Yaka Basic Erkek Bebek Atlet 2&#8217;li"},"content":{"rendered":"<p>LCW baby Turuncu Bisiklet Yaka Basic Erkek Bebek Atlet 2&#8217;li size \u00f6zel indirim, taksit ve kap\u0131da \u00f6deme avantajlar\u0131yla LCW&#8217;de! Hemen online al\u0131\u015fveri\u015f yap, \u00fcr\u00fcn kap\u0131na gelsin! \u2013 S5J796Z1-RZ6<\/p>\n<p>\u2014 Technical Details \u2014<br \/>\nMen\u015fei: Turk\u0131ye<br \/>\nSat\u0131c\u0131: LC Waikiki<br \/>\nMarka: LCW baby<br \/>\n\u00dcr\u00fcn Tipi: Atlet<br \/>\nCinsiyet: Erkek Bebek<br \/>\nKal\u0131p: Standart &amp; Regular<br \/>\nKuma\u015f: Penye<br \/>\nDesen: D\u00fcz<br \/>\nYaka: Bisiklet Yaka<br \/>\nPaket \u0130\u00e7eri\u011fi: 2&#8217;li Paket<br \/>\nMalzeme: %100 Pamuk<br \/>\nKol Boyu: Kolsuz<br \/>\nKoleksiyon: Yenido\u011fan<br \/>\nPar\u00e7a Say\u0131s\u0131: 2 Par\u00e7a<br \/>\nKal\u0131nl\u0131k: \u0130nce<\/p>\n","protected":false},"excerpt":{"rendered":"<p>LCW baby Turuncu Bisiklet Yaka Basic Erkek Bebek Atlet 2&#8217;li size \u00f6zel indirim, taksit ve kap\u0131da \u00f6deme avantajlar\u0131yla LCW&#8217;de! Hemen online al\u0131\u015fveri\u015f yap, \u00fcr\u00fcn kap\u0131na gelsin! \u2013 S5J796Z1-RZ6 \u2014 Technical Details \u2014 Men\u015fei: Turk\u0131ye Sat\u0131c\u0131: LC Waikiki Marka: LCW baby \u00dcr\u00fcn Tipi: Atlet Cinsiyet: Erkek Bebek Kal\u0131p: Standart &amp; Regular Kuma\u015f: Penye Desen: D\u00fcz Yaka: [&hellip;]<\/p>\n","protected":false},"featured_media":134060,"comment_status":"open","ping_status":"closed","template":"","meta":[],"product_brand":[],"product_cat":[8703,8694,8697],"product_tag":[4886,7700,7488],"class_list":{"0":"post-134069","1":"product","2":"type-product","3":"status-publish","4":"has-post-thumbnail","6":"product_cat-bebek-setleri","7":"product_cat-cocuklar","8":"product_cat-yenidogan-0-12-ay","9":"product_tag-basic","10":"product_tag-lc-waikiki","11":"product_tag-pamuk","12":"pa_brand-lcw-baby","13":"pa_color-turuncu","14":"pa_size-1-3-ay","15":"pa_size-12-18-ay","16":"pa_size-18-24-ay","17":"pa_size-2-3-yas","18":"pa_size-3-6-ay","19":"pa_size-6-9-ay","20":"pa_size-9-12-ay","22":"first","23":"instock","24":"sale","25":"shipping-taxable","26":"purchasable","27":"product-type-variable"},"_links":{"self":[{"href":"https:\/\/mod.wisdar.net\/tr\/wp-json\/wp\/v2\/product\/134069","targetHints":{"allow":["GET"]}}],"collection":[{"href":"https:\/\/mod.wisdar.net\/tr\/wp-json\/wp\/v2\/product"}],"about":[{"href":"https:\/\/mod.wisdar.net\/tr\/wp-json\/wp\/v2\/types\/product"}],"replies":[{"embeddable":true,"href":"https:\/\/mod.wisdar.net\/tr\/wp-json\/wp\/v2\/comments?post=134069"}],"wp:featuredmedia":[{"embeddable":true,"href":"https:\/\/mod.wisdar.net\/tr\/wp-json\/wp\/v2\/media\/134060"}],"wp:attachment":[{"href":"https:\/\/mod.wisdar.net\/tr\/wp-json\/wp\/v2\/media?parent=134069"}],"wp:term":[{"taxonomy":"product_brand","embeddable":true,"href":"https:\/\/mod.wisdar.net\/tr\/wp-json\/wp\/v2\/product_brand?post=134069"},{"taxonomy":"product_cat","embeddable":true,"href":"https:\/\/mod.wisdar.net\/tr\/wp-json\/wp\/v2\/product_cat?post=134069"},{"taxonomy":"product_tag","embeddable":true,"href":"https:\/\/mod.wisdar.net\/tr\/wp-json\/wp\/v2\/product_tag?post=134069"}],"curies":[{"name":"wp","href":"https:\/\/api.w.org\/{rel}","templated":true}]}}