{"id":134402,"date":"2026-02-20T10:10:24","date_gmt":"2026-02-20T10:10:24","guid":{"rendered":"https:\/\/modesthanim.com\/product\/indigo-beli-lastikli-kiz-cocuk-jean-sort\/"},"modified":"2026-04-15T21:51:48","modified_gmt":"2026-04-15T21:51:48","slug":"indigo-beli-lastikli-kiz-cocuk-jean-sort","status":"publish","type":"product","link":"https:\/\/mod.wisdar.net\/tr\/urun\/indigo-beli-lastikli-kiz-cocuk-jean-sort\/","title":{"rendered":"\u0130ndigo Beli Lastikli K\u0131z \u00c7ocuk Jean \u015eort"},"content":{"rendered":"<p>LCW ECO \u0130ndigo Beli Lastikli K\u0131z \u00c7ocuk Jean \u015eort size \u00f6zel indirim, taksit ve kap\u0131da \u00f6deme avantajlar\u0131yla LCW&#8217;de! Hemen online al\u0131\u015fveri\u015f yap, \u00fcr\u00fcn kap\u0131na gelsin! \u2013 S5LV28Z1-311<\/p>\n<p>\u2014 Technical Details \u2014<br \/>\nMen\u015fei: Turk\u0131ye<br \/>\nSat\u0131c\u0131: LC Waikiki<br \/>\nMarka: LCW ECO<br \/>\n\u00dcr\u00fcn Tipi: Jean \u015eort<br \/>\nCinsiyet: K\u0131z Bebek<br \/>\nKal\u0131p: Loose &amp; Bol<br \/>\nKuma\u015f: Denim<br \/>\nDesen: D\u00fcz<br \/>\nKal\u0131nl\u0131k: \u0130nce<br \/>\nMalzeme: Y\u00fcksek Pamuk \u0130\u00e7erir<br \/>\nBel Fiti: Beli Lastikli<\/p>\n","protected":false},"excerpt":{"rendered":"<p>LCW ECO \u0130ndigo Beli Lastikli K\u0131z \u00c7ocuk Jean \u015eort size \u00f6zel indirim, taksit ve kap\u0131da \u00f6deme avantajlar\u0131yla LCW&#8217;de! Hemen online al\u0131\u015fveri\u015f yap, \u00fcr\u00fcn kap\u0131na gelsin! \u2013 S5LV28Z1-311 \u2014 Technical Details \u2014 Men\u015fei: Turk\u0131ye Sat\u0131c\u0131: LC Waikiki Marka: LCW ECO \u00dcr\u00fcn Tipi: Jean \u015eort Cinsiyet: K\u0131z Bebek Kal\u0131p: Loose &amp; Bol Kuma\u015f: Denim Desen: D\u00fcz Kal\u0131nl\u0131k: [&hellip;]<\/p>\n","protected":false},"featured_media":134398,"comment_status":"open","ping_status":"closed","template":"","meta":[],"product_brand":[],"product_cat":[8715,8694,8727],"product_tag":[7426,6765],"class_list":{"0":"post-134402","1":"product","2":"type-product","3":"status-publish","4":"has-post-thumbnail","6":"product_cat-kiz-cocuklari-2-14-yas","7":"product_cat-cocuklar","8":"product_cat-pantolon","9":"product_tag-gunluk-giyim-3","10":"product_tag-lastikli-bel","11":"pa_brand-lcw-eco","12":"pa_color-indigo","13":"pa_size-12-18-ay","14":"pa_size-18-24-ay","15":"pa_size-2-3-yas","16":"pa_size-3-4-yas","17":"pa_size-4-5-yas","18":"pa_size-5-6-yas","19":"pa_size-9-12-ay","21":"first","22":"instock","23":"sale","24":"shipping-taxable","25":"purchasable","26":"product-type-variable"},"_links":{"self":[{"href":"https:\/\/mod.wisdar.net\/tr\/wp-json\/wp\/v2\/product\/134402","targetHints":{"allow":["GET"]}}],"collection":[{"href":"https:\/\/mod.wisdar.net\/tr\/wp-json\/wp\/v2\/product"}],"about":[{"href":"https:\/\/mod.wisdar.net\/tr\/wp-json\/wp\/v2\/types\/product"}],"replies":[{"embeddable":true,"href":"https:\/\/mod.wisdar.net\/tr\/wp-json\/wp\/v2\/comments?post=134402"}],"wp:featuredmedia":[{"embeddable":true,"href":"https:\/\/mod.wisdar.net\/tr\/wp-json\/wp\/v2\/media\/134398"}],"wp:attachment":[{"href":"https:\/\/mod.wisdar.net\/tr\/wp-json\/wp\/v2\/media?parent=134402"}],"wp:term":[{"taxonomy":"product_brand","embeddable":true,"href":"https:\/\/mod.wisdar.net\/tr\/wp-json\/wp\/v2\/product_brand?post=134402"},{"taxonomy":"product_cat","embeddable":true,"href":"https:\/\/mod.wisdar.net\/tr\/wp-json\/wp\/v2\/product_cat?post=134402"},{"taxonomy":"product_tag","embeddable":true,"href":"https:\/\/mod.wisdar.net\/tr\/wp-json\/wp\/v2\/product_tag?post=134402"}],"curies":[{"name":"wp","href":"https:\/\/api.w.org\/{rel}","templated":true}]}}