{"id":134577,"date":"2026-02-20T10:11:57","date_gmt":"2026-02-20T10:11:57","guid":{"rendered":"https:\/\/modesthanim.com\/product\/bej-beli-lastikli-basic-erkek-bebek-pantolon\/"},"modified":"2026-04-14T06:02:08","modified_gmt":"2026-04-14T06:02:08","slug":"bej-beli-lastikli-basic-erkek-bebek-pantolon","status":"publish","type":"product","link":"https:\/\/mod.wisdar.net\/tr\/urun\/bej-beli-lastikli-basic-erkek-bebek-pantolon\/","title":{"rendered":"Bej Beli Lastikli Basic Erkek Bebek Pantolon"},"content":{"rendered":"<p>LCW baby Bej Beli Lastikli Basic Erkek Bebek Pantolon, size \u00f6zel indirim, taksit ve kap\u0131da \u00f6deme avantajlar\u0131yla LCW&#8217;de! Hemen online al\u0131\u015fveri\u015f yap, \u00fcr\u00fcn kap\u0131na gelsin! \u2013 S55424Z1-JSA<\/p>\n<p>\u2014 Teknik Detaylar \u2014<br \/>\nKal\u0131p: Standart &amp; Regular<br \/>\nKuma\u015f: Penye<br \/>\nBel Fiti: Beli Lastikli<br \/>\nDesen: D\u00fcz<br \/>\nMalzeme: %100 Pamuk<\/p>\n","protected":false},"excerpt":{"rendered":"<p>LCW baby Bej Beli Lastikli Basic Erkek Bebek Pantolon, size \u00f6zel indirim, taksit ve kap\u0131da \u00f6deme avantajlar\u0131yla LCW&#8217;de! Hemen online al\u0131\u015fveri\u015f yap, \u00fcr\u00fcn kap\u0131na gelsin! \u2013 S55424Z1-JSA \u2014 Teknik Detaylar \u2014 Kal\u0131p: Standart &amp; Regular Kuma\u015f: Penye Bel Fiti: Beli Lastikli Desen: D\u00fcz Malzeme: %100 Pamuk<\/p>\n","protected":false},"featured_media":134574,"comment_status":"open","ping_status":"closed","template":"","meta":[],"product_brand":[],"product_cat":[8694,8697,8700],"product_tag":[4994,4995,4996],"class_list":{"0":"post-134577","1":"product","2":"type-product","3":"status-publish","4":"has-post-thumbnail","6":"product_cat-cocuklar","7":"product_cat-yenidogan-0-12-ay","8":"product_cat-yenidogan-giyim","9":"product_tag-keyword1","10":"product_tag-keyword2","11":"product_tag-keyword3","12":"pa_brand-lcw-baby","13":"pa_color-bej","14":"pa_size-1-3-ay","15":"pa_size-12-18-ay","16":"pa_size-18-24-ay","17":"pa_size-2-3-yas","18":"pa_size-3-6-ay","19":"pa_size-6-9-ay","20":"pa_size-9-12-ay","22":"first","23":"instock","24":"sale","25":"shipping-taxable","26":"purchasable","27":"product-type-variable"},"_links":{"self":[{"href":"https:\/\/mod.wisdar.net\/tr\/wp-json\/wp\/v2\/product\/134577","targetHints":{"allow":["GET"]}}],"collection":[{"href":"https:\/\/mod.wisdar.net\/tr\/wp-json\/wp\/v2\/product"}],"about":[{"href":"https:\/\/mod.wisdar.net\/tr\/wp-json\/wp\/v2\/types\/product"}],"replies":[{"embeddable":true,"href":"https:\/\/mod.wisdar.net\/tr\/wp-json\/wp\/v2\/comments?post=134577"}],"wp:featuredmedia":[{"embeddable":true,"href":"https:\/\/mod.wisdar.net\/tr\/wp-json\/wp\/v2\/media\/134574"}],"wp:attachment":[{"href":"https:\/\/mod.wisdar.net\/tr\/wp-json\/wp\/v2\/media?parent=134577"}],"wp:term":[{"taxonomy":"product_brand","embeddable":true,"href":"https:\/\/mod.wisdar.net\/tr\/wp-json\/wp\/v2\/product_brand?post=134577"},{"taxonomy":"product_cat","embeddable":true,"href":"https:\/\/mod.wisdar.net\/tr\/wp-json\/wp\/v2\/product_cat?post=134577"},{"taxonomy":"product_tag","embeddable":true,"href":"https:\/\/mod.wisdar.net\/tr\/wp-json\/wp\/v2\/product_tag?post=134577"}],"curies":[{"name":"wp","href":"https:\/\/api.w.org\/{rel}","templated":true}]}}