{"id":134643,"date":"2026-02-20T10:12:29","date_gmt":"2026-02-20T10:12:29","guid":{"rendered":"https:\/\/modesthanim.com\/product\/bej-beli-lastikli-kiz-bebek-pantolon\/"},"modified":"2026-04-07T06:00:40","modified_gmt":"2026-04-07T06:00:40","slug":"bej-beli-lastikli-kiz-bebek-pantolon","status":"publish","type":"product","link":"https:\/\/mod.wisdar.net\/tr\/urun\/bej-beli-lastikli-kiz-bebek-pantolon\/","title":{"rendered":"Bej Beli Lastikli K\u0131z Bebek Pantolon"},"content":{"rendered":"<p>LCW baby Bej Beli Lastikli K\u0131z Bebek Pantolon size \u00f6zel indirim, taksit ve kap\u0131da \u00f6deme avantajlar\u0131yla LCW&#8217;de! Hemen online al\u0131\u015fveri\u015f yap, \u00fcr\u00fcn kap\u0131na gelsin! \u2013 S66356Z1-YDJ<\/p>\n<p>\u2014 Technical Details \u2014<br \/>\nKuma\u015f: Gabardin<br \/>\nBel Fiti: Beli Lastikli<br \/>\nDesen: D\u00fcz<br \/>\nPa\u00e7a Fiti: D\u00fcz Pa\u00e7a<br \/>\nKal\u0131p: Standart &amp; Regular<\/p>\n","protected":false},"excerpt":{"rendered":"<p>LCW baby Bej Beli Lastikli K\u0131z Bebek Pantolon size \u00f6zel indirim, taksit ve kap\u0131da \u00f6deme avantajlar\u0131yla LCW&#8217;de! Hemen online al\u0131\u015fveri\u015f yap, \u00fcr\u00fcn kap\u0131na gelsin! \u2013 S66356Z1-YDJ \u2014 Technical Details \u2014 Kuma\u015f: Gabardin Bel Fiti: Beli Lastikli Desen: D\u00fcz Pa\u00e7a Fiti: D\u00fcz Pa\u00e7a Kal\u0131p: Standart &amp; Regular<\/p>\n","protected":false},"featured_media":134641,"comment_status":"open","ping_status":"closed","template":"","meta":[],"product_brand":[],"product_cat":[8694,8697,8700],"product_tag":[6753,6765],"class_list":{"0":"post-134643","1":"product","2":"type-product","3":"status-publish","4":"has-post-thumbnail","6":"product_cat-cocuklar","7":"product_cat-yenidogan-0-12-ay","8":"product_cat-yenidogan-giyim","9":"product_tag-bej","10":"product_tag-lastikli-bel","11":"pa_brand-lcw-baby","12":"pa_color-bej","13":"pa_size-12-18-ay","14":"pa_size-18-24-ay","15":"pa_size-2-3-yas","16":"pa_size-3-4-yas","17":"pa_size-6-9-ay","18":"pa_size-9-12-ay","20":"first","21":"instock","22":"sale","23":"shipping-taxable","24":"purchasable","25":"product-type-variable"},"_links":{"self":[{"href":"https:\/\/mod.wisdar.net\/tr\/wp-json\/wp\/v2\/product\/134643","targetHints":{"allow":["GET"]}}],"collection":[{"href":"https:\/\/mod.wisdar.net\/tr\/wp-json\/wp\/v2\/product"}],"about":[{"href":"https:\/\/mod.wisdar.net\/tr\/wp-json\/wp\/v2\/types\/product"}],"replies":[{"embeddable":true,"href":"https:\/\/mod.wisdar.net\/tr\/wp-json\/wp\/v2\/comments?post=134643"}],"wp:featuredmedia":[{"embeddable":true,"href":"https:\/\/mod.wisdar.net\/tr\/wp-json\/wp\/v2\/media\/134641"}],"wp:attachment":[{"href":"https:\/\/mod.wisdar.net\/tr\/wp-json\/wp\/v2\/media?parent=134643"}],"wp:term":[{"taxonomy":"product_brand","embeddable":true,"href":"https:\/\/mod.wisdar.net\/tr\/wp-json\/wp\/v2\/product_brand?post=134643"},{"taxonomy":"product_cat","embeddable":true,"href":"https:\/\/mod.wisdar.net\/tr\/wp-json\/wp\/v2\/product_cat?post=134643"},{"taxonomy":"product_tag","embeddable":true,"href":"https:\/\/mod.wisdar.net\/tr\/wp-json\/wp\/v2\/product_tag?post=134643"}],"curies":[{"name":"wp","href":"https:\/\/api.w.org\/{rel}","templated":true}]}}