{"id":134778,"date":"2026-02-20T10:13:36","date_gmt":"2026-02-20T10:13:36","guid":{"rendered":"https:\/\/modesthanim.com\/product\/mavi-bisiklet-yaka-basic-erkek-bebek-atlet-2li\/"},"modified":"2026-04-14T06:11:41","modified_gmt":"2026-04-14T06:11:41","slug":"mavi-bisiklet-yaka-basic-erkek-bebek-atlet-2li","status":"publish","type":"product","link":"https:\/\/mod.wisdar.net\/tr\/urun\/mavi-bisiklet-yaka-basic-erkek-bebek-atlet-2li\/","title":{"rendered":"Mavi Bisiklet Yaka Basic Erkek Bebek Atlet 2&#8217;li"},"content":{"rendered":"<p>LCW baby Mavi Bisiklet Yaka Basic Erkek Bebek Atlet 2&#8217;li size \u00f6zel indirim, taksit ve kap\u0131da \u00f6deme avantajlar\u0131yla LCW&#8217;de! Hemen online al\u0131\u015fveri\u015f yap, \u00fcr\u00fcn kap\u0131na gelsin! \u2013 S5RC05Z1-UCV<\/p>\n<p>\u2014 Technical Details \u2014<br \/>\nMen\u015fei: Turk\u0131ye<br \/>\nSat\u0131c\u0131: LC Waikiki<br \/>\nMarka: LCW baby<br \/>\n\u00dcr\u00fcn Tipi: Atlet<br \/>\nCinsiyet: Erkek Bebek<br \/>\nKal\u0131p: Standart &amp; Regular<br \/>\nDesen: D\u00fcz<br \/>\nYaka: Bisiklet Yaka<br \/>\nPaket \u0130\u00e7eri\u011fi: 2&#8217;li Paket<br \/>\nMalzeme: %100 Pamuk<br \/>\nKol Boyu: Kolsuz<br \/>\nPar\u00e7a Say\u0131s\u0131: 2 Par\u00e7a<\/p>\n","protected":false},"excerpt":{"rendered":"<p>LCW baby Mavi Bisiklet Yaka Basic Erkek Bebek Atlet 2&#8217;li size \u00f6zel indirim, taksit ve kap\u0131da \u00f6deme avantajlar\u0131yla LCW&#8217;de! Hemen online al\u0131\u015fveri\u015f yap, \u00fcr\u00fcn kap\u0131na gelsin! \u2013 S5RC05Z1-UCV \u2014 Technical Details \u2014 Men\u015fei: Turk\u0131ye Sat\u0131c\u0131: LC Waikiki Marka: LCW baby \u00dcr\u00fcn Tipi: Atlet Cinsiyet: Erkek Bebek Kal\u0131p: Standart &amp; Regular Desen: D\u00fcz Yaka: Bisiklet Yaka [&hellip;]<\/p>\n","protected":false},"featured_media":134772,"comment_status":"open","ping_status":"closed","template":"","meta":[],"product_brand":[],"product_cat":[8694,8697,8700],"product_tag":[],"class_list":{"0":"post-134778","1":"product","2":"type-product","3":"status-publish","4":"has-post-thumbnail","6":"product_cat-cocuklar","7":"product_cat-yenidogan-0-12-ay","8":"product_cat-yenidogan-giyim","9":"pa_brand-lcw-baby","10":"pa_color-mat-mavi","11":"pa_size-12-18-ay","12":"pa_size-18-24-ay","13":"pa_size-2-3-yas","14":"pa_size-3-4-yas","15":"pa_size-3-6-ay","16":"pa_size-6-9-ay","17":"pa_size-9-12-ay","19":"first","20":"instock","21":"sale","22":"shipping-taxable","23":"purchasable","24":"product-type-variable"},"_links":{"self":[{"href":"https:\/\/mod.wisdar.net\/tr\/wp-json\/wp\/v2\/product\/134778","targetHints":{"allow":["GET"]}}],"collection":[{"href":"https:\/\/mod.wisdar.net\/tr\/wp-json\/wp\/v2\/product"}],"about":[{"href":"https:\/\/mod.wisdar.net\/tr\/wp-json\/wp\/v2\/types\/product"}],"replies":[{"embeddable":true,"href":"https:\/\/mod.wisdar.net\/tr\/wp-json\/wp\/v2\/comments?post=134778"}],"wp:featuredmedia":[{"embeddable":true,"href":"https:\/\/mod.wisdar.net\/tr\/wp-json\/wp\/v2\/media\/134772"}],"wp:attachment":[{"href":"https:\/\/mod.wisdar.net\/tr\/wp-json\/wp\/v2\/media?parent=134778"}],"wp:term":[{"taxonomy":"product_brand","embeddable":true,"href":"https:\/\/mod.wisdar.net\/tr\/wp-json\/wp\/v2\/product_brand?post=134778"},{"taxonomy":"product_cat","embeddable":true,"href":"https:\/\/mod.wisdar.net\/tr\/wp-json\/wp\/v2\/product_cat?post=134778"},{"taxonomy":"product_tag","embeddable":true,"href":"https:\/\/mod.wisdar.net\/tr\/wp-json\/wp\/v2\/product_tag?post=134778"}],"curies":[{"name":"wp","href":"https:\/\/api.w.org\/{rel}","templated":true}]}}